{"id":82,"date":"2016-05-14T15:32:33","date_gmt":"2016-05-14T13:32:33","guid":{"rendered":"http:\/\/abcd.abuledu.org\/abel-et-bellina\/?page_id=82"},"modified":"2018-01-16T18:41:16","modified_gmt":"2018-01-16T17:41:16","slug":"ressources-complementaires","status":"publish","type":"page","link":"http:\/\/abcd.abuledu.org\/abel-et-bellina\/ressources-complementaires\/","title":{"rendered":"Ressources compl\u00e9mentaires"},"content":{"rendered":"<h3><span style=\"color: #008000\">Fichiers images et textes bruts sur abul\u00e9du-data : <a href=\"http:\/\/data.abuledu.org\/wp\/?categ=&amp;terms=abel+et+bellina\">cliquer ici pour acc\u00e9der aux ressources<\/a><br \/>\n<\/span><\/h3>\n<p><img loading=\"lazy\" class=\"aligncenter wp-image-83 size-full\" src=\"http:\/\/abcd.abuledu.org\/abel-et-bellina\/wp-content\/uploads\/sites\/13\/2016\/05\/abel-data.png\" alt=\"abel-data\" width=\"1016\" height=\"768\" srcset=\"http:\/\/abcd.abuledu.org\/abel-et-bellina\/wp-content\/uploads\/sites\/13\/2016\/05\/abel-data.png 1016w, http:\/\/abcd.abuledu.org\/abel-et-bellina\/wp-content\/uploads\/sites\/13\/2016\/05\/abel-data-300x227.png 300w, http:\/\/abcd.abuledu.org\/abel-et-bellina\/wp-content\/uploads\/sites\/13\/2016\/05\/abel-data-768x581.png 768w\" sizes=\"(max-width: 709px) 85vw, (max-width: 909px) 67vw, (max-width: 1362px) 62vw, 840px\" \/><\/p>\n<h3><span style=\"color: #000080\">Enregistrements sur raconte-moi : <a href=\"http:\/\/raconte-moi.abuledu.org\/w\/tag\/odysseus\">cliquer ici pour acc\u00e9der \u00e0 la plateforme<\/a><br \/>\n<\/span><\/h3>\n<p><img loading=\"lazy\" class=\"aligncenter wp-image-84 size-large\" src=\"http:\/\/abcd.abuledu.org\/abel-et-bellina\/wp-content\/uploads\/sites\/13\/2016\/05\/abel-racontemoi-1024x506.png\" alt=\"abel-racontemoi\" width=\"840\" height=\"415\" srcset=\"http:\/\/abcd.abuledu.org\/abel-et-bellina\/wp-content\/uploads\/sites\/13\/2016\/05\/abel-racontemoi-1024x506.png 1024w, http:\/\/abcd.abuledu.org\/abel-et-bellina\/wp-content\/uploads\/sites\/13\/2016\/05\/abel-racontemoi-300x148.png 300w, http:\/\/abcd.abuledu.org\/abel-et-bellina\/wp-content\/uploads\/sites\/13\/2016\/05\/abel-racontemoi-768x379.png 768w, http:\/\/abcd.abuledu.org\/abel-et-bellina\/wp-content\/uploads\/sites\/13\/2016\/05\/abel-racontemoi-1200x592.png 1200w, http:\/\/abcd.abuledu.org\/abel-et-bellina\/wp-content\/uploads\/sites\/13\/2016\/05\/abel-racontemoi.png 1351w\" sizes=\"(max-width: 709px) 85vw, (max-width: 909px) 67vw, (max-width: 1362px) 62vw, 840px\" \/><\/p>\n<h3><span style=\"color: #800080\">Pistes pour mise en sc\u00e8ne \u00e0 trois voix \u00e0 la demande d&rsquo;une enseignante de CM2 pour Activit\u00e9s P\u00e9dagogiques Compl\u00e9mentaires : <a href=\"http:\/\/abuledu-fr.org\/didascalies-pour-abel-bellina\">DIDASCALIES<\/a><\/span><\/h3>\n<figure id=\"attachment_92\" aria-describedby=\"caption-attachment-92\" style=\"width: 840px\" class=\"wp-caption aligncenter\"><img loading=\"lazy\" class=\"wp-image-92 size-large\" src=\"http:\/\/abcd.abuledu.org\/abel-et-bellina\/wp-content\/uploads\/sites\/13\/2016\/05\/apcjeudi-1024x765.jpg\" alt=\"apcjeudi\" width=\"840\" height=\"628\" srcset=\"http:\/\/abcd.abuledu.org\/abel-et-bellina\/wp-content\/uploads\/sites\/13\/2016\/05\/apcjeudi-1024x765.jpg 1024w, http:\/\/abcd.abuledu.org\/abel-et-bellina\/wp-content\/uploads\/sites\/13\/2016\/05\/apcjeudi-300x224.jpg 300w, http:\/\/abcd.abuledu.org\/abel-et-bellina\/wp-content\/uploads\/sites\/13\/2016\/05\/apcjeudi-768x574.jpg 768w, http:\/\/abcd.abuledu.org\/abel-et-bellina\/wp-content\/uploads\/sites\/13\/2016\/05\/apcjeudi-1200x896.jpg 1200w, http:\/\/abcd.abuledu.org\/abel-et-bellina\/wp-content\/uploads\/sites\/13\/2016\/05\/apcjeudi.jpg 1280w\" sizes=\"(max-width: 709px) 85vw, (max-width: 909px) 67vw, (max-width: 1362px) 62vw, 840px\" \/><figcaption id=\"caption-attachment-92\" class=\"wp-caption-text\">Clich\u00e9 Sofig &#8211; APC jeudi.<\/figcaption><\/figure>\n<p><img loading=\"lazy\" class=\"aligncenter wp-image-85 size-large\" src=\"http:\/\/abcd.abuledu.org\/abel-et-bellina\/wp-content\/uploads\/sites\/13\/2016\/05\/script-cabane-1024x591.png\" alt=\"script-cabane\" width=\"840\" height=\"485\" srcset=\"http:\/\/abcd.abuledu.org\/abel-et-bellina\/wp-content\/uploads\/sites\/13\/2016\/05\/script-cabane-1024x591.png 1024w, http:\/\/abcd.abuledu.org\/abel-et-bellina\/wp-content\/uploads\/sites\/13\/2016\/05\/script-cabane-300x173.png 300w, http:\/\/abcd.abuledu.org\/abel-et-bellina\/wp-content\/uploads\/sites\/13\/2016\/05\/script-cabane-768x443.png 768w, http:\/\/abcd.abuledu.org\/abel-et-bellina\/wp-content\/uploads\/sites\/13\/2016\/05\/script-cabane.png 1071w\" sizes=\"(max-width: 709px) 85vw, (max-width: 909px) 67vw, (max-width: 1362px) 62vw, 840px\" \/><img loading=\"lazy\" class=\"aligncenter wp-image-86 size-large\" src=\"http:\/\/abcd.abuledu.org\/abel-et-bellina\/wp-content\/uploads\/sites\/13\/2016\/05\/script-fleur-1024x659.png\" alt=\"script-fleur\" width=\"840\" height=\"541\" srcset=\"http:\/\/abcd.abuledu.org\/abel-et-bellina\/wp-content\/uploads\/sites\/13\/2016\/05\/script-fleur-1024x659.png 1024w, http:\/\/abcd.abuledu.org\/abel-et-bellina\/wp-content\/uploads\/sites\/13\/2016\/05\/script-fleur-300x193.png 300w, http:\/\/abcd.abuledu.org\/abel-et-bellina\/wp-content\/uploads\/sites\/13\/2016\/05\/script-fleur-768x494.png 768w, http:\/\/abcd.abuledu.org\/abel-et-bellina\/wp-content\/uploads\/sites\/13\/2016\/05\/script-fleur.png 1066w\" sizes=\"(max-width: 709px) 85vw, (max-width: 909px) 67vw, (max-width: 1362px) 62vw, 840px\" \/><img loading=\"lazy\" class=\"aligncenter wp-image-87 size-large\" src=\"http:\/\/abcd.abuledu.org\/abel-et-bellina\/wp-content\/uploads\/sites\/13\/2016\/05\/script-halloween-1024x684.png\" alt=\"script-halloween\" width=\"840\" height=\"561\" srcset=\"http:\/\/abcd.abuledu.org\/abel-et-bellina\/wp-content\/uploads\/sites\/13\/2016\/05\/script-halloween-1024x684.png 1024w, http:\/\/abcd.abuledu.org\/abel-et-bellina\/wp-content\/uploads\/sites\/13\/2016\/05\/script-halloween-300x200.png 300w, http:\/\/abcd.abuledu.org\/abel-et-bellina\/wp-content\/uploads\/sites\/13\/2016\/05\/script-halloween-768x513.png 768w, http:\/\/abcd.abuledu.org\/abel-et-bellina\/wp-content\/uploads\/sites\/13\/2016\/05\/script-halloween.png 1068w\" sizes=\"(max-width: 709px) 85vw, (max-width: 909px) 67vw, (max-width: 1362px) 62vw, 840px\" \/><img loading=\"lazy\" class=\"aligncenter wp-image-88 size-large\" src=\"http:\/\/abcd.abuledu.org\/abel-et-bellina\/wp-content\/uploads\/sites\/13\/2016\/05\/script-neige-1024x437.png\" alt=\"script-neige\" width=\"840\" height=\"358\" srcset=\"http:\/\/abcd.abuledu.org\/abel-et-bellina\/wp-content\/uploads\/sites\/13\/2016\/05\/script-neige-1024x437.png 1024w, http:\/\/abcd.abuledu.org\/abel-et-bellina\/wp-content\/uploads\/sites\/13\/2016\/05\/script-neige-300x128.png 300w, http:\/\/abcd.abuledu.org\/abel-et-bellina\/wp-content\/uploads\/sites\/13\/2016\/05\/script-neige-768x328.png 768w, http:\/\/abcd.abuledu.org\/abel-et-bellina\/wp-content\/uploads\/sites\/13\/2016\/05\/script-neige.png 1064w\" sizes=\"(max-width: 709px) 85vw, (max-width: 909px) 67vw, (max-width: 1362px) 62vw, 840px\" \/><img loading=\"lazy\" class=\"aligncenter wp-image-89 size-large\" src=\"http:\/\/abcd.abuledu.org\/abel-et-bellina\/wp-content\/uploads\/sites\/13\/2016\/05\/script-t\u00e9l\u00e9-1024x648.png\" alt=\"script-t\u00e9l\u00e9\" width=\"840\" height=\"532\" srcset=\"http:\/\/abcd.abuledu.org\/abel-et-bellina\/wp-content\/uploads\/sites\/13\/2016\/05\/script-t\u00e9l\u00e9-1024x648.png 1024w, http:\/\/abcd.abuledu.org\/abel-et-bellina\/wp-content\/uploads\/sites\/13\/2016\/05\/script-t\u00e9l\u00e9-300x190.png 300w, http:\/\/abcd.abuledu.org\/abel-et-bellina\/wp-content\/uploads\/sites\/13\/2016\/05\/script-t\u00e9l\u00e9-768x486.png 768w, http:\/\/abcd.abuledu.org\/abel-et-bellina\/wp-content\/uploads\/sites\/13\/2016\/05\/script-t\u00e9l\u00e9.png 1068w\" sizes=\"(max-width: 709px) 85vw, (max-width: 909px) 67vw, (max-width: 1362px) 62vw, 840px\" \/><\/p>\n<h3><span style=\"color: #ff6600\">Module pour le logiciel Images S\u00e9quentielles :<\/span><\/h3>\n<p><img loading=\"lazy\" class=\"aligncenter wp-image-95 size-full\" src=\"http:\/\/abcd.abuledu.org\/abel-et-bellina\/wp-content\/uploads\/sites\/13\/2016\/05\/imjseq-1.png\" alt=\"imjseq-1\" width=\"685\" height=\"670\" srcset=\"http:\/\/abcd.abuledu.org\/abel-et-bellina\/wp-content\/uploads\/sites\/13\/2016\/05\/imjseq-1.png 685w, http:\/\/abcd.abuledu.org\/abel-et-bellina\/wp-content\/uploads\/sites\/13\/2016\/05\/imjseq-1-300x293.png 300w\" sizes=\"(max-width: 685px) 85vw, 685px\" \/><img loading=\"lazy\" class=\"aligncenter wp-image-96 size-full\" src=\"http:\/\/abcd.abuledu.org\/abel-et-bellina\/wp-content\/uploads\/sites\/13\/2016\/05\/imjseq2.png\" alt=\"imjseq2\" width=\"669\" height=\"495\" srcset=\"http:\/\/abcd.abuledu.org\/abel-et-bellina\/wp-content\/uploads\/sites\/13\/2016\/05\/imjseq2.png 669w, http:\/\/abcd.abuledu.org\/abel-et-bellina\/wp-content\/uploads\/sites\/13\/2016\/05\/imjseq2-300x222.png 300w\" sizes=\"(max-width: 669px) 85vw, 669px\" \/><img loading=\"lazy\" class=\"aligncenter wp-image-97 size-full\" src=\"http:\/\/abcd.abuledu.org\/abel-et-bellina\/wp-content\/uploads\/sites\/13\/2016\/05\/imjseq3.png\" alt=\"imjseq3\" width=\"662\" height=\"604\" srcset=\"http:\/\/abcd.abuledu.org\/abel-et-bellina\/wp-content\/uploads\/sites\/13\/2016\/05\/imjseq3.png 662w, http:\/\/abcd.abuledu.org\/abel-et-bellina\/wp-content\/uploads\/sites\/13\/2016\/05\/imjseq3-300x274.png 300w\" sizes=\"(max-width: 662px) 85vw, 662px\" \/><\/p>\n<p>Traduction en anglais de la huiti\u00e8me sc\u00e9nette : <a href=\"http:\/\/abcd.abuledu.org\/abel-et-bellina\/wp-content\/uploads\/sites\/13\/2016\/05\/2018-abelbellina-8-en.pdf\">2018-abel&amp;bellina-8-en<\/a><\/p>\n<p><strong><span style=\"color: #800080\">Odysseus generator d\u00e9velopp\u00e9 par Cyrille Largillier<\/span><\/strong>.<\/p>\n<p><img loading=\"lazy\" class=\"aligncenter size-large wp-image-110\" src=\"http:\/\/abcd.abuledu.org\/abel-et-bellina\/wp-content\/uploads\/sites\/13\/2016\/05\/2018-01-16_gardening-1024x473.jpg\" alt=\"\" width=\"840\" height=\"388\" srcset=\"http:\/\/abcd.abuledu.org\/abel-et-bellina\/wp-content\/uploads\/sites\/13\/2016\/05\/2018-01-16_gardening-1024x473.jpg 1024w, http:\/\/abcd.abuledu.org\/abel-et-bellina\/wp-content\/uploads\/sites\/13\/2016\/05\/2018-01-16_gardening-300x139.jpg 300w, http:\/\/abcd.abuledu.org\/abel-et-bellina\/wp-content\/uploads\/sites\/13\/2016\/05\/2018-01-16_gardening-768x355.jpg 768w, http:\/\/abcd.abuledu.org\/abel-et-bellina\/wp-content\/uploads\/sites\/13\/2016\/05\/2018-01-16_gardening-1200x554.jpg 1200w, http:\/\/abcd.abuledu.org\/abel-et-bellina\/wp-content\/uploads\/sites\/13\/2016\/05\/2018-01-16_gardening.jpg 1286w\" sizes=\"(max-width: 709px) 85vw, (max-width: 909px) 67vw, (max-width: 1362px) 62vw, 840px\" \/><\/p>\n","protected":false},"excerpt":{"rendered":"<p>Fichiers images et textes bruts sur abul\u00e9du-data : cliquer ici pour acc\u00e9der aux ressources Enregistrements sur raconte-moi : cliquer ici pour acc\u00e9der \u00e0 la plateforme Pistes pour mise en sc\u00e8ne \u00e0 trois voix \u00e0 la demande d&rsquo;une enseignante de CM2 pour Activit\u00e9s P\u00e9dagogiques Compl\u00e9mentaires : DIDASCALIES Module pour le logiciel Images S\u00e9quentielles : Traduction en &hellip; <a href=\"http:\/\/abcd.abuledu.org\/abel-et-bellina\/ressources-complementaires\/\" class=\"more-link\">Continuer la lecture<span class=\"screen-reader-text\"> de &laquo;&nbsp;Ressources compl\u00e9mentaires&nbsp;&raquo;<\/span><\/a><\/p>\n","protected":false},"author":9,"featured_media":0,"parent":0,"menu_order":0,"comment_status":"closed","ping_status":"closed","template":"","meta":[],"categories":[],"_links":{"self":[{"href":"http:\/\/abcd.abuledu.org\/abel-et-bellina\/wp-json\/wp\/v2\/pages\/82"}],"collection":[{"href":"http:\/\/abcd.abuledu.org\/abel-et-bellina\/wp-json\/wp\/v2\/pages"}],"about":[{"href":"http:\/\/abcd.abuledu.org\/abel-et-bellina\/wp-json\/wp\/v2\/types\/page"}],"author":[{"embeddable":true,"href":"http:\/\/abcd.abuledu.org\/abel-et-bellina\/wp-json\/wp\/v2\/users\/9"}],"replies":[{"embeddable":true,"href":"http:\/\/abcd.abuledu.org\/abel-et-bellina\/wp-json\/wp\/v2\/comments?post=82"}],"version-history":[{"count":9,"href":"http:\/\/abcd.abuledu.org\/abel-et-bellina\/wp-json\/wp\/v2\/pages\/82\/revisions"}],"predecessor-version":[{"id":111,"href":"http:\/\/abcd.abuledu.org\/abel-et-bellina\/wp-json\/wp\/v2\/pages\/82\/revisions\/111"}],"wp:attachment":[{"href":"http:\/\/abcd.abuledu.org\/abel-et-bellina\/wp-json\/wp\/v2\/media?parent=82"}],"wp:term":[{"taxonomy":"category","embeddable":true,"href":"http:\/\/abcd.abuledu.org\/abel-et-bellina\/wp-json\/wp\/v2\/categories?post=82"}],"curies":[{"name":"wp","href":"https:\/\/api.w.org\/{rel}","templated":true}]}}