{"id":123,"date":"2016-04-19T15:44:55","date_gmt":"2016-04-19T13:44:55","guid":{"rendered":"http:\/\/abcd.abuledu.org\/balade-dans-le-cyber-espace\/?page_id=123"},"modified":"2016-04-20T16:46:35","modified_gmt":"2016-04-20T14:46:35","slug":"a-propos","status":"publish","type":"page","link":"http:\/\/abcd.abuledu.org\/balade-dans-le-cyber-espace\/a-propos\/","title":{"rendered":"\u00c0 propos"},"content":{"rendered":"<p>Ce site a l&rsquo;ambition de sensibiliser les \u00e9l\u00e8ves du primaire aux r\u00e8gles d&rsquo;utilisation d&rsquo;Internet et plus g\u00e9n\u00e9ralement de l&rsquo;informatique \u00e0 l&rsquo;\u00e9cole. Le choix d&rsquo;une pr\u00e9sentation fa\u00e7on BD nous a sembl\u00e9 \u00e9vident pour rendre plus ludique cette initiation qui peut para\u00eetre aust\u00e8re aux yeux d&rsquo;un enfant.<br \/>\nRetrouvez \u00ab\u00a0Balade dans le cyber espace\u00a0\u00bb sur support papier dans la rubrique ressources de ce site.<\/p>\n<p><a href=\"https:\/\/creativecommons.org\/licenses\/by-sa\/2.0\/fr\/\" target=\"_blank\"><img loading=\"lazy\" class=\"alignnone size-medium wp-image-124 gauche\" style=\"margin: 5px 0 0;\" src=\"http:\/\/abcd.abuledu.org\/balade-dans-le-cyber-espace\/wp-content\/uploads\/sites\/8\/2016\/04\/cc-by-sa-300x110.png\" alt=\"cc-by-sa\" width=\"100\" height=\"37\" srcset=\"http:\/\/abcd.abuledu.org\/balade-dans-le-cyber-espace\/wp-content\/uploads\/sites\/8\/2016\/04\/cc-by-sa-300x110.png 300w, http:\/\/abcd.abuledu.org\/balade-dans-le-cyber-espace\/wp-content\/uploads\/sites\/8\/2016\/04\/cc-by-sa.png 491w\" sizes=\"(max-width: 100px) 85vw, 100px\" \/><\/a><small>Textes et illustrations : Y. C. | Couleurs : Arnaud P\u00e9rat | DA : Jean Imhof.<br \/>\nTypographies : Open Dyslexic : Arberlardo Gonzalez | RujisHandwritingFontv.2.0 : Ruji Chapnik.<\/small><\/p>\n","protected":false},"excerpt":{"rendered":"<p>Ce site a l&rsquo;ambition de sensibiliser les \u00e9l\u00e8ves du primaire aux r\u00e8gles d&rsquo;utilisation d&rsquo;Internet et plus g\u00e9n\u00e9ralement de l&rsquo;informatique \u00e0 l&rsquo;\u00e9cole. Le choix d&rsquo;une pr\u00e9sentation fa\u00e7on BD nous a sembl\u00e9 \u00e9vident pour rendre plus ludique cette initiation qui peut para\u00eetre aust\u00e8re aux yeux d&rsquo;un enfant. Retrouvez \u00ab\u00a0Balade dans le cyber espace\u00a0\u00bb sur support papier dans &hellip; <a href=\"http:\/\/abcd.abuledu.org\/balade-dans-le-cyber-espace\/a-propos\/\" class=\"more-link\">Continuer la lecture<span class=\"screen-reader-text\"> de &laquo;&nbsp;\u00c0 propos&nbsp;&raquo;<\/span><\/a><\/p>\n","protected":false},"author":2,"featured_media":0,"parent":0,"menu_order":0,"comment_status":"closed","ping_status":"closed","template":"","meta":[],"categories":[],"_links":{"self":[{"href":"http:\/\/abcd.abuledu.org\/balade-dans-le-cyber-espace\/wp-json\/wp\/v2\/pages\/123"}],"collection":[{"href":"http:\/\/abcd.abuledu.org\/balade-dans-le-cyber-espace\/wp-json\/wp\/v2\/pages"}],"about":[{"href":"http:\/\/abcd.abuledu.org\/balade-dans-le-cyber-espace\/wp-json\/wp\/v2\/types\/page"}],"author":[{"embeddable":true,"href":"http:\/\/abcd.abuledu.org\/balade-dans-le-cyber-espace\/wp-json\/wp\/v2\/users\/2"}],"replies":[{"embeddable":true,"href":"http:\/\/abcd.abuledu.org\/balade-dans-le-cyber-espace\/wp-json\/wp\/v2\/comments?post=123"}],"version-history":[{"count":23,"href":"http:\/\/abcd.abuledu.org\/balade-dans-le-cyber-espace\/wp-json\/wp\/v2\/pages\/123\/revisions"}],"predecessor-version":[{"id":185,"href":"http:\/\/abcd.abuledu.org\/balade-dans-le-cyber-espace\/wp-json\/wp\/v2\/pages\/123\/revisions\/185"}],"wp:attachment":[{"href":"http:\/\/abcd.abuledu.org\/balade-dans-le-cyber-espace\/wp-json\/wp\/v2\/media?parent=123"}],"wp:term":[{"taxonomy":"category","embeddable":true,"href":"http:\/\/abcd.abuledu.org\/balade-dans-le-cyber-espace\/wp-json\/wp\/v2\/categories?post=123"}],"curies":[{"name":"wp","href":"https:\/\/api.w.org\/{rel}","templated":true}]}}