{"id":2,"date":"2016-05-06T14:22:05","date_gmt":"2016-05-06T12:22:05","guid":{"rendered":"http:\/\/abcd.abuledu.org\/christophe-colomb\/?page_id=2"},"modified":"2016-05-15T03:53:12","modified_gmt":"2016-05-15T01:53:12","slug":"page-d-exemple","status":"publish","type":"page","link":"http:\/\/abcd.abuledu.org\/christophe-colomb\/page-d-exemple\/","title":{"rendered":"\u00c0 propos"},"content":{"rendered":"<figure id=\"attachment_17\" aria-describedby=\"caption-attachment-17\" style=\"width: 240px\" class=\"wp-caption aligncenter\"><img loading=\"lazy\" class=\"size-medium wp-image-17\" src=\"http:\/\/abcd.abuledu.org\/christophe-colomb\/wp-content\/uploads\/sites\/9\/2016\/05\/ChristopheColomb1451-1506-240x300.jpg\" alt=\"Christophe Colomb (1451-1506)\" width=\"240\" height=\"300\" \/><figcaption id=\"caption-attachment-17\" class=\"wp-caption-text\">Christophe Colomb (1451-1506)<\/figcaption><\/figure>\n<p style=\"text-align: center\"><strong><span style=\"color: #000080\">Un homme controvers\u00e9, des d\u00e9couvertes controvers\u00e9es, un jour f\u00e9ri\u00e9 contest\u00e9&#8230;<\/span><\/strong><\/p>\n<p style=\"text-align: center\"><a href=\"http:\/\/raconte-moi.abuledu.org\/w\/9094-christophe_colomb\"><span style=\"color: #000080\"><strong>Sur Raconte-moi, une histoire et neuf questions, en cliquant ici.<\/strong><\/span><\/a><img loading=\"lazy\" class=\"wp-image-34 size-large\" src=\"http:\/\/abcd.abuledu.org\/christophe-colomb\/wp-content\/uploads\/sites\/9\/2016\/05\/caravelle-1024x1024.jpg\" alt=\"Une caravelle, port\u00e9e par les vents d'est.\" width=\"840\" height=\"840\" srcset=\"http:\/\/abcd.abuledu.org\/christophe-colomb\/wp-content\/uploads\/sites\/9\/2016\/05\/caravelle-1024x1024.jpg 1024w, http:\/\/abcd.abuledu.org\/christophe-colomb\/wp-content\/uploads\/sites\/9\/2016\/05\/caravelle-150x150.jpg 150w, http:\/\/abcd.abuledu.org\/christophe-colomb\/wp-content\/uploads\/sites\/9\/2016\/05\/caravelle-300x300.jpg 300w, http:\/\/abcd.abuledu.org\/christophe-colomb\/wp-content\/uploads\/sites\/9\/2016\/05\/caravelle-768x768.jpg 768w, http:\/\/abcd.abuledu.org\/christophe-colomb\/wp-content\/uploads\/sites\/9\/2016\/05\/caravelle-1200x1200.jpg 1200w, http:\/\/abcd.abuledu.org\/christophe-colomb\/wp-content\/uploads\/sites\/9\/2016\/05\/caravelle.jpg 1772w\" sizes=\"(max-width: 709px) 85vw, (max-width: 909px) 67vw, (max-width: 1362px) 62vw, 840px\" \/><\/p>\n<p><span style=\"color: #800080\"><strong>Une caravelle, port\u00e9e par les vents d&rsquo;est.<\/strong><\/span><\/p>\n","protected":false},"excerpt":{"rendered":"<p>Un homme controvers\u00e9, des d\u00e9couvertes controvers\u00e9es, un jour f\u00e9ri\u00e9 contest\u00e9&#8230; Sur Raconte-moi, une histoire et neuf questions, en cliquant ici. Une caravelle, port\u00e9e par les vents d&rsquo;est.<\/p>\n","protected":false},"author":9,"featured_media":0,"parent":0,"menu_order":0,"comment_status":"closed","ping_status":"open","template":"","meta":[],"categories":[],"_links":{"self":[{"href":"http:\/\/abcd.abuledu.org\/christophe-colomb\/wp-json\/wp\/v2\/pages\/2"}],"collection":[{"href":"http:\/\/abcd.abuledu.org\/christophe-colomb\/wp-json\/wp\/v2\/pages"}],"about":[{"href":"http:\/\/abcd.abuledu.org\/christophe-colomb\/wp-json\/wp\/v2\/types\/page"}],"author":[{"embeddable":true,"href":"http:\/\/abcd.abuledu.org\/christophe-colomb\/wp-json\/wp\/v2\/users\/9"}],"replies":[{"embeddable":true,"href":"http:\/\/abcd.abuledu.org\/christophe-colomb\/wp-json\/wp\/v2\/comments?post=2"}],"version-history":[{"count":7,"href":"http:\/\/abcd.abuledu.org\/christophe-colomb\/wp-json\/wp\/v2\/pages\/2\/revisions"}],"predecessor-version":[{"id":42,"href":"http:\/\/abcd.abuledu.org\/christophe-colomb\/wp-json\/wp\/v2\/pages\/2\/revisions\/42"}],"wp:attachment":[{"href":"http:\/\/abcd.abuledu.org\/christophe-colomb\/wp-json\/wp\/v2\/media?parent=2"}],"wp:term":[{"taxonomy":"category","embeddable":true,"href":"http:\/\/abcd.abuledu.org\/christophe-colomb\/wp-json\/wp\/v2\/categories?post=2"}],"curies":[{"name":"wp","href":"https:\/\/api.w.org\/{rel}","templated":true}]}}