{"id":524,"date":"2014-12-12T10:22:03","date_gmt":"2014-12-12T09:22:03","guid":{"rendered":"http:\/\/abcd.abuledu.org\/les-grandes-inventions\/?page_id=524"},"modified":"2016-05-19T13:36:32","modified_gmt":"2016-05-19T12:36:32","slug":"automobile-frise-temporelle","status":"publish","type":"page","link":"http:\/\/abcd.abuledu.org\/les-grandes-inventions\/lautomobile\/automobile-frise-temporelle\/","title":{"rendered":"Automobile &#8211; Frise temporelle"},"content":{"rendered":"<table>\n<tbody>\n<tr>\n<td><a href=\"http:\/\/abcd.abuledu.org\/les-grandes-inventions\/wp-content\/uploads\/sites\/2\/2014\/12\/fardier.jpg\" data-rel=\"lightbox-gallery-rub211GO\" data-rl_title=\"\" data-rl_caption=\"\" title=\"\"><img loading=\"lazy\" class=\"aligncenter size-medium wp-image-512\" src=\"http:\/\/abcd.abuledu.org\/les-grandes-inventions\/wp-content\/uploads\/sites\/2\/2014\/12\/fardier-300x150.jpg\" alt=\"fardier\" width=\"300\" height=\"150\" srcset=\"http:\/\/abcd.abuledu.org\/les-grandes-inventions\/wp-content\/uploads\/sites\/2\/2014\/12\/fardier-300x150.jpg 300w, http:\/\/abcd.abuledu.org\/les-grandes-inventions\/wp-content\/uploads\/sites\/2\/2014\/12\/fardier-1024x512.jpg 1024w, http:\/\/abcd.abuledu.org\/les-grandes-inventions\/wp-content\/uploads\/sites\/2\/2014\/12\/fardier.jpg 1500w\" sizes=\"(max-width: 300px) 85vw, 300px\" \/><\/a><\/td>\n<td class=\"date\">1769<\/td>\n<td>Le Fardier de Cugnot est le premier v\u00e9hicule \u00ab automobile \u00bb<\/td>\n<\/tr>\n<tr>\n<td style=\"text-align: right;\">L\u2019ing\u00e9nieur Beau de Rochas con\u00e7oit le premier moteur \u00e0 explosion \u00e0 4 temps.<\/td>\n<td class=\"date\">1862<\/td>\n<td><img loading=\"lazy\" class=\"aligncenter size-medium wp-image-586\" src=\"http:\/\/abcd.abuledu.org\/les-grandes-inventions\/wp-content\/uploads\/sites\/2\/2014\/12\/beau-de-rochas-263x300.jpg\" alt=\"Beau de Rochas\" width=\"263\" height=\"300\" srcset=\"http:\/\/abcd.abuledu.org\/les-grandes-inventions\/wp-content\/uploads\/sites\/2\/2014\/12\/beau-de-rochas-263x300.jpg 263w, http:\/\/abcd.abuledu.org\/les-grandes-inventions\/wp-content\/uploads\/sites\/2\/2014\/12\/beau-de-rochas-790x900.jpg 790w, http:\/\/abcd.abuledu.org\/les-grandes-inventions\/wp-content\/uploads\/sites\/2\/2014\/12\/beau-de-rochas.jpg 1952w\" sizes=\"(max-width: 263px) 85vw, 263px\" \/><\/td>\n<\/tr>\n<tr>\n<td><img loading=\"lazy\" class=\"aligncenter wp-image-578 size-medium\" src=\"http:\/\/abcd.abuledu.org\/les-grandes-inventions\/wp-content\/uploads\/sites\/2\/2014\/12\/carl-benz-239x300.jpg\" alt=\"Carl Benz\" width=\"239\" height=\"300\" srcset=\"http:\/\/abcd.abuledu.org\/les-grandes-inventions\/wp-content\/uploads\/sites\/2\/2014\/12\/carl-benz-239x300.jpg 239w, http:\/\/abcd.abuledu.org\/les-grandes-inventions\/wp-content\/uploads\/sites\/2\/2014\/12\/carl-benz-719x900.jpg 719w, http:\/\/abcd.abuledu.org\/les-grandes-inventions\/wp-content\/uploads\/sites\/2\/2014\/12\/carl-benz.jpg 1417w\" sizes=\"(max-width: 239px) 85vw, 239px\" \/><\/td>\n<td class=\"date\">1886<\/td>\n<td>Carl Benz brevette la premi\u00e8re automobile dot\u00e9e d\u2019un moteur \u00e0 explosion.<\/td>\n<\/tr>\n<tr>\n<td style=\"text-align: right;\">Premi\u00e8re Peugeot.<\/td>\n<td class=\"date\">1891<\/td>\n<td><a href=\"http:\/\/abcd.abuledu.org\/les-grandes-inventions\/wp-content\/uploads\/sites\/2\/2014\/12\/peugeot-type1.jpg\" data-rel=\"lightbox-gallery-rub211GO\" data-rl_title=\"\" data-rl_caption=\"\" title=\"\"><img loading=\"lazy\" class=\"aligncenter size-medium wp-image-514\" src=\"http:\/\/abcd.abuledu.org\/les-grandes-inventions\/wp-content\/uploads\/sites\/2\/2014\/12\/peugeot-type1-300x160.jpg\" alt=\"peugeot-type1\" width=\"300\" height=\"160\" srcset=\"http:\/\/abcd.abuledu.org\/les-grandes-inventions\/wp-content\/uploads\/sites\/2\/2014\/12\/peugeot-type1-300x160.jpg 300w, http:\/\/abcd.abuledu.org\/les-grandes-inventions\/wp-content\/uploads\/sites\/2\/2014\/12\/peugeot-type1-1024x548.jpg 1024w, http:\/\/abcd.abuledu.org\/les-grandes-inventions\/wp-content\/uploads\/sites\/2\/2014\/12\/peugeot-type1.jpg 1400w\" sizes=\"(max-width: 300px) 85vw, 300px\" \/><\/a><\/td>\n<\/tr>\n<tr>\n<td style=\"text-align: center;\"><a href=\"http:\/\/abcd.abuledu.org\/les-grandes-inventions\/wp-content\/uploads\/sites\/2\/2014\/12\/pompe-essence.jpg\" data-rel=\"lightbox-gallery-rub211GO\" data-rl_title=\"\" data-rl_caption=\"\" title=\"\"><img loading=\"lazy\" class=\"aligncenter size-medium wp-image-582\" src=\"http:\/\/abcd.abuledu.org\/les-grandes-inventions\/wp-content\/uploads\/sites\/2\/2014\/12\/pompe-essence-192x300.jpg\" alt=\"Pompe \u00e0 gas-oil\" width=\"192\" height=\"300\" srcset=\"http:\/\/abcd.abuledu.org\/les-grandes-inventions\/wp-content\/uploads\/sites\/2\/2014\/12\/pompe-essence-192x300.jpg 192w, http:\/\/abcd.abuledu.org\/les-grandes-inventions\/wp-content\/uploads\/sites\/2\/2014\/12\/pompe-essence-576x900.jpg 576w, http:\/\/abcd.abuledu.org\/les-grandes-inventions\/wp-content\/uploads\/sites\/2\/2014\/12\/pompe-essence.jpg 1281w\" sizes=\"(max-width: 192px) 85vw, 192px\" \/><\/a><\/td>\n<td class=\"date\">1892<\/td>\n<td>Invention du moteur Diesel<\/td>\n<\/tr>\n<tr>\n<td style=\"text-align: right;\">Dunlop invente le pneumatique.<\/td>\n<td class=\"date\">1888<\/td>\n<td><a href=\"http:\/\/abcd.abuledu.org\/les-grandes-inventions\/wp-content\/uploads\/sites\/2\/2014\/12\/pneu02.jpg\" data-rel=\"lightbox-gallery-rub211GO\" data-rl_title=\"\" data-rl_caption=\"\" title=\"\"><img loading=\"lazy\" class=\"aligncenter size-medium wp-image-516\" src=\"http:\/\/abcd.abuledu.org\/les-grandes-inventions\/wp-content\/uploads\/sites\/2\/2014\/12\/pneu02-300x200.jpg\" alt=\"pneu02\" width=\"300\" height=\"200\" srcset=\"http:\/\/abcd.abuledu.org\/les-grandes-inventions\/wp-content\/uploads\/sites\/2\/2014\/12\/pneu02-300x200.jpg 300w, http:\/\/abcd.abuledu.org\/les-grandes-inventions\/wp-content\/uploads\/sites\/2\/2014\/12\/pneu02-1024x682.jpg 1024w, http:\/\/abcd.abuledu.org\/les-grandes-inventions\/wp-content\/uploads\/sites\/2\/2014\/12\/pneu02.jpg 1125w\" sizes=\"(max-width: 300px) 85vw, 300px\" \/><\/a><\/td>\n<\/tr>\n<tr>\n<td><a href=\"http:\/\/abcd.abuledu.org\/les-grandes-inventions\/wp-content\/uploads\/sites\/2\/2014\/12\/Renault_Type_A.jpg\" data-rel=\"lightbox-gallery-rub211GO\" data-rl_title=\"\" data-rl_caption=\"\" title=\"\"><img loading=\"lazy\" class=\"aligncenter size-medium wp-image-519\" src=\"http:\/\/abcd.abuledu.org\/les-grandes-inventions\/wp-content\/uploads\/sites\/2\/2014\/12\/Renault_Type_A-300x176.jpg\" alt=\"Renault_Type_A\" width=\"300\" height=\"176\" srcset=\"http:\/\/abcd.abuledu.org\/les-grandes-inventions\/wp-content\/uploads\/sites\/2\/2014\/12\/Renault_Type_A-300x176.jpg 300w, http:\/\/abcd.abuledu.org\/les-grandes-inventions\/wp-content\/uploads\/sites\/2\/2014\/12\/Renault_Type_A-1024x602.jpg 1024w, http:\/\/abcd.abuledu.org\/les-grandes-inventions\/wp-content\/uploads\/sites\/2\/2014\/12\/Renault_Type_A.jpg 1275w\" sizes=\"(max-width: 300px) 85vw, 300px\" \/><\/a><\/td>\n<td class=\"date\">1898<\/td>\n<td>Premi\u00e8re Renault.<\/td>\n<\/tr>\n<tr>\n<td style=\"text-align: right;\">La Ford T est la premi\u00e8re voiture construite en s\u00e9rie.<\/td>\n<td class=\"date\">1908<\/td>\n<td><a href=\"http:\/\/abcd.abuledu.org\/les-grandes-inventions\/wp-content\/uploads\/sites\/2\/2014\/12\/Ford_T.jpg\" data-rel=\"lightbox-gallery-rub211GO\" data-rl_title=\"\" data-rl_caption=\"\" title=\"\"><img loading=\"lazy\" class=\"aligncenter size-medium wp-image-513\" src=\"http:\/\/abcd.abuledu.org\/les-grandes-inventions\/wp-content\/uploads\/sites\/2\/2014\/12\/Ford_T-300x225.jpg\" alt=\"Ford_T\" width=\"300\" height=\"225\" srcset=\"http:\/\/abcd.abuledu.org\/les-grandes-inventions\/wp-content\/uploads\/sites\/2\/2014\/12\/Ford_T-300x225.jpg 300w, http:\/\/abcd.abuledu.org\/les-grandes-inventions\/wp-content\/uploads\/sites\/2\/2014\/12\/Ford_T.jpg 999w\" sizes=\"(max-width: 300px) 85vw, 300px\" \/><\/a><\/td>\n<\/tr>\n<tr>\n<td><a href=\"http:\/\/abcd.abuledu.org\/les-grandes-inventions\/wp-content\/uploads\/sites\/2\/2014\/12\/autoroute.jpg\" data-rel=\"lightbox-gallery-rub211GO\" data-rl_title=\"\" data-rl_caption=\"\" title=\"\"><img loading=\"lazy\" class=\"aligncenter size-medium wp-image-509\" src=\"http:\/\/abcd.abuledu.org\/les-grandes-inventions\/wp-content\/uploads\/sites\/2\/2014\/12\/autoroute-300x144.jpg\" alt=\"autoroute\" width=\"300\" height=\"144\" srcset=\"http:\/\/abcd.abuledu.org\/les-grandes-inventions\/wp-content\/uploads\/sites\/2\/2014\/12\/autoroute-300x144.jpg 300w, http:\/\/abcd.abuledu.org\/les-grandes-inventions\/wp-content\/uploads\/sites\/2\/2014\/12\/autoroute-1024x494.jpg 1024w, http:\/\/abcd.abuledu.org\/les-grandes-inventions\/wp-content\/uploads\/sites\/2\/2014\/12\/autoroute.jpg 1552w\" sizes=\"(max-width: 300px) 85vw, 300px\" \/><\/a><\/td>\n<td class=\"date\">1913<\/td>\n<td>Les \u00c9tats-Unis d\u00e9cident de construire la premi\u00e8re autoroute entre New York et San Francisco.<\/td>\n<\/tr>\n<tr>\n<td style=\"text-align: right;\">Premi\u00e8re voiture \u00e9lectrique.<\/td>\n<td class=\"date\">1914<\/td>\n<td><a href=\"http:\/\/abcd.abuledu.org\/les-grandes-inventions\/wp-content\/uploads\/sites\/2\/2014\/12\/1er-voiture-electrique.jpg\" data-rel=\"lightbox-gallery-rub211GO\" data-rl_title=\"\" data-rl_caption=\"\" title=\"\"><img loading=\"lazy\" class=\"aligncenter size-medium wp-image-508\" src=\"http:\/\/abcd.abuledu.org\/les-grandes-inventions\/wp-content\/uploads\/sites\/2\/2014\/12\/1er-voiture-electrique-300x168.jpg\" alt=\"1er-voiture-electrique\" width=\"300\" height=\"168\" srcset=\"http:\/\/abcd.abuledu.org\/les-grandes-inventions\/wp-content\/uploads\/sites\/2\/2014\/12\/1er-voiture-electrique-300x168.jpg 300w, http:\/\/abcd.abuledu.org\/les-grandes-inventions\/wp-content\/uploads\/sites\/2\/2014\/12\/1er-voiture-electrique-1024x574.jpg 1024w, http:\/\/abcd.abuledu.org\/les-grandes-inventions\/wp-content\/uploads\/sites\/2\/2014\/12\/1er-voiture-electrique.jpg 1337w\" sizes=\"(max-width: 300px) 85vw, 300px\" \/><\/a><\/td>\n<\/tr>\n<tr>\n<td><a href=\"http:\/\/abcd.abuledu.org\/les-grandes-inventions\/wp-content\/uploads\/sites\/2\/2014\/12\/citroen_Type_A.jpg\" data-rel=\"lightbox-gallery-rub211GO\" data-rl_title=\"\" data-rl_caption=\"\" title=\"\"><img loading=\"lazy\" class=\"aligncenter size-medium wp-image-511\" src=\"http:\/\/abcd.abuledu.org\/les-grandes-inventions\/wp-content\/uploads\/sites\/2\/2014\/12\/citroen_Type_A-300x150.jpg\" alt=\"citroen_Type_A\" width=\"300\" height=\"150\" srcset=\"http:\/\/abcd.abuledu.org\/les-grandes-inventions\/wp-content\/uploads\/sites\/2\/2014\/12\/citroen_Type_A-300x150.jpg 300w, http:\/\/abcd.abuledu.org\/les-grandes-inventions\/wp-content\/uploads\/sites\/2\/2014\/12\/citroen_Type_A-1024x512.jpg 1024w, http:\/\/abcd.abuledu.org\/les-grandes-inventions\/wp-content\/uploads\/sites\/2\/2014\/12\/citroen_Type_A.jpg 1500w\" sizes=\"(max-width: 300px) 85vw, 300px\" \/><\/a><\/td>\n<td class=\"date\">1919<\/td>\n<td>Premi\u00e8re Citro\u00ebn.<\/td>\n<\/tr>\n<tr>\n<td style=\"text-align: right;\">Sortie de la Traction Avant.<\/td>\n<td class=\"date\">1934<\/td>\n<td><a href=\"http:\/\/abcd.abuledu.org\/les-grandes-inventions\/wp-content\/uploads\/sites\/2\/2014\/12\/traction.jpg\" data-rel=\"lightbox-gallery-rub211GO\" data-rl_title=\"\" data-rl_caption=\"\" title=\"\"><img loading=\"lazy\" class=\"aligncenter size-medium wp-image-520\" src=\"http:\/\/abcd.abuledu.org\/les-grandes-inventions\/wp-content\/uploads\/sites\/2\/2014\/12\/traction-300x186.jpg\" alt=\"traction\" width=\"300\" height=\"186\" srcset=\"http:\/\/abcd.abuledu.org\/les-grandes-inventions\/wp-content\/uploads\/sites\/2\/2014\/12\/traction-300x186.jpg 300w, http:\/\/abcd.abuledu.org\/les-grandes-inventions\/wp-content\/uploads\/sites\/2\/2014\/12\/traction-1024x635.jpg 1024w, http:\/\/abcd.abuledu.org\/les-grandes-inventions\/wp-content\/uploads\/sites\/2\/2014\/12\/traction.jpg 1208w\" sizes=\"(max-width: 300px) 85vw, 300px\" \/><\/a><\/td>\n<\/tr>\n<tr>\n<td style=\"text-align: right;\"><a href=\"http:\/\/abcd.abuledu.org\/les-grandes-inventions\/wp-content\/uploads\/sites\/2\/2014\/12\/ceinture.jpg\" data-rel=\"lightbox-gallery-rub211GO\" data-rl_title=\"\" data-rl_caption=\"\" title=\"\"><img loading=\"lazy\" class=\"aligncenter size-medium wp-image-510\" src=\"http:\/\/abcd.abuledu.org\/les-grandes-inventions\/wp-content\/uploads\/sites\/2\/2014\/12\/ceinture-193x300.jpg\" alt=\"ceinture\" width=\"193\" height=\"300\" srcset=\"http:\/\/abcd.abuledu.org\/les-grandes-inventions\/wp-content\/uploads\/sites\/2\/2014\/12\/ceinture-193x300.jpg 193w, http:\/\/abcd.abuledu.org\/les-grandes-inventions\/wp-content\/uploads\/sites\/2\/2014\/12\/ceinture.jpg 483w\" sizes=\"(max-width: 193px) 85vw, 193px\" \/><\/a><\/td>\n<td class=\"date\">1973<\/td>\n<td>Le port de la ceinture de s\u00e9curit\u00e9 devient obligatoire hors agglom\u00e9ration.<\/td>\n<\/tr>\n<tr>\n<td style=\"text-align: right;\">Matra et Renault inventent le premier monospace : l\u2019Espace.<\/td>\n<td class=\"date\">1984<\/td>\n<td><a href=\"http:\/\/abcd.abuledu.org\/les-grandes-inventions\/wp-content\/uploads\/sites\/2\/2014\/12\/Renault_Espace.jpg\" data-rel=\"lightbox-gallery-rub211GO\" data-rl_title=\"\" data-rl_caption=\"\" title=\"\"><img loading=\"lazy\" class=\"aligncenter size-medium wp-image-518\" src=\"http:\/\/abcd.abuledu.org\/les-grandes-inventions\/wp-content\/uploads\/sites\/2\/2014\/12\/Renault_Espace-300x163.jpg\" alt=\"Renault_Espace\" width=\"300\" height=\"163\" srcset=\"http:\/\/abcd.abuledu.org\/les-grandes-inventions\/wp-content\/uploads\/sites\/2\/2014\/12\/Renault_Espace-300x163.jpg 300w, http:\/\/abcd.abuledu.org\/les-grandes-inventions\/wp-content\/uploads\/sites\/2\/2014\/12\/Renault_Espace-1024x557.jpg 1024w, http:\/\/abcd.abuledu.org\/les-grandes-inventions\/wp-content\/uploads\/sites\/2\/2014\/12\/Renault_Espace.jpg 1377w\" sizes=\"(max-width: 300px) 85vw, 300px\" \/><\/a><\/td>\n<\/tr>\n<tr>\n<td style=\"text-align: right;\"><a href=\"http:\/\/abcd.abuledu.org\/les-grandes-inventions\/wp-content\/uploads\/sites\/2\/2014\/12\/prius.jpg\" data-rel=\"lightbox-gallery-rub211GO\" data-rl_title=\"\" data-rl_caption=\"\" title=\"\"><img loading=\"lazy\" class=\"aligncenter size-medium wp-image-517\" src=\"http:\/\/abcd.abuledu.org\/les-grandes-inventions\/wp-content\/uploads\/sites\/2\/2014\/12\/prius-300x150.jpg\" alt=\"prius\" width=\"300\" height=\"150\" srcset=\"http:\/\/abcd.abuledu.org\/les-grandes-inventions\/wp-content\/uploads\/sites\/2\/2014\/12\/prius-300x150.jpg 300w, http:\/\/abcd.abuledu.org\/les-grandes-inventions\/wp-content\/uploads\/sites\/2\/2014\/12\/prius-1024x512.jpg 1024w, http:\/\/abcd.abuledu.org\/les-grandes-inventions\/wp-content\/uploads\/sites\/2\/2014\/12\/prius.jpg 1500w\" sizes=\"(max-width: 300px) 85vw, 300px\" \/><\/a><\/td>\n<td class=\"date\">1997<\/td>\n<td>Toyota commercialise la premi\u00e8re voiture hybride de s\u00e9rie : la Prius<\/td>\n<\/tr>\n<\/tbody>\n<\/table>\n<p><a class=\"bouton\" style=\"float: right;\" href=\"http:\/\/abcd.abuledu.org\/les-grandes-inventions\/lautomobile\/\">RETOUR<\/a><\/p>\n","protected":false},"excerpt":{"rendered":"<p>1769 Le Fardier de Cugnot est le premier v\u00e9hicule \u00ab automobile \u00bb L\u2019ing\u00e9nieur Beau de Rochas con\u00e7oit le premier moteur \u00e0 explosion \u00e0 4 temps. 1862 1886 Carl Benz brevette la premi\u00e8re automobile dot\u00e9e d\u2019un moteur \u00e0 explosion. Premi\u00e8re Peugeot. 1891 1892 Invention du moteur Diesel Dunlop invente le pneumatique. 1888 1898 Premi\u00e8re Renault. La &hellip; <a href=\"http:\/\/abcd.abuledu.org\/les-grandes-inventions\/lautomobile\/automobile-frise-temporelle\/\" class=\"more-link\">Continuer la lecture<span class=\"screen-reader-text\"> de &laquo;&nbsp;Automobile &#8211; Frise temporelle&nbsp;&raquo;<\/span><\/a><\/p>\n","protected":false},"author":2,"featured_media":0,"parent":502,"menu_order":0,"comment_status":"closed","ping_status":"closed","template":"","meta":[],"categories":[8,9,2],"_links":{"self":[{"href":"http:\/\/abcd.abuledu.org\/les-grandes-inventions\/wp-json\/wp\/v2\/pages\/524"}],"collection":[{"href":"http:\/\/abcd.abuledu.org\/les-grandes-inventions\/wp-json\/wp\/v2\/pages"}],"about":[{"href":"http:\/\/abcd.abuledu.org\/les-grandes-inventions\/wp-json\/wp\/v2\/types\/page"}],"author":[{"embeddable":true,"href":"http:\/\/abcd.abuledu.org\/les-grandes-inventions\/wp-json\/wp\/v2\/users\/2"}],"replies":[{"embeddable":true,"href":"http:\/\/abcd.abuledu.org\/les-grandes-inventions\/wp-json\/wp\/v2\/comments?post=524"}],"version-history":[{"count":16,"href":"http:\/\/abcd.abuledu.org\/les-grandes-inventions\/wp-json\/wp\/v2\/pages\/524\/revisions"}],"predecessor-version":[{"id":656,"href":"http:\/\/abcd.abuledu.org\/les-grandes-inventions\/wp-json\/wp\/v2\/pages\/524\/revisions\/656"}],"up":[{"embeddable":true,"href":"http:\/\/abcd.abuledu.org\/les-grandes-inventions\/wp-json\/wp\/v2\/pages\/502"}],"wp:attachment":[{"href":"http:\/\/abcd.abuledu.org\/les-grandes-inventions\/wp-json\/wp\/v2\/media?parent=524"}],"wp:term":[{"taxonomy":"category","embeddable":true,"href":"http:\/\/abcd.abuledu.org\/les-grandes-inventions\/wp-json\/wp\/v2\/categories?post=524"}],"curies":[{"name":"wp","href":"https:\/\/api.w.org\/{rel}","templated":true}]}}