{"id":553,"date":"2014-12-12T11:18:16","date_gmt":"2014-12-12T10:18:16","guid":{"rendered":"http:\/\/abcd.abuledu.org\/les-grandes-inventions\/?page_id=553"},"modified":"2016-05-18T16:01:46","modified_gmt":"2016-05-18T15:01:46","slug":"bicyclette-frise-temporelle","status":"publish","type":"page","link":"http:\/\/abcd.abuledu.org\/les-grandes-inventions\/la-bicyclette\/bicyclette-frise-temporelle\/","title":{"rendered":"Bicyclette &#8211; Frise temporelle"},"content":{"rendered":"<table>\n<tbody>\n<tr>\n<td><a href=\"http:\/\/abcd.abuledu.org\/les-grandes-inventions\/wp-content\/uploads\/sites\/2\/2014\/12\/draisienne.jpg\" data-rel=\"lightbox-gallery-YClRDjU0\" data-rl_title=\"\" data-rl_caption=\"\" title=\"\"><img loading=\"lazy\" class=\"aligncenter size-medium wp-image-543\" src=\"http:\/\/abcd.abuledu.org\/les-grandes-inventions\/wp-content\/uploads\/sites\/2\/2014\/12\/draisienne-300x150.jpg\" alt=\"draisienne\" width=\"300\" height=\"150\" srcset=\"http:\/\/abcd.abuledu.org\/les-grandes-inventions\/wp-content\/uploads\/sites\/2\/2014\/12\/draisienne-300x150.jpg 300w, http:\/\/abcd.abuledu.org\/les-grandes-inventions\/wp-content\/uploads\/sites\/2\/2014\/12\/draisienne-1024x512.jpg 1024w, http:\/\/abcd.abuledu.org\/les-grandes-inventions\/wp-content\/uploads\/sites\/2\/2014\/12\/draisienne.jpg 1499w\" sizes=\"(max-width: 300px) 85vw, 300px\" \/><\/a><\/td>\n<td class=\"date\">1817<\/td>\n<td>Le Baron Drais invente la Draisienne : un cadre avec une selle, deux roues dont une pivote gr\u00e2ce \u00e0 un guidon, et c\u2019est tout. On avance en se poussant au sol.<\/td>\n<\/tr>\n<tr>\n<td style=\"text-align: right;\">Andr\u00e9 Galle cr\u00e9e la cha\u00eene \u00e0 maillons, qui sera utilis\u00e9e pour la transmission \u00e0 la fin du si\u00e8cle.<\/td>\n<td class=\"date\">1829<\/td>\n<td><a href=\"http:\/\/abcd.abuledu.org\/les-grandes-inventions\/wp-content\/uploads\/sites\/2\/2014\/12\/chaine01.jpg\" data-rel=\"lightbox-gallery-YClRDjU0\" data-rl_title=\"\" data-rl_caption=\"\" title=\"\"><img loading=\"lazy\" class=\"aligncenter size-medium wp-image-540\" src=\"http:\/\/abcd.abuledu.org\/les-grandes-inventions\/wp-content\/uploads\/sites\/2\/2014\/12\/chaine01-300x196.jpg\" alt=\"chaine01\" width=\"300\" height=\"196\" srcset=\"http:\/\/abcd.abuledu.org\/les-grandes-inventions\/wp-content\/uploads\/sites\/2\/2014\/12\/chaine01-300x196.jpg 300w, http:\/\/abcd.abuledu.org\/les-grandes-inventions\/wp-content\/uploads\/sites\/2\/2014\/12\/chaine01-1024x669.jpg 1024w, http:\/\/abcd.abuledu.org\/les-grandes-inventions\/wp-content\/uploads\/sites\/2\/2014\/12\/chaine01.jpg 1147w\" sizes=\"(max-width: 300px) 85vw, 300px\" \/><\/a><\/td>\n<\/tr>\n<tr>\n<td><a href=\"http:\/\/abcd.abuledu.org\/les-grandes-inventions\/wp-content\/uploads\/sites\/2\/2014\/12\/michau.jpg\" data-rel=\"lightbox-gallery-YClRDjU0\" data-rl_title=\"\" data-rl_caption=\"\" title=\"\"><img loading=\"lazy\" class=\"aligncenter size-medium wp-image-546\" src=\"http:\/\/abcd.abuledu.org\/les-grandes-inventions\/wp-content\/uploads\/sites\/2\/2014\/12\/michau-300x168.jpg\" alt=\"michau\" width=\"300\" height=\"168\" srcset=\"http:\/\/abcd.abuledu.org\/les-grandes-inventions\/wp-content\/uploads\/sites\/2\/2014\/12\/michau-300x168.jpg 300w, http:\/\/abcd.abuledu.org\/les-grandes-inventions\/wp-content\/uploads\/sites\/2\/2014\/12\/michau-1024x575.jpg 1024w, http:\/\/abcd.abuledu.org\/les-grandes-inventions\/wp-content\/uploads\/sites\/2\/2014\/12\/michau.jpg 1329w\" sizes=\"(max-width: 300px) 85vw, 300px\" \/><\/a><\/td>\n<td class=\"date\">1861<\/td>\n<td>Parce que \u00e7a fatigue son fils de tenir les pieds lev\u00e9s, Pierre Michaux invente la p\u00e9dale, en fixe deux sur la roue avant : c\u2019est le V\u00e9locip\u00e8de \u00e0 p\u00e9dales.<\/td>\n<\/tr>\n<tr>\n<td style=\"text-align: right;\">Sur l\u2019id\u00e9e que plus une roue est grande, plus la distance parcourue est importante \u00e0 chaque tour de p\u00e9dale, Eug\u00e8ne Meyer cr\u00e9e le grand-bi.<\/td>\n<td class=\"date\">1871<\/td>\n<td><a href=\"http:\/\/abcd.abuledu.org\/les-grandes-inventions\/wp-content\/uploads\/sites\/2\/2014\/12\/grandBi.jpg\" data-rel=\"lightbox-gallery-YClRDjU0\" data-rl_title=\"\" data-rl_caption=\"\" title=\"\"><img loading=\"lazy\" class=\"aligncenter size-medium wp-image-544\" src=\"http:\/\/abcd.abuledu.org\/les-grandes-inventions\/wp-content\/uploads\/sites\/2\/2014\/12\/grandBi-300x168.jpg\" alt=\"grandBi\" width=\"300\" height=\"168\" srcset=\"http:\/\/abcd.abuledu.org\/les-grandes-inventions\/wp-content\/uploads\/sites\/2\/2014\/12\/grandBi-300x168.jpg 300w, http:\/\/abcd.abuledu.org\/les-grandes-inventions\/wp-content\/uploads\/sites\/2\/2014\/12\/grandBi-1024x575.jpg 1024w, http:\/\/abcd.abuledu.org\/les-grandes-inventions\/wp-content\/uploads\/sites\/2\/2014\/12\/grandBi.jpg 1329w\" sizes=\"(max-width: 300px) 85vw, 300px\" \/><\/a><\/td>\n<\/tr>\n<tr>\n<td style=\"text-align: right;\"><a href=\"http:\/\/abcd.abuledu.org\/les-grandes-inventions\/wp-content\/uploads\/sites\/2\/2014\/12\/h-j-lawson.jpg\" data-rel=\"lightbox-gallery-YClRDjU0\" data-rl_title=\"\" data-rl_caption=\"\" title=\"\"><img loading=\"lazy\" class=\"aligncenter size-medium wp-image-545\" src=\"http:\/\/abcd.abuledu.org\/les-grandes-inventions\/wp-content\/uploads\/sites\/2\/2014\/12\/h-j-lawson-300x150.jpg\" alt=\"h-j-lawson\" width=\"300\" height=\"150\" srcset=\"http:\/\/abcd.abuledu.org\/les-grandes-inventions\/wp-content\/uploads\/sites\/2\/2014\/12\/h-j-lawson-300x150.jpg 300w, http:\/\/abcd.abuledu.org\/les-grandes-inventions\/wp-content\/uploads\/sites\/2\/2014\/12\/h-j-lawson-1024x512.jpg 1024w, http:\/\/abcd.abuledu.org\/les-grandes-inventions\/wp-content\/uploads\/sites\/2\/2014\/12\/h-j-lawson.jpg 1499w\" sizes=\"(max-width: 300px) 85vw, 300px\" \/><\/a><\/td>\n<td class=\"date\">1879<\/td>\n<td>Harry John Lawson produit la premi\u00e8re bicyclette conduite par une cha\u00eene \u00e0 la roue arri\u00e8re.<\/td>\n<\/tr>\n<tr>\n<td style=\"text-align: right;\">John Dunlop d\u00e9pose le brevet du pneumatique.<\/td>\n<td class=\"date\">1888<\/td>\n<td><a href=\"http:\/\/abcd.abuledu.org\/les-grandes-inventions\/wp-content\/uploads\/sites\/2\/2014\/12\/pneu.jpg\" data-rel=\"lightbox-gallery-YClRDjU0\" data-rl_title=\"\" data-rl_caption=\"\" title=\"\"><img loading=\"lazy\" class=\"aligncenter size-medium wp-image-547\" src=\"http:\/\/abcd.abuledu.org\/les-grandes-inventions\/wp-content\/uploads\/sites\/2\/2014\/12\/pneu-225x300.jpg\" alt=\"pneu\" width=\"225\" height=\"300\" srcset=\"http:\/\/abcd.abuledu.org\/les-grandes-inventions\/wp-content\/uploads\/sites\/2\/2014\/12\/pneu-225x300.jpg 225w, http:\/\/abcd.abuledu.org\/les-grandes-inventions\/wp-content\/uploads\/sites\/2\/2014\/12\/pneu.jpg 563w\" sizes=\"(max-width: 225px) 85vw, 225px\" \/><\/a><\/td>\n<\/tr>\n<tr>\n<td><a href=\"http:\/\/abcd.abuledu.org\/les-grandes-inventions\/wp-content\/uploads\/sites\/2\/2014\/12\/derailleur.jpg\" data-rel=\"lightbox-gallery-YClRDjU0\" data-rl_title=\"\" data-rl_caption=\"\" title=\"\"><img loading=\"lazy\" class=\"aligncenter size-medium wp-image-542\" src=\"http:\/\/abcd.abuledu.org\/les-grandes-inventions\/wp-content\/uploads\/sites\/2\/2014\/12\/derailleur-200x300.jpg\" alt=\"derailleur\" width=\"200\" height=\"300\" srcset=\"http:\/\/abcd.abuledu.org\/les-grandes-inventions\/wp-content\/uploads\/sites\/2\/2014\/12\/derailleur-200x300.jpg 200w, http:\/\/abcd.abuledu.org\/les-grandes-inventions\/wp-content\/uploads\/sites\/2\/2014\/12\/derailleur.jpg 500w\" sizes=\"(max-width: 200px) 85vw, 200px\" \/><\/a><a href=\"http:\/\/abcd.abuledu.org\/les-grandes-inventions\/wp-content\/uploads\/sites\/2\/2014\/12\/velo-electrik.jpg\" data-rel=\"lightbox-gallery-YClRDjU0\" data-rl_title=\"\" data-rl_caption=\"\" title=\"\"><img loading=\"lazy\" class=\"aligncenter size-medium wp-image-549\" src=\"http:\/\/abcd.abuledu.org\/les-grandes-inventions\/wp-content\/uploads\/sites\/2\/2014\/12\/velo-electrik-300x153.jpg\" alt=\"velo-electrik\" width=\"300\" height=\"153\" srcset=\"http:\/\/abcd.abuledu.org\/les-grandes-inventions\/wp-content\/uploads\/sites\/2\/2014\/12\/velo-electrik-300x153.jpg 300w, http:\/\/abcd.abuledu.org\/les-grandes-inventions\/wp-content\/uploads\/sites\/2\/2014\/12\/velo-electrik-1024x523.jpg 1024w, http:\/\/abcd.abuledu.org\/les-grandes-inventions\/wp-content\/uploads\/sites\/2\/2014\/12\/velo-electrik.jpg 1466w\" sizes=\"(max-width: 300px) 85vw, 300px\" \/><\/a><\/td>\n<td class=\"date\">1895<\/td>\n<td>Jean Loubeyre invente le d\u00e9railleur.<br \/>\n&nbsp;<br \/>\nOgden Bolton Jr obtient un brevet pour l\u2019invention du premier v\u00e9lo \u00e9lectrique.<\/td>\n<\/tr>\n<tr>\n<td style=\"text-align: right;\">Maurice Garin remporte le premier Tour de France.<\/td>\n<td class=\"date\">1903<\/td>\n<td><a href=\"http:\/\/abcd.abuledu.org\/les-grandes-inventions\/wp-content\/uploads\/sites\/2\/2014\/12\/tour2france.jpg\" data-rel=\"lightbox-gallery-YClRDjU0\" data-rl_title=\"\" data-rl_caption=\"\" title=\"\"><img loading=\"lazy\" class=\"aligncenter size-medium wp-image-548\" src=\"http:\/\/abcd.abuledu.org\/les-grandes-inventions\/wp-content\/uploads\/sites\/2\/2014\/12\/tour2france-300x231.jpg\" alt=\"tour2france\" width=\"300\" height=\"231\" srcset=\"http:\/\/abcd.abuledu.org\/les-grandes-inventions\/wp-content\/uploads\/sites\/2\/2014\/12\/tour2france-300x231.jpg 300w, http:\/\/abcd.abuledu.org\/les-grandes-inventions\/wp-content\/uploads\/sites\/2\/2014\/12\/tour2france.jpg 974w\" sizes=\"(max-width: 300px) 85vw, 300px\" \/><\/a><\/td>\n<\/tr>\n<tr>\n<td><a href=\"http:\/\/abcd.abuledu.org\/les-grandes-inventions\/wp-content\/uploads\/sites\/2\/2014\/12\/vtt2.jpg\" data-rel=\"lightbox-gallery-YClRDjU0\" data-rl_title=\"\" data-rl_caption=\"\" title=\"\"><img loading=\"lazy\" class=\"aligncenter size-medium wp-image-551\" src=\"http:\/\/abcd.abuledu.org\/les-grandes-inventions\/wp-content\/uploads\/sites\/2\/2014\/12\/vtt2-300x177.jpg\" alt=\"vtt2\" width=\"300\" height=\"177\" srcset=\"http:\/\/abcd.abuledu.org\/les-grandes-inventions\/wp-content\/uploads\/sites\/2\/2014\/12\/vtt2-300x177.jpg 300w, http:\/\/abcd.abuledu.org\/les-grandes-inventions\/wp-content\/uploads\/sites\/2\/2014\/12\/vtt2-1024x604.jpg 1024w, http:\/\/abcd.abuledu.org\/les-grandes-inventions\/wp-content\/uploads\/sites\/2\/2014\/12\/vtt2.jpg 1270w\" sizes=\"(max-width: 300px) 85vw, 300px\" \/><\/a><\/td>\n<td class=\"date\">1977<\/td>\n<td>Joe Breeze commercialise le premier VTT.<\/td>\n<\/tr>\n<\/tbody>\n<\/table>\n<p><a class=\"bouton\" style=\"float: right;\" href=\"http:\/\/abcd.abuledu.org\/les-grandes-inventions\/la-bicyclette\/\">RETOUR<a><\/p>\n","protected":false},"excerpt":{"rendered":"<p>1817 Le Baron Drais invente la Draisienne : un cadre avec une selle, deux roues dont une pivote gr\u00e2ce \u00e0 un guidon, et c\u2019est tout. On avance en se poussant au sol. Andr\u00e9 Galle cr\u00e9e la cha\u00eene \u00e0 maillons, qui sera utilis\u00e9e pour la transmission \u00e0 la fin du si\u00e8cle. 1829 1861 Parce que \u00e7a &hellip; <a href=\"http:\/\/abcd.abuledu.org\/les-grandes-inventions\/la-bicyclette\/bicyclette-frise-temporelle\/\" class=\"more-link\">Continuer la lecture<span class=\"screen-reader-text\"> de &laquo;&nbsp;Bicyclette &#8211; Frise temporelle&nbsp;&raquo;<\/span><\/a><\/p>\n","protected":false},"author":2,"featured_media":0,"parent":533,"menu_order":0,"comment_status":"closed","ping_status":"closed","template":"","meta":[],"categories":[10,11,2],"_links":{"self":[{"href":"http:\/\/abcd.abuledu.org\/les-grandes-inventions\/wp-json\/wp\/v2\/pages\/553"}],"collection":[{"href":"http:\/\/abcd.abuledu.org\/les-grandes-inventions\/wp-json\/wp\/v2\/pages"}],"about":[{"href":"http:\/\/abcd.abuledu.org\/les-grandes-inventions\/wp-json\/wp\/v2\/types\/page"}],"author":[{"embeddable":true,"href":"http:\/\/abcd.abuledu.org\/les-grandes-inventions\/wp-json\/wp\/v2\/users\/2"}],"replies":[{"embeddable":true,"href":"http:\/\/abcd.abuledu.org\/les-grandes-inventions\/wp-json\/wp\/v2\/comments?post=553"}],"version-history":[{"count":9,"href":"http:\/\/abcd.abuledu.org\/les-grandes-inventions\/wp-json\/wp\/v2\/pages\/553\/revisions"}],"predecessor-version":[{"id":653,"href":"http:\/\/abcd.abuledu.org\/les-grandes-inventions\/wp-json\/wp\/v2\/pages\/553\/revisions\/653"}],"up":[{"embeddable":true,"href":"http:\/\/abcd.abuledu.org\/les-grandes-inventions\/wp-json\/wp\/v2\/pages\/533"}],"wp:attachment":[{"href":"http:\/\/abcd.abuledu.org\/les-grandes-inventions\/wp-json\/wp\/v2\/media?parent=553"}],"wp:term":[{"taxonomy":"category","embeddable":true,"href":"http:\/\/abcd.abuledu.org\/les-grandes-inventions\/wp-json\/wp\/v2\/categories?post=553"}],"curies":[{"name":"wp","href":"https:\/\/api.w.org\/{rel}","templated":true}]}}