{"id":6,"date":"2016-09-26T15:56:51","date_gmt":"2016-09-26T13:56:51","guid":{"rendered":"http:\/\/abcd.abuledu.org\/les-histoires-de-luna\/?page_id=6"},"modified":"2017-10-26T06:38:24","modified_gmt":"2017-10-26T04:38:24","slug":"luna-se-lave-les-mains","status":"publish","type":"page","link":"http:\/\/abcd.abuledu.org\/les-histoires-de-luna\/luna-fait-sa-toilette\/luna-se-lave-les-mains\/","title":{"rendered":"Luna se lave les mains"},"content":{"rendered":"<p>L&rsquo;apprentissage quotidien de l&rsquo;hygi\u00e8ne passe par la r\u00e9p\u00e9tition, par l&rsquo;exemple, mais aussi par l&rsquo;image&#8230; Alors, en sortant de r\u00e9cr\u00e9ation, Luna se lave bien les mains :<\/p>\n<ul>\n<li><a href=\"http:\/\/data.abuledu.org\/wp\/?LOM=29072\">elle met du savon<\/a>,<\/li>\n<li><a href=\"http:\/\/data.abuledu.org\/wp\/?LOM=29073\">et savonne, dessus, dessous et entre les doigts<\/a>&#8230;<\/li>\n<\/ul>\n<figure id=\"attachment_79\" aria-describedby=\"caption-attachment-79\" style=\"width: 840px\" class=\"wp-caption aligncenter\"><img loading=\"lazy\" class=\"wp-image-79 size-large\" src=\"http:\/\/abcd.abuledu.org\/les-histoires-de-luna\/wp-content\/uploads\/sites\/14\/2016\/09\/les-mains-de-luna-sont-propres-5800e66b-1024x1024.jpg\" alt=\"Luna a les mains propres et qui sentent bon !!!\" width=\"840\" height=\"840\" srcset=\"http:\/\/abcd.abuledu.org\/les-histoires-de-luna\/wp-content\/uploads\/sites\/14\/2016\/09\/les-mains-de-luna-sont-propres-5800e66b-1024x1024.jpg 1024w, http:\/\/abcd.abuledu.org\/les-histoires-de-luna\/wp-content\/uploads\/sites\/14\/2016\/09\/les-mains-de-luna-sont-propres-5800e66b-150x150.jpg 150w, http:\/\/abcd.abuledu.org\/les-histoires-de-luna\/wp-content\/uploads\/sites\/14\/2016\/09\/les-mains-de-luna-sont-propres-5800e66b-300x300.jpg 300w, http:\/\/abcd.abuledu.org\/les-histoires-de-luna\/wp-content\/uploads\/sites\/14\/2016\/09\/les-mains-de-luna-sont-propres-5800e66b-768x768.jpg 768w, http:\/\/abcd.abuledu.org\/les-histoires-de-luna\/wp-content\/uploads\/sites\/14\/2016\/09\/les-mains-de-luna-sont-propres-5800e66b-1200x1200.jpg 1200w, http:\/\/abcd.abuledu.org\/les-histoires-de-luna\/wp-content\/uploads\/sites\/14\/2016\/09\/les-mains-de-luna-sont-propres-5800e66b.jpg 1890w\" sizes=\"(max-width: 709px) 85vw, (max-width: 909px) 67vw, (max-width: 1362px) 62vw, 840px\" \/><figcaption id=\"caption-attachment-79\" class=\"wp-caption-text\">Luna a les mains propres et qui sentent bon !!!<\/figcaption><\/figure>\n<p>&nbsp;<\/p>\n<p>&nbsp;<\/p>\n","protected":false},"excerpt":{"rendered":"<p>L&rsquo;apprentissage quotidien de l&rsquo;hygi\u00e8ne passe par la r\u00e9p\u00e9tition, par l&rsquo;exemple, mais aussi par l&rsquo;image&#8230; Alors, en sortant de r\u00e9cr\u00e9ation, Luna se lave bien les mains : elle met du savon, et savonne, dessus, dessous et entre les doigts&#8230; &nbsp; &nbsp;<\/p>\n","protected":false},"author":2,"featured_media":0,"parent":2,"menu_order":0,"comment_status":"closed","ping_status":"closed","template":"","meta":[],"categories":[],"_links":{"self":[{"href":"http:\/\/abcd.abuledu.org\/les-histoires-de-luna\/wp-json\/wp\/v2\/pages\/6"}],"collection":[{"href":"http:\/\/abcd.abuledu.org\/les-histoires-de-luna\/wp-json\/wp\/v2\/pages"}],"about":[{"href":"http:\/\/abcd.abuledu.org\/les-histoires-de-luna\/wp-json\/wp\/v2\/types\/page"}],"author":[{"embeddable":true,"href":"http:\/\/abcd.abuledu.org\/les-histoires-de-luna\/wp-json\/wp\/v2\/users\/2"}],"replies":[{"embeddable":true,"href":"http:\/\/abcd.abuledu.org\/les-histoires-de-luna\/wp-json\/wp\/v2\/comments?post=6"}],"version-history":[{"count":9,"href":"http:\/\/abcd.abuledu.org\/les-histoires-de-luna\/wp-json\/wp\/v2\/pages\/6\/revisions"}],"predecessor-version":[{"id":81,"href":"http:\/\/abcd.abuledu.org\/les-histoires-de-luna\/wp-json\/wp\/v2\/pages\/6\/revisions\/81"}],"up":[{"embeddable":true,"href":"http:\/\/abcd.abuledu.org\/les-histoires-de-luna\/wp-json\/wp\/v2\/pages\/2"}],"wp:attachment":[{"href":"http:\/\/abcd.abuledu.org\/les-histoires-de-luna\/wp-json\/wp\/v2\/media?parent=6"}],"wp:term":[{"taxonomy":"category","embeddable":true,"href":"http:\/\/abcd.abuledu.org\/les-histoires-de-luna\/wp-json\/wp\/v2\/categories?post=6"}],"curies":[{"name":"wp","href":"https:\/\/api.w.org\/{rel}","templated":true}]}}