{"id":10,"date":"2015-04-25T23:33:12","date_gmt":"2015-04-25T22:33:12","guid":{"rendered":"http:\/\/abcd.abuledu.org\/les-reves-de-cyril\/?page_id=10"},"modified":"2015-08-21T22:55:23","modified_gmt":"2015-08-21T21:55:23","slug":"trois","status":"publish","type":"page","link":"http:\/\/abcd.abuledu.org\/les-reves-de-cyril\/trois\/","title":{"rendered":"La Fabrique"},"content":{"rendered":"<div id=\"main\">\n<h2 style=\"text-align: left\"><strong>PATRONS \u00c0 T\u00c9L\u00c9CHARGER SUR ABUL\u00c9DU-DATA : CLIQUEZ SUR LE PATRON DE VOTRE CHOIX<br \/>\n<\/strong><\/h2>\n<p>&nbsp;<\/p>\n<div id=\"attachment_89\" style=\"width: 310px\" class=\"wp-caption alignleft\"><a href=\"http:\/\/abcd.abuledu.org\/les-reves-de-cyril\/wp-content\/uploads\/sites\/6\/2015\/04\/Paper-toy-loic-couleur.png\" data-rel=\"lightbox-image-0\" data-rl_title=\"\" data-rl_caption=\"\" title=\"\"><img aria-describedby=\"caption-attachment-89\" loading=\"lazy\" class=\"wp-image-89 size-medium\" src=\"http:\/\/abcd.abuledu.org\/les-reves-de-cyril\/wp-content\/uploads\/sites\/6\/2015\/04\/Paper-toy-loic-couleur-300x212.png\" alt=\"Patron de Lo\u00efc en couleur\" width=\"300\" height=\"212\" srcset=\"http:\/\/abcd.abuledu.org\/les-reves-de-cyril\/wp-content\/uploads\/sites\/6\/2015\/04\/Paper-toy-loic-couleur-300x212.png 300w, http:\/\/abcd.abuledu.org\/les-reves-de-cyril\/wp-content\/uploads\/sites\/6\/2015\/04\/Paper-toy-loic-couleur-1024x724.png 1024w, http:\/\/abcd.abuledu.org\/les-reves-de-cyril\/wp-content\/uploads\/sites\/6\/2015\/04\/Paper-toy-loic-couleur.png 1053w\" sizes=\"(max-width: 300px) 100vw, 300px\" \/><\/a><p id=\"caption-attachment-89\" class=\"wp-caption-text\">Patron de Lo\u00efc en couleur<\/p><\/div>\n<ul>\n<li><strong><a href=\"http:\/\/data.abuledu.org\/wp\/?LOM=16213\" target=\"_blank\">PATRON DE CYRIL EN COULEURS<\/a><\/strong><\/li>\n<li><\/li>\n<li><a href=\"http:\/\/data.abuledu.org\/wp\/?LOM=16214\" target=\"_blank\"><strong>PATRON DE LO\u00cfC EN COULEURS<\/strong><\/a><\/li>\n<li><\/li>\n<li><a href=\"http:\/\/data.abuledu.org\/wp\/?LOM=16215\" target=\"_blank\"><strong>PATRON DE LO\u00cfC EN NOIR ET BLANC<\/strong><\/a><\/li>\n<li><\/li>\n<li><a href=\"http:\/\/data.abuledu.org\/wp\/?LOM=21268\" target=\"_blank\"><strong>PATRON DE CHLO\u00c9<\/strong><\/a><\/li>\n<li><\/li>\n<li><a href=\"http:\/\/data.abuledu.org\/wp\/?LOM=21269\" target=\"_blank\"><strong>PATRON DE CHLO\u00c9 EN FOR\u00caT<\/strong><\/a><\/li>\n<\/ul>\n<p>&nbsp;<\/p>\n<\/div>\n<p>&nbsp;<\/p>\n<h2 style=\"text-align: left\"><strong>COLORIAGES EN LIGNE OU SUR PAPIER :<\/strong><\/h2>\n<p>&nbsp;<\/p>\n<p><strong>CLIQUEZ ICI POUR CHOISIR DES <\/strong><strong><a href=\"http:\/\/data.abuledu.org\/wp\/?categ=Dessins+et+plans&amp;terms=cyri-l\" target=\"_blank\">COLORIAGES \u00c0 T\u00c9L\u00c9CHARGER SUR ABUL\u00c9DU-DATA<\/a><\/strong><\/p>\n<p><strong>OU BIEN IMPRIMEZ CELUI DE VOTRE CHOIX PARMI LES SUIVANTS :<\/strong><\/p>\n<div id=\"attachment_120\" style=\"width: 1058px\" class=\"wp-caption aligncenter\"><a href=\"http:\/\/abcd.abuledu.org\/les-reves-de-cyril\/wp-content\/uploads\/sites\/6\/2015\/04\/loic-coloriage.png\" data-rel=\"lightbox-image-1\" data-rl_title=\"\" data-rl_caption=\"\" title=\"\"><img aria-describedby=\"caption-attachment-120\" loading=\"lazy\" class=\"wp-image-120 size-full\" src=\"http:\/\/abcd.abuledu.org\/les-reves-de-cyril\/wp-content\/uploads\/sites\/6\/2015\/04\/loic-coloriage.png\" alt=\"Vacances \u00e0 la plage\" width=\"1048\" height=\"699\" srcset=\"http:\/\/abcd.abuledu.org\/les-reves-de-cyril\/wp-content\/uploads\/sites\/6\/2015\/04\/loic-coloriage.png 1048w, http:\/\/abcd.abuledu.org\/les-reves-de-cyril\/wp-content\/uploads\/sites\/6\/2015\/04\/loic-coloriage-300x200.png 300w, http:\/\/abcd.abuledu.org\/les-reves-de-cyril\/wp-content\/uploads\/sites\/6\/2015\/04\/loic-coloriage-1024x683.png 1024w\" sizes=\"(max-width: 1048px) 100vw, 1048px\" \/><\/a><p id=\"caption-attachment-120\" class=\"wp-caption-text\">Vacances \u00e0 la plage<\/p><\/div>\n<div id=\"attachment_121\" style=\"width: 1050px\" class=\"wp-caption aligncenter\"><a href=\"http:\/\/abcd.abuledu.org\/les-reves-de-cyril\/wp-content\/uploads\/sites\/6\/2015\/04\/loic-coloriage6.png\" data-rel=\"lightbox-image-2\" data-rl_title=\"\" data-rl_caption=\"\" title=\"\"><img aria-describedby=\"caption-attachment-121\" loading=\"lazy\" class=\"wp-image-121 size-full\" src=\"http:\/\/abcd.abuledu.org\/les-reves-de-cyril\/wp-content\/uploads\/sites\/6\/2015\/04\/loic-coloriage6.png\" alt=\"\" width=\"1040\" height=\"669\" srcset=\"http:\/\/abcd.abuledu.org\/les-reves-de-cyril\/wp-content\/uploads\/sites\/6\/2015\/04\/loic-coloriage6.png 1040w, http:\/\/abcd.abuledu.org\/les-reves-de-cyril\/wp-content\/uploads\/sites\/6\/2015\/04\/loic-coloriage6-300x193.png 300w, http:\/\/abcd.abuledu.org\/les-reves-de-cyril\/wp-content\/uploads\/sites\/6\/2015\/04\/loic-coloriage6-1024x659.png 1024w\" sizes=\"(max-width: 1040px) 100vw, 1040px\" \/><\/a><p id=\"caption-attachment-121\" class=\"wp-caption-text\">Devoirs de vacances ?<\/p><\/div>\n<div id=\"attachment_122\" style=\"width: 1044px\" class=\"wp-caption aligncenter\"><a href=\"http:\/\/abcd.abuledu.org\/les-reves-de-cyril\/wp-content\/uploads\/sites\/6\/2015\/04\/loic-coloriage5.png\" data-rel=\"lightbox-image-3\" data-rl_title=\"\" data-rl_caption=\"\" title=\"\"><img aria-describedby=\"caption-attachment-122\" loading=\"lazy\" class=\"wp-image-122 size-full\" src=\"http:\/\/abcd.abuledu.org\/les-reves-de-cyril\/wp-content\/uploads\/sites\/6\/2015\/04\/loic-coloriage5.png\" alt=\"Vive la r\u00e9cr\u00e9ation !\" width=\"1034\" height=\"698\" srcset=\"http:\/\/abcd.abuledu.org\/les-reves-de-cyril\/wp-content\/uploads\/sites\/6\/2015\/04\/loic-coloriage5.png 1034w, http:\/\/abcd.abuledu.org\/les-reves-de-cyril\/wp-content\/uploads\/sites\/6\/2015\/04\/loic-coloriage5-300x203.png 300w, http:\/\/abcd.abuledu.org\/les-reves-de-cyril\/wp-content\/uploads\/sites\/6\/2015\/04\/loic-coloriage5-1024x691.png 1024w\" sizes=\"(max-width: 1034px) 100vw, 1034px\" \/><\/a><p id=\"caption-attachment-122\" class=\"wp-caption-text\">Vive la r\u00e9cr\u00e9ation !<\/p><\/div>\n<div id=\"attachment_123\" style=\"width: 1055px\" class=\"wp-caption aligncenter\"><a href=\"http:\/\/abcd.abuledu.org\/les-reves-de-cyril\/wp-content\/uploads\/sites\/6\/2015\/04\/loic-coloriage3.png\" data-rel=\"lightbox-image-4\" data-rl_title=\"\" data-rl_caption=\"\" title=\"\"><img aria-describedby=\"caption-attachment-123\" loading=\"lazy\" class=\"wp-image-123 size-full\" src=\"http:\/\/abcd.abuledu.org\/les-reves-de-cyril\/wp-content\/uploads\/sites\/6\/2015\/04\/loic-coloriage3.png\" alt=\"Le grand m\u00e9nage dans la chambre.\" width=\"1045\" height=\"712\" srcset=\"http:\/\/abcd.abuledu.org\/les-reves-de-cyril\/wp-content\/uploads\/sites\/6\/2015\/04\/loic-coloriage3.png 1045w, http:\/\/abcd.abuledu.org\/les-reves-de-cyril\/wp-content\/uploads\/sites\/6\/2015\/04\/loic-coloriage3-300x204.png 300w, http:\/\/abcd.abuledu.org\/les-reves-de-cyril\/wp-content\/uploads\/sites\/6\/2015\/04\/loic-coloriage3-1024x698.png 1024w\" sizes=\"(max-width: 1045px) 100vw, 1045px\" \/><\/a><p id=\"caption-attachment-123\" class=\"wp-caption-text\">Le grand m\u00e9nage dans la chambre.<\/p><\/div>\n<div id=\"attachment_124\" style=\"width: 1058px\" class=\"wp-caption aligncenter\"><a href=\"http:\/\/abcd.abuledu.org\/les-reves-de-cyril\/wp-content\/uploads\/sites\/6\/2015\/04\/loic-coloriage2.png\" data-rel=\"lightbox-image-5\" data-rl_title=\"\" data-rl_caption=\"\" title=\"\"><img aria-describedby=\"caption-attachment-124\" loading=\"lazy\" class=\"wp-image-124 size-full\" src=\"http:\/\/abcd.abuledu.org\/les-reves-de-cyril\/wp-content\/uploads\/sites\/6\/2015\/04\/loic-coloriage2.png\" alt=\"Les courses de la rentr\u00e9e des classes.\" width=\"1048\" height=\"690\" srcset=\"http:\/\/abcd.abuledu.org\/les-reves-de-cyril\/wp-content\/uploads\/sites\/6\/2015\/04\/loic-coloriage2.png 1048w, http:\/\/abcd.abuledu.org\/les-reves-de-cyril\/wp-content\/uploads\/sites\/6\/2015\/04\/loic-coloriage2-300x198.png 300w, http:\/\/abcd.abuledu.org\/les-reves-de-cyril\/wp-content\/uploads\/sites\/6\/2015\/04\/loic-coloriage2-1024x674.png 1024w\" sizes=\"(max-width: 1048px) 100vw, 1048px\" \/><\/a><p id=\"caption-attachment-124\" class=\"wp-caption-text\">Les courses de la rentr\u00e9e des classes.<\/p><\/div>\n<h2><\/h2>\n<h2><strong>UN JEU DE DIFF\u00c9RENCES<\/strong><\/h2>\n<div id=\"attachment_92\" style=\"width: 1012px\" class=\"wp-caption aligncenter\"><a href=\"http:\/\/abcd.abuledu.org\/les-reves-de-cyril\/wp-content\/uploads\/sites\/6\/2015\/07\/01-differences.png\" data-rel=\"lightbox-image-6\" data-rl_title=\"\" data-rl_caption=\"\" title=\"\"><img aria-describedby=\"caption-attachment-92\" loading=\"lazy\" class=\"wp-image-92 size-full\" src=\"http:\/\/abcd.abuledu.org\/les-reves-de-cyril\/wp-content\/uploads\/sites\/6\/2015\/07\/01-differences.png\" alt=\"Trouve les 7 diff\u00e9rences avec l'image d'origine.\" width=\"1002\" height=\"352\" srcset=\"http:\/\/abcd.abuledu.org\/les-reves-de-cyril\/wp-content\/uploads\/sites\/6\/2015\/07\/01-differences.png 1002w, http:\/\/abcd.abuledu.org\/les-reves-de-cyril\/wp-content\/uploads\/sites\/6\/2015\/07\/01-differences-300x105.png 300w\" sizes=\"(max-width: 1002px) 100vw, 1002px\" \/><\/a><p id=\"caption-attachment-92\" class=\"wp-caption-text\">Trouve les 7 diff\u00e9rences avec l&rsquo;image d&rsquo;origine<\/p><\/div>\n<h2><\/h2>\n<h2><strong>DESSINE TON R\u00caVE&#8230;<\/strong><\/h2>\n<div id=\"attachment_94\" style=\"width: 1063px\" class=\"wp-caption aligncenter\"><a href=\"http:\/\/abcd.abuledu.org\/les-reves-de-cyril\/wp-content\/uploads\/sites\/6\/2015\/07\/20140921_Dessine-ton-r\u00eave.png\" data-rel=\"lightbox-image-7\" data-rl_title=\"\" data-rl_caption=\"\" title=\"\"><img aria-describedby=\"caption-attachment-94\" loading=\"lazy\" class=\"wp-image-94 size-full\" src=\"http:\/\/abcd.abuledu.org\/les-reves-de-cyril\/wp-content\/uploads\/sites\/6\/2015\/07\/20140921_Dessine-ton-r\u00eave.png\" alt=\"Cr\u00e9e ton avatar et dessine le r\u00eave de tes r\u00eaves...\" width=\"1053\" height=\"745\" srcset=\"http:\/\/abcd.abuledu.org\/les-reves-de-cyril\/wp-content\/uploads\/sites\/6\/2015\/07\/20140921_Dessine-ton-r\u00eave.png 1053w, http:\/\/abcd.abuledu.org\/les-reves-de-cyril\/wp-content\/uploads\/sites\/6\/2015\/07\/20140921_Dessine-ton-r\u00eave-300x212.png 300w, http:\/\/abcd.abuledu.org\/les-reves-de-cyril\/wp-content\/uploads\/sites\/6\/2015\/07\/20140921_Dessine-ton-r\u00eave-1024x724.png 1024w\" sizes=\"(max-width: 1053px) 100vw, 1053px\" \/><\/a><p id=\"caption-attachment-94\" class=\"wp-caption-text\">Cr\u00e9e ton avatar et dessine le r\u00eave de tes r\u00eaves&#8230;<\/p><\/div>\n<h2><\/h2>\n<h2>D&rsquo;AUTRES PROJETS<\/h2>\n<ul>\n<li><strong>Un jeu de l&rsquo;oie<\/strong><\/li>\n<li><strong>Cartes \u00e0 jouer<\/strong><\/li>\n<li>&#8230;<\/li>\n<\/ul>\n","protected":false},"excerpt":{"rendered":"<p>PATRONS \u00c0 T\u00c9L\u00c9CHARGER SUR ABUL\u00c9DU-DATA : CLIQUEZ SUR LE PATRON DE VOTRE CHOIX &nbsp; PATRON DE CYRIL EN COULEURS PATRON DE LO\u00cfC EN COULEURS PATRON DE LO\u00cfC EN NOIR ET BLANC PATRON DE CHLO\u00c9 PATRON DE CHLO\u00c9 EN FOR\u00caT &nbsp; &nbsp; COLORIAGES EN LIGNE OU SUR PAPIER : &nbsp; CLIQUEZ ICI POUR CHOISIR DES COLORIAGES [&hellip;]<\/p>\n","protected":false},"author":1,"featured_media":54,"parent":0,"menu_order":0,"comment_status":"open","ping_status":"open","template":"","meta":[],"categories":[3,4,5],"_links":{"self":[{"href":"http:\/\/abcd.abuledu.org\/les-reves-de-cyril\/wp-json\/wp\/v2\/pages\/10"}],"collection":[{"href":"http:\/\/abcd.abuledu.org\/les-reves-de-cyril\/wp-json\/wp\/v2\/pages"}],"about":[{"href":"http:\/\/abcd.abuledu.org\/les-reves-de-cyril\/wp-json\/wp\/v2\/types\/page"}],"author":[{"embeddable":true,"href":"http:\/\/abcd.abuledu.org\/les-reves-de-cyril\/wp-json\/wp\/v2\/users\/1"}],"replies":[{"embeddable":true,"href":"http:\/\/abcd.abuledu.org\/les-reves-de-cyril\/wp-json\/wp\/v2\/comments?post=10"}],"version-history":[{"count":24,"href":"http:\/\/abcd.abuledu.org\/les-reves-de-cyril\/wp-json\/wp\/v2\/pages\/10\/revisions"}],"predecessor-version":[{"id":220,"href":"http:\/\/abcd.abuledu.org\/les-reves-de-cyril\/wp-json\/wp\/v2\/pages\/10\/revisions\/220"}],"wp:featuredmedia":[{"embeddable":true,"href":"http:\/\/abcd.abuledu.org\/les-reves-de-cyril\/wp-json\/wp\/v2\/media\/54"}],"wp:attachment":[{"href":"http:\/\/abcd.abuledu.org\/les-reves-de-cyril\/wp-json\/wp\/v2\/media?parent=10"}],"wp:term":[{"taxonomy":"category","embeddable":true,"href":"http:\/\/abcd.abuledu.org\/les-reves-de-cyril\/wp-json\/wp\/v2\/categories?post=10"}],"curies":[{"name":"wp","href":"https:\/\/api.w.org\/{rel}","templated":true}]}}