{"id":16,"date":"2015-04-25T23:34:18","date_gmt":"2015-04-25T22:34:18","guid":{"rendered":"http:\/\/abcd.abuledu.org\/les-reves-de-cyril\/?page_id=16"},"modified":"2015-08-21T23:16:14","modified_gmt":"2015-08-21T22:16:14","slug":"six","status":"publish","type":"page","link":"http:\/\/abcd.abuledu.org\/les-reves-de-cyril\/six\/","title":{"rendered":"Modules pour les logiciels de la Suite Abul\u00c9du"},"content":{"rendered":"<h2><strong>AVEC IMAGES S\u00c9QUENTIELLES :<\/strong><\/h2>\n<p>&nbsp;<\/p>\n<div id=\"attachment_64\" style=\"width: 1296px\" class=\"wp-caption aligncenter\"><a href=\"http:\/\/abcd.abuledu.org\/les-reves-de-cyril\/wp-content\/uploads\/sites\/6\/2015\/04\/Images-S\u00e9quentielles_Images-en-ordre-avec-texte_coralie.png\" data-rel=\"lightbox-image-0\" data-rl_title=\"\" data-rl_caption=\"\" title=\"\"><img aria-describedby=\"caption-attachment-64\" loading=\"lazy\" class=\"wp-image-64 size-full\" src=\"http:\/\/abcd.abuledu.org\/les-reves-de-cyril\/wp-content\/uploads\/sites\/6\/2015\/04\/Images-S\u00e9quentielles_Images-en-ordre-avec-texte_coralie.png\" alt=\"Remettre en ordre les images de l'histoire\" width=\"1286\" height=\"750\" srcset=\"http:\/\/abcd.abuledu.org\/les-reves-de-cyril\/wp-content\/uploads\/sites\/6\/2015\/04\/Images-S\u00e9quentielles_Images-en-ordre-avec-texte_coralie.png 1286w, http:\/\/abcd.abuledu.org\/les-reves-de-cyril\/wp-content\/uploads\/sites\/6\/2015\/04\/Images-S\u00e9quentielles_Images-en-ordre-avec-texte_coralie-300x175.png 300w, http:\/\/abcd.abuledu.org\/les-reves-de-cyril\/wp-content\/uploads\/sites\/6\/2015\/04\/Images-S\u00e9quentielles_Images-en-ordre-avec-texte_coralie-1024x597.png 1024w\" sizes=\"(max-width: 1286px) 100vw, 1286px\" \/><\/a><p id=\"caption-attachment-64\" class=\"wp-caption-text\">CORALIE SE D\u00c9GUISE : Remettre en ordre les six images de l&rsquo;histoire. En cliquant sur le point d&rsquo;interrogation jaune, il est possible d&rsquo;\u00e9couter les textes un \u00e0 un.<\/p><\/div>\n<div id=\"attachment_115\" style=\"width: 1292px\" class=\"wp-caption aligncenter\"><a href=\"http:\/\/abcd.abuledu.org\/les-reves-de-cyril\/wp-content\/uploads\/sites\/6\/2015\/04\/ImagesS\u00e9quentiellesLa_rentree_de_Loic.png\" data-rel=\"lightbox-image-1\" data-rl_title=\"\" data-rl_caption=\"\" title=\"\"><img aria-describedby=\"caption-attachment-115\" loading=\"lazy\" class=\"wp-image-115 size-full\" src=\"http:\/\/abcd.abuledu.org\/les-reves-de-cyril\/wp-content\/uploads\/sites\/6\/2015\/04\/ImagesS\u00e9quentiellesLa_rentree_de_Loic.png\" alt=\"LA RENTR\u00c9E DE LO\u00cfC : remettre en ordre les images en les d\u00e9pla\u00e7ant.\" width=\"1282\" height=\"749\" srcset=\"http:\/\/abcd.abuledu.org\/les-reves-de-cyril\/wp-content\/uploads\/sites\/6\/2015\/04\/ImagesS\u00e9quentiellesLa_rentree_de_Loic.png 1282w, http:\/\/abcd.abuledu.org\/les-reves-de-cyril\/wp-content\/uploads\/sites\/6\/2015\/04\/ImagesS\u00e9quentiellesLa_rentree_de_Loic-300x175.png 300w, http:\/\/abcd.abuledu.org\/les-reves-de-cyril\/wp-content\/uploads\/sites\/6\/2015\/04\/ImagesS\u00e9quentiellesLa_rentree_de_Loic-1024x598.png 1024w\" sizes=\"(max-width: 1282px) 100vw, 1282px\" \/><\/a><p id=\"caption-attachment-115\" class=\"wp-caption-text\">LA RENTR\u00c9E DE LO\u00cfC : remettre en ordre les images en les d\u00e9pla\u00e7ant.<\/p><\/div>\n<div id=\"attachment_116\" style=\"width: 1275px\" class=\"wp-caption aligncenter\"><a href=\"http:\/\/abcd.abuledu.org\/les-reves-de-cyril\/wp-content\/uploads\/sites\/6\/2015\/04\/ImagesS\u00e9quentielles_revesdecyril.png\" data-rel=\"lightbox-image-2\" data-rl_title=\"\" data-rl_caption=\"\" title=\"\"><img aria-describedby=\"caption-attachment-116\" loading=\"lazy\" class=\"wp-image-116 size-full\" src=\"http:\/\/abcd.abuledu.org\/les-reves-de-cyril\/wp-content\/uploads\/sites\/6\/2015\/04\/ImagesS\u00e9quentielles_revesdecyril.png\" alt=\"LES R\u00caVES DE CYRIL : aucun indice visuel pour aider \u00e0 la remise en ordre ; il faut lire ou \u00e9couter pour trouver la solution !\" width=\"1265\" height=\"666\" srcset=\"http:\/\/abcd.abuledu.org\/les-reves-de-cyril\/wp-content\/uploads\/sites\/6\/2015\/04\/ImagesS\u00e9quentielles_revesdecyril.png 1265w, http:\/\/abcd.abuledu.org\/les-reves-de-cyril\/wp-content\/uploads\/sites\/6\/2015\/04\/ImagesS\u00e9quentielles_revesdecyril-300x158.png 300w, http:\/\/abcd.abuledu.org\/les-reves-de-cyril\/wp-content\/uploads\/sites\/6\/2015\/04\/ImagesS\u00e9quentielles_revesdecyril-1024x539.png 1024w\" sizes=\"(max-width: 1265px) 100vw, 1265px\" \/><\/a><p id=\"caption-attachment-116\" class=\"wp-caption-text\">LES R\u00caVES DE CYRIL : aucun indice visuel pour aider \u00e0 la remise en ordre ; il faut lire ou \u00e9couter pour trouver la solution !<\/p><\/div>\n<p><strong>D&rsquo;autres <a href=\"https:\/\/www.ryxeo.com\/la-suite-logicielle-abuledu\/\" target=\"_blank\">applications<\/a> basent leurs activit\u00e9s sur des images ou des textes t\u00e9l\u00e9chargeables en classe (disque dur) ou bien emprunt\u00e9s \u00e0 la <a href=\"https:\/\/www.ryxeo.com\/abuledu-data\/\" target=\"_blank\">biblioth\u00e8que<\/a> de Ressources Libres :<\/strong><\/p>\n<ul>\n<li>Minitexte,<\/li>\n<li>Mulot,<\/li>\n<li>Imag\u00e9o,<\/li>\n<li>Contour,<\/li>\n<li>ALLER,<\/li>\n<li>Monsieur Patate.<\/li>\n<\/ul>\n<h2><strong>AVEC MINI-TEXTE :<br \/>\n<\/strong><\/h2>\n<p>&nbsp;<\/p>\n<div id=\"attachment_154\" style=\"width: 1304px\" class=\"wp-caption aligncenter\"><a href=\"http:\/\/abcd.abuledu.org\/les-reves-de-cyril\/wp-content\/uploads\/sites\/6\/2015\/04\/20150713_02.png\" data-rel=\"lightbox-image-3\" data-rl_title=\"\" data-rl_caption=\"\" title=\"\"><img aria-describedby=\"caption-attachment-154\" loading=\"lazy\" class=\"wp-image-154 size-full\" src=\"http:\/\/abcd.abuledu.org\/les-reves-de-cyril\/wp-content\/uploads\/sites\/6\/2015\/04\/20150713_02.png\" alt=\"Une image de vacances \u00e0 la plage, \u00e0 t\u00e9l\u00e9charger depuis  abul\u00e9du-data\" width=\"1294\" height=\"764\" srcset=\"http:\/\/abcd.abuledu.org\/les-reves-de-cyril\/wp-content\/uploads\/sites\/6\/2015\/04\/20150713_02.png 1294w, http:\/\/abcd.abuledu.org\/les-reves-de-cyril\/wp-content\/uploads\/sites\/6\/2015\/04\/20150713_02-300x177.png 300w, http:\/\/abcd.abuledu.org\/les-reves-de-cyril\/wp-content\/uploads\/sites\/6\/2015\/04\/20150713_02-1024x605.png 1024w\" sizes=\"(max-width: 1294px) 100vw, 1294px\" \/><\/a><p id=\"caption-attachment-154\" class=\"wp-caption-text\">Une image de vacances \u00e0 la plage, \u00e0 t\u00e9l\u00e9charger depuis abul\u00e9du-data<\/p><\/div>\n<div id=\"attachment_156\" style=\"width: 1296px\" class=\"wp-caption aligncenter\"><a href=\"http:\/\/abcd.abuledu.org\/les-reves-de-cyril\/wp-content\/uploads\/sites\/6\/2015\/04\/20150713_vacanciers-2.png\" data-rel=\"lightbox-image-4\" data-rl_title=\"\" data-rl_caption=\"\" title=\"\"><img aria-describedby=\"caption-attachment-156\" loading=\"lazy\" class=\"wp-image-156 size-full\" src=\"http:\/\/abcd.abuledu.org\/les-reves-de-cyril\/wp-content\/uploads\/sites\/6\/2015\/04\/20150713_vacanciers-2.png\" alt=\"L\u00e9gender une image avec Mini-texte, v\u00e9rifier la typographie des pauses avec la synth\u00e8se vocale et travailler la mise en page.\" width=\"1286\" height=\"752\" srcset=\"http:\/\/abcd.abuledu.org\/les-reves-de-cyril\/wp-content\/uploads\/sites\/6\/2015\/04\/20150713_vacanciers-2.png 1286w, http:\/\/abcd.abuledu.org\/les-reves-de-cyril\/wp-content\/uploads\/sites\/6\/2015\/04\/20150713_vacanciers-2-300x175.png 300w, http:\/\/abcd.abuledu.org\/les-reves-de-cyril\/wp-content\/uploads\/sites\/6\/2015\/04\/20150713_vacanciers-2-1024x599.png 1024w\" sizes=\"(max-width: 1286px) 100vw, 1286px\" \/><\/a><p id=\"caption-attachment-156\" class=\"wp-caption-text\">L\u00e9gender une image avec Mini-texte, v\u00e9rifier la typographie avec la synth\u00e8se vocale et s&rsquo;entra\u00eener \u00e0 la mise en page<\/p><\/div>\n<h2><strong>AVEC MULOT :<br \/>\n<\/strong><\/h2>\n<p>&nbsp;<\/p>\n<div id=\"attachment_131\" style=\"width: 1290px\" class=\"wp-caption aligncenter\"><a href=\"http:\/\/abcd.abuledu.org\/les-reves-de-cyril\/wp-content\/uploads\/sites\/6\/2015\/04\/Mulot-Parcours-revesdecyril.png\" data-rel=\"lightbox-image-5\" data-rl_title=\"\" data-rl_caption=\"\" title=\"\"><img aria-describedby=\"caption-attachment-131\" loading=\"lazy\" class=\"wp-image-131 size-full\" src=\"http:\/\/abcd.abuledu.org\/les-reves-de-cyril\/wp-content\/uploads\/sites\/6\/2015\/04\/Mulot-Parcours-revesdecyril.png\" alt=\"Parcours avec le logiciel Mulot : Quel est le r\u00eave cach\u00e9 ?\" width=\"1280\" height=\"750\" srcset=\"http:\/\/abcd.abuledu.org\/les-reves-de-cyril\/wp-content\/uploads\/sites\/6\/2015\/04\/Mulot-Parcours-revesdecyril.png 1280w, http:\/\/abcd.abuledu.org\/les-reves-de-cyril\/wp-content\/uploads\/sites\/6\/2015\/04\/Mulot-Parcours-revesdecyril-300x176.png 300w, http:\/\/abcd.abuledu.org\/les-reves-de-cyril\/wp-content\/uploads\/sites\/6\/2015\/04\/Mulot-Parcours-revesdecyril-1024x600.png 1024w\" sizes=\"(max-width: 1280px) 100vw, 1280px\" \/><\/a><p id=\"caption-attachment-131\" class=\"wp-caption-text\">Parcours avec le logiciel Mulot : Quel est le r\u00eave cach\u00e9 ?<\/p><\/div>\n<h2><strong>AVEC \u00ab\u00a0ALLER\u00a0\u00bb :<\/strong><\/h2>\n<p>&nbsp;<\/p>\n<div id=\"attachment_137\" style=\"width: 1278px\" class=\"wp-caption aligncenter\"><a href=\"http:\/\/abcd.abuledu.org\/les-reves-de-cyril\/wp-content\/uploads\/sites\/6\/2015\/04\/coralie_Aller-ttrous.png\" data-rel=\"lightbox-image-6\" data-rl_title=\"\" data-rl_caption=\"\" title=\"\"><img aria-describedby=\"caption-attachment-137\" loading=\"lazy\" class=\"wp-image-137 size-full\" src=\"http:\/\/abcd.abuledu.org\/les-reves-de-cyril\/wp-content\/uploads\/sites\/6\/2015\/04\/coralie_Aller-ttrous.png\" alt=\"Compl\u00e9ter le texte de Coralie, avec le logiciel ALLER\" width=\"1268\" height=\"663\" srcset=\"http:\/\/abcd.abuledu.org\/les-reves-de-cyril\/wp-content\/uploads\/sites\/6\/2015\/04\/coralie_Aller-ttrous.png 1268w, http:\/\/abcd.abuledu.org\/les-reves-de-cyril\/wp-content\/uploads\/sites\/6\/2015\/04\/coralie_Aller-ttrous-300x157.png 300w, http:\/\/abcd.abuledu.org\/les-reves-de-cyril\/wp-content\/uploads\/sites\/6\/2015\/04\/coralie_Aller-ttrous-1024x535.png 1024w\" sizes=\"(max-width: 1268px) 100vw, 1268px\" \/><\/a><p id=\"caption-attachment-137\" class=\"wp-caption-text\">Compl\u00e9ter le texte de Coralie, avec le logiciel ALLER<\/p><\/div>\n<div id=\"attachment_139\" style=\"width: 1260px\" class=\"wp-caption aligncenter\"><a href=\"http:\/\/abcd.abuledu.org\/les-reves-de-cyril\/wp-content\/uploads\/sites\/6\/2015\/04\/coralie_Aller_Ordrealphab\u00e9tique.png\" data-rel=\"lightbox-image-7\" data-rl_title=\"\" data-rl_caption=\"\" title=\"\"><img aria-describedby=\"caption-attachment-139\" loading=\"lazy\" class=\"wp-image-139 size-full\" src=\"http:\/\/abcd.abuledu.org\/les-reves-de-cyril\/wp-content\/uploads\/sites\/6\/2015\/04\/coralie_Aller_Ordrealphab\u00e9tique.png\" alt=\"Retrouver l'ordre alphab\u00e9tique de mots-\u00e9tiquettes, comme dans le dictionnaire.\" width=\"1250\" height=\"666\" srcset=\"http:\/\/abcd.abuledu.org\/les-reves-de-cyril\/wp-content\/uploads\/sites\/6\/2015\/04\/coralie_Aller_Ordrealphab\u00e9tique.png 1250w, http:\/\/abcd.abuledu.org\/les-reves-de-cyril\/wp-content\/uploads\/sites\/6\/2015\/04\/coralie_Aller_Ordrealphab\u00e9tique-300x160.png 300w, http:\/\/abcd.abuledu.org\/les-reves-de-cyril\/wp-content\/uploads\/sites\/6\/2015\/04\/coralie_Aller_Ordrealphab\u00e9tique-1024x546.png 1024w\" sizes=\"(max-width: 1250px) 100vw, 1250px\" \/><\/a><p id=\"caption-attachment-139\" class=\"wp-caption-text\">Retrouver l&rsquo;ordre alphab\u00e9tique de mots-\u00e9tiquettes, comme dans le dictionnaire.<\/p><\/div>\n<h2><\/h2>\n<h2>Il est \u00e9galement possible d&rsquo;inventer des exercices papier et de les mettre en page avec un traitement de texte :<\/h2>\n<div id=\"attachment_127\" style=\"width: 1142px\" class=\"wp-caption aligncenter\"><a href=\"http:\/\/abcd.abuledu.org\/les-reves-de-cyril\/wp-content\/uploads\/sites\/6\/2015\/04\/loic_exercicesderemiseenordre.png\" data-rel=\"lightbox-image-8\" data-rl_title=\"\" data-rl_caption=\"\" title=\"\"><img aria-describedby=\"caption-attachment-127\" loading=\"lazy\" class=\"wp-image-127 size-full\" src=\"http:\/\/abcd.abuledu.org\/les-reves-de-cyril\/wp-content\/uploads\/sites\/6\/2015\/04\/loic_exercicesderemiseenordre.png\" alt=\"Deux exercices avec les six images de Lo\u00efc.\" width=\"1132\" height=\"617\" srcset=\"http:\/\/abcd.abuledu.org\/les-reves-de-cyril\/wp-content\/uploads\/sites\/6\/2015\/04\/loic_exercicesderemiseenordre.png 1132w, http:\/\/abcd.abuledu.org\/les-reves-de-cyril\/wp-content\/uploads\/sites\/6\/2015\/04\/loic_exercicesderemiseenordre-300x164.png 300w, http:\/\/abcd.abuledu.org\/les-reves-de-cyril\/wp-content\/uploads\/sites\/6\/2015\/04\/loic_exercicesderemiseenordre-1024x558.png 1024w\" sizes=\"(max-width: 1132px) 100vw, 1132px\" \/><\/a><p id=\"caption-attachment-127\" class=\"wp-caption-text\">Deux exercices avec les six images de Lo\u00efc.<\/p><\/div>\n<p>&nbsp;<\/p>\n","protected":false},"excerpt":{"rendered":"<p>AVEC IMAGES S\u00c9QUENTIELLES : &nbsp; D&rsquo;autres applications basent leurs activit\u00e9s sur des images ou des textes t\u00e9l\u00e9chargeables en classe (disque dur) ou bien emprunt\u00e9s \u00e0 la biblioth\u00e8que de Ressources Libres : Minitexte, Mulot, Imag\u00e9o, Contour, ALLER, Monsieur Patate. AVEC MINI-TEXTE : &nbsp; AVEC MULOT : &nbsp; AVEC \u00ab\u00a0ALLER\u00a0\u00bb : &nbsp; Il est \u00e9galement possible d&rsquo;inventer [&hellip;]<\/p>\n","protected":false},"author":1,"featured_media":54,"parent":0,"menu_order":0,"comment_status":"open","ping_status":"open","template":"page-full-width.php","meta":[],"categories":[7,3,5],"_links":{"self":[{"href":"http:\/\/abcd.abuledu.org\/les-reves-de-cyril\/wp-json\/wp\/v2\/pages\/16"}],"collection":[{"href":"http:\/\/abcd.abuledu.org\/les-reves-de-cyril\/wp-json\/wp\/v2\/pages"}],"about":[{"href":"http:\/\/abcd.abuledu.org\/les-reves-de-cyril\/wp-json\/wp\/v2\/types\/page"}],"author":[{"embeddable":true,"href":"http:\/\/abcd.abuledu.org\/les-reves-de-cyril\/wp-json\/wp\/v2\/users\/1"}],"replies":[{"embeddable":true,"href":"http:\/\/abcd.abuledu.org\/les-reves-de-cyril\/wp-json\/wp\/v2\/comments?post=16"}],"version-history":[{"count":22,"href":"http:\/\/abcd.abuledu.org\/les-reves-de-cyril\/wp-json\/wp\/v2\/pages\/16\/revisions"}],"predecessor-version":[{"id":228,"href":"http:\/\/abcd.abuledu.org\/les-reves-de-cyril\/wp-json\/wp\/v2\/pages\/16\/revisions\/228"}],"wp:featuredmedia":[{"embeddable":true,"href":"http:\/\/abcd.abuledu.org\/les-reves-de-cyril\/wp-json\/wp\/v2\/media\/54"}],"wp:attachment":[{"href":"http:\/\/abcd.abuledu.org\/les-reves-de-cyril\/wp-json\/wp\/v2\/media?parent=16"}],"wp:term":[{"taxonomy":"category","embeddable":true,"href":"http:\/\/abcd.abuledu.org\/les-reves-de-cyril\/wp-json\/wp\/v2\/categories?post=16"}],"curies":[{"name":"wp","href":"https:\/\/api.w.org\/{rel}","templated":true}]}}