{"id":101,"date":"2015-06-29T00:47:32","date_gmt":"2015-06-28T23:47:32","guid":{"rendered":"http:\/\/abcd.abuledu.org\/sylvanus-aquitaine\/?page_id=101"},"modified":"2015-07-09T10:14:06","modified_gmt":"2015-07-09T09:14:06","slug":"informations-pratiques","status":"publish","type":"page","link":"http:\/\/abcd.abuledu.org\/sylvanus-aquitaine\/informations-pratiques\/","title":{"rendered":"Informations pratiques"},"content":{"rendered":"<p><strong>Le site des mus\u00e9es aquitains<\/strong>, une initiative de <a href=\"https:\/\/fr.wikipedia.org\/wiki\/Le_Festin_%28revue%29\" target=\"_blank\">la revue Le Festin<\/a><\/p>\n<ul>\n<li><a href=\"http:\/\/musees-aquitaine.com\/musees\/geographique.php\" target=\"_blank\">Recherche par d\u00e9partement puis par ville<\/a><\/li>\n<li><a href=\"http:\/\/musees-aquitaine.com\/musees\/typologique.php\" target=\"_blank\">Recherche par th\u00e8me<\/a><\/li>\n<\/ul>\n<p>&nbsp;<\/p>\n<p><strong>R\u00e9servation en <a href=\"http:\/\/www.bordeaux.fr\/o4052\" target=\"_blank\">auberge de jeunesse<\/a><\/strong> \u00e0 Bordeaux pour une classe-d\u00e9couverte par des coll\u00e9giens latinistes par exemple :<\/p>\n<ul>\n<li>adresse : 22, cours Barbey &#8211; prendre le cours de la Marne depuis la gare Saint-Jean, dix minutes \u00e0 pied.<\/li>\n<li><span class=\"text_rouge\">T\u00e9l\u00e9phone : <\/span> 05 56 33 00 70<\/li>\n<li><span class=\"text_rouge\">Courriel pour les r\u00e9servations : <\/span> resa@bxaj.eu<\/li>\n<\/ul>\n<p>&nbsp;<\/p>\n<p><strong>Mus\u00e9e des Arts et Traditions populaires de Biscarrosse (Landes)<\/strong><\/p>\n<ul>\n<li>216, Rue Louis Br\u00e9guet<\/li>\n<li>40600 BISCARROSSE<\/li>\n<li>T\u00e9l : 05 58 78 77 37<\/li>\n<li>Courriel : <a href=\"mailto:acb40@club-internet.fr\">acb4 at club-internet.fr<\/a><\/li>\n<li>Site Internet : <a href=\"http:\/\/museetraditions.com\/\">http:\/\/museetraditions.com\/<\/a><\/li>\n<li>Juillet &#8211; Ao\u00fbt : 9h30 &#8211; 19h ferm\u00e9 Dimanche matin<\/li>\n<li>Du 18 avril au 30 juin et du 1er au 15 septembre : 14h &#8211; 18h ; ferm\u00e9 Dimanche (sauf groupes sur r\u00e9servation)<\/li>\n<\/ul>\n<table border=\"0\" cellspacing=\"0\" cellpadding=\"0\">\n<tbody>\n<tr>\n<td><\/td>\n<td><\/td>\n<\/tr>\n<\/tbody>\n<\/table>\n<p>&nbsp;<\/p>\n<p>&nbsp;<\/p>\n<p>&nbsp;<\/p>\n","protected":false},"excerpt":{"rendered":"<p>Le site des mus\u00e9es aquitains, une initiative de la revue Le Festin Recherche par d\u00e9partement puis par ville Recherche par th\u00e8me &nbsp; R\u00e9servation en auberge de jeunesse \u00e0 Bordeaux pour une classe-d\u00e9couverte par des coll\u00e9giens latinistes par exemple : adresse : 22, cours Barbey &#8211; prendre le cours de la Marne depuis la gare Saint-Jean, [&hellip;]<\/p>\n","protected":false},"author":9,"featured_media":0,"parent":0,"menu_order":0,"comment_status":"closed","ping_status":"open","template":"page-full-width.php","meta":[],"categories":[],"_links":{"self":[{"href":"http:\/\/abcd.abuledu.org\/sylvanus-aquitaine\/wp-json\/wp\/v2\/pages\/101"}],"collection":[{"href":"http:\/\/abcd.abuledu.org\/sylvanus-aquitaine\/wp-json\/wp\/v2\/pages"}],"about":[{"href":"http:\/\/abcd.abuledu.org\/sylvanus-aquitaine\/wp-json\/wp\/v2\/types\/page"}],"author":[{"embeddable":true,"href":"http:\/\/abcd.abuledu.org\/sylvanus-aquitaine\/wp-json\/wp\/v2\/users\/9"}],"replies":[{"embeddable":true,"href":"http:\/\/abcd.abuledu.org\/sylvanus-aquitaine\/wp-json\/wp\/v2\/comments?post=101"}],"version-history":[{"count":9,"href":"http:\/\/abcd.abuledu.org\/sylvanus-aquitaine\/wp-json\/wp\/v2\/pages\/101\/revisions"}],"predecessor-version":[{"id":209,"href":"http:\/\/abcd.abuledu.org\/sylvanus-aquitaine\/wp-json\/wp\/v2\/pages\/101\/revisions\/209"}],"wp:attachment":[{"href":"http:\/\/abcd.abuledu.org\/sylvanus-aquitaine\/wp-json\/wp\/v2\/media?parent=101"}],"wp:term":[{"taxonomy":"category","embeddable":true,"href":"http:\/\/abcd.abuledu.org\/sylvanus-aquitaine\/wp-json\/wp\/v2\/categories?post=101"}],"curies":[{"name":"wp","href":"https:\/\/api.w.org\/{rel}","templated":true}]}}