{"id":33,"date":"2015-06-22T11:26:38","date_gmt":"2015-06-22T10:26:38","guid":{"rendered":"http:\/\/abcd.abuledu.org\/sylvanus-aquitaine\/?p=33"},"modified":"2015-07-08T20:14:55","modified_gmt":"2015-07-08T19:14:55","slug":"sylvanus-a-la-decouverte-de-laquitaine","status":"publish","type":"page","link":"http:\/\/abcd.abuledu.org\/sylvanus-aquitaine\/sylvanus-a-la-decouverte-de-laquitaine\/","title":{"rendered":"Sylvanus \u00e0 la d\u00e9couverte du littoral gascon"},"content":{"rendered":"<p><strong>Sylvanus est un jeune Romain fra\u00eechement d\u00e9barqu\u00e9 \u00e0 Burdigala ; son s\u00e9jour, ses rencontres, ses voyages vont amener nos \u00e9l\u00e8ves \u00e0 d\u00e9couvrir de fa\u00e7on ludique les antiquit\u00e9s r\u00e9gionales mais aussi la g\u00e9ographie, et le d\u00e9veloppement durable.<br \/>\n<\/strong><\/p>\n<p>Pour son premier p\u00e9riple, Sylvanus suit la voie littorale et va rendre visite \u00e0 un de ses oncles, l\u00e9gionnaire en cure aux Eaux-Chaudes des Tarbelles \u00e0 Dax.<\/p>\n<div id=\"attachment_34\" style=\"width: 480px\" class=\"wp-caption aligncenter\"><a href=\"http:\/\/abcd.abuledu.org\/sylvanus-aquitaine\/wp-content\/uploads\/sites\/7\/2015\/06\/C_voies_romaines_Aquitaine-01.jpg\" data-rel=\"lightbox-image-0\" data-rl_title=\"\" data-rl_caption=\"\" title=\"\"><img aria-describedby=\"caption-attachment-34\" loading=\"lazy\" class=\"wp-image-34 size-full\" src=\"http:\/\/abcd.abuledu.org\/sylvanus-aquitaine\/wp-content\/uploads\/sites\/7\/2015\/06\/C_voies_romaines_Aquitaine-01.jpg\" alt=\"Carte des voies romaines dans le sud-ouest de la Gaule\" width=\"470\" height=\"628\" srcset=\"http:\/\/abcd.abuledu.org\/sylvanus-aquitaine\/wp-content\/uploads\/sites\/7\/2015\/06\/C_voies_romaines_Aquitaine-01.jpg 470w, http:\/\/abcd.abuledu.org\/sylvanus-aquitaine\/wp-content\/uploads\/sites\/7\/2015\/06\/C_voies_romaines_Aquitaine-01-225x300.jpg 225w\" sizes=\"(max-width: 470px) 100vw, 470px\" \/><\/a><p id=\"caption-attachment-34\" class=\"wp-caption-text\">D&rsquo;apr\u00e8s la carte des voies romaines en Aquitaine de O H 237. Source : wikimedia commons.<\/p><\/div>\n<p><a href=\"http:\/\/raconte-moi.abuledu.org\/w\/9020-sylvanus_et_pilatorax\" target=\"_blank\">Sa rencontre inqui\u00e9tante avec le druide Pilatorax<\/a> l&rsquo;am\u00e8ne \u00e0 enqu\u00eater sur les activit\u00e9s des \u00ab\u00a0hommes des bois\u00a0\u00bb landais et leurs utilisations du pin et du ch\u00eane.<\/p>\n<p>&nbsp;<\/p>\n","protected":false},"excerpt":{"rendered":"<p>Sylvanus est un jeune Romain fra\u00eechement d\u00e9barqu\u00e9 \u00e0 Burdigala ; son s\u00e9jour, ses rencontres, ses voyages vont amener nos \u00e9l\u00e8ves \u00e0 d\u00e9couvrir de fa\u00e7on ludique les antiquit\u00e9s r\u00e9gionales mais aussi la g\u00e9ographie, et le d\u00e9veloppement durable. Pour son premier p\u00e9riple, Sylvanus suit la voie littorale et va rendre visite \u00e0 un de ses oncles, l\u00e9gionnaire [&hellip;]<\/p>\n","protected":false},"author":9,"featured_media":0,"parent":0,"menu_order":0,"comment_status":"closed","ping_status":"open","template":"page-full-width.php","meta":[],"categories":[2],"_links":{"self":[{"href":"http:\/\/abcd.abuledu.org\/sylvanus-aquitaine\/wp-json\/wp\/v2\/pages\/33"}],"collection":[{"href":"http:\/\/abcd.abuledu.org\/sylvanus-aquitaine\/wp-json\/wp\/v2\/pages"}],"about":[{"href":"http:\/\/abcd.abuledu.org\/sylvanus-aquitaine\/wp-json\/wp\/v2\/types\/page"}],"author":[{"embeddable":true,"href":"http:\/\/abcd.abuledu.org\/sylvanus-aquitaine\/wp-json\/wp\/v2\/users\/9"}],"replies":[{"embeddable":true,"href":"http:\/\/abcd.abuledu.org\/sylvanus-aquitaine\/wp-json\/wp\/v2\/comments?post=33"}],"version-history":[{"count":9,"href":"http:\/\/abcd.abuledu.org\/sylvanus-aquitaine\/wp-json\/wp\/v2\/pages\/33\/revisions"}],"predecessor-version":[{"id":202,"href":"http:\/\/abcd.abuledu.org\/sylvanus-aquitaine\/wp-json\/wp\/v2\/pages\/33\/revisions\/202"}],"wp:attachment":[{"href":"http:\/\/abcd.abuledu.org\/sylvanus-aquitaine\/wp-json\/wp\/v2\/media?parent=33"}],"wp:term":[{"taxonomy":"category","embeddable":true,"href":"http:\/\/abcd.abuledu.org\/sylvanus-aquitaine\/wp-json\/wp\/v2\/categories?post=33"}],"curies":[{"name":"wp","href":"https:\/\/api.w.org\/{rel}","templated":true}]}}