{"id":43,"date":"2015-06-23T13:37:55","date_gmt":"2015-06-23T12:37:55","guid":{"rendered":"http:\/\/abcd.abuledu.org\/sylvanus-aquitaine\/?page_id=43"},"modified":"2016-11-24T01:04:44","modified_gmt":"2016-11-24T00:04:44","slug":"livret","status":"publish","type":"page","link":"http:\/\/abcd.abuledu.org\/sylvanus-aquitaine\/livret\/","title":{"rendered":"Livret et mini-livres"},"content":{"rendered":"<p><strong>Sylvanus et le druide Pilatorax<\/strong>, une histoire invent\u00e9e par Annie Lesca et illustr\u00e9e par Fanny Roquette, en licence libre (juin 2015 en cc-by-sa. ISBN 979-10-93905-06-8).<\/p>\n<div id=\"attachment_58\" style=\"width: 650px\" class=\"wp-caption aligncenter\"><a href=\"http:\/\/abcd.abuledu.org\/sylvanus-aquitaine\/wp-content\/uploads\/sites\/7\/2015\/06\/livre-couverture.png\" data-rel=\"lightbox-image-0\" data-rl_title=\"\" data-rl_caption=\"\" title=\"\"><img aria-describedby=\"caption-attachment-58\" loading=\"lazy\" class=\"wp-image-58 size-large\" src=\"http:\/\/abcd.abuledu.org\/sylvanus-aquitaine\/wp-content\/uploads\/sites\/7\/2015\/06\/livre-couverture-1024x722.png\" alt=\"Couverture du livre\" width=\"640\" height=\"451\" srcset=\"http:\/\/abcd.abuledu.org\/sylvanus-aquitaine\/wp-content\/uploads\/sites\/7\/2015\/06\/livre-couverture-1024x722.png 1024w, http:\/\/abcd.abuledu.org\/sylvanus-aquitaine\/wp-content\/uploads\/sites\/7\/2015\/06\/livre-couverture-300x211.png 300w\" sizes=\"(max-width: 640px) 100vw, 640px\" \/><\/a><p id=\"caption-attachment-58\" class=\"wp-caption-text\">Couverture du livret, mise en page Fanny Roquette, juin 2015.<\/p><\/div>\n<p><strong>Deux mini-livres \u00e0 imprimer ou \u00e0 r\u00e9\u00e9crire :<\/strong><\/p>\n<div id=\"attachment_65\" style=\"width: 650px\" class=\"wp-caption aligncenter\"><a href=\"http:\/\/abcd.abuledu.org\/sylvanus-aquitaine\/wp-content\/uploads\/sites\/7\/2015\/06\/Sylvanusledruide_cp.png\" data-rel=\"lightbox-image-1\" data-rl_title=\"\" data-rl_caption=\"\" title=\"\"><img aria-describedby=\"caption-attachment-65\" loading=\"lazy\" class=\"wp-image-65 size-large\" src=\"http:\/\/abcd.abuledu.org\/sylvanus-aquitaine\/wp-content\/uploads\/sites\/7\/2015\/06\/Sylvanusledruide_cp-1024x644.png\" alt=\"Mini-livre\" width=\"640\" height=\"403\" srcset=\"http:\/\/abcd.abuledu.org\/sylvanus-aquitaine\/wp-content\/uploads\/sites\/7\/2015\/06\/Sylvanusledruide_cp-1024x644.png 1024w, http:\/\/abcd.abuledu.org\/sylvanus-aquitaine\/wp-content\/uploads\/sites\/7\/2015\/06\/Sylvanusledruide_cp-300x189.png 300w, http:\/\/abcd.abuledu.org\/sylvanus-aquitaine\/wp-content\/uploads\/sites\/7\/2015\/06\/Sylvanusledruide_cp.png 1294w\" sizes=\"(max-width: 640px) 100vw, 640px\" \/><\/a><p id=\"caption-attachment-65\" class=\"wp-caption-text\">Mini-livre pour les plus-jeunes, sur une maquette de Jean Imhof, RyX\u00e9o.<\/p><\/div>\n<div id=\"attachment_212\" style=\"width: 815px\" class=\"wp-caption aligncenter\"><a href=\"http:\/\/abcd.abuledu.org\/sylvanus-aquitaine\/wp-content\/uploads\/sites\/7\/2015\/06\/20150712_sylvanus-minilivre03.png\" data-rel=\"lightbox-image-2\" data-rl_title=\"\" data-rl_caption=\"\" title=\"\"><img aria-describedby=\"caption-attachment-212\" loading=\"lazy\" class=\"size-full wp-image-212\" src=\"http:\/\/abcd.abuledu.org\/sylvanus-aquitaine\/wp-content\/uploads\/sites\/7\/2015\/06\/20150712_sylvanus-minilivre03.png\" alt=\"Sylvanus a rendez-vous avec Pilatorax.\" width=\"805\" height=\"574\" srcset=\"http:\/\/abcd.abuledu.org\/sylvanus-aquitaine\/wp-content\/uploads\/sites\/7\/2015\/06\/20150712_sylvanus-minilivre03.png 805w, http:\/\/abcd.abuledu.org\/sylvanus-aquitaine\/wp-content\/uploads\/sites\/7\/2015\/06\/20150712_sylvanus-minilivre03-300x214.png 300w\" sizes=\"(max-width: 805px) 100vw, 805px\" \/><\/a><p id=\"caption-attachment-212\" class=\"wp-caption-text\">Sylvanus a rendez-vous avec Pilatorax.<\/p><\/div>\n<p><a href=\"http:\/\/calestampar.org\/spip.php?article1503\" target=\"_blank\"> Premiers pas avec Scribus<\/a>, merci \u00e0 Jean Imhof de RyX\u00e9o.<\/p>\n<div id=\"attachment_214\" style=\"width: 480px\" class=\"wp-caption aligncenter\"><a href=\"http:\/\/abcd.abuledu.org\/sylvanus-aquitaine\/wp-content\/uploads\/sites\/7\/2015\/06\/20150713_minilivre-silvanus01.png\" data-rel=\"lightbox-image-3\" data-rl_title=\"\" data-rl_caption=\"\" title=\"\"><img aria-describedby=\"caption-attachment-214\" loading=\"lazy\" class=\"size-full wp-image-214\" src=\"http:\/\/abcd.abuledu.org\/sylvanus-aquitaine\/wp-content\/uploads\/sites\/7\/2015\/06\/20150713_minilivre-silvanus01.png\" alt=\"Pour les latinistes...\" width=\"470\" height=\"346\" srcset=\"http:\/\/abcd.abuledu.org\/sylvanus-aquitaine\/wp-content\/uploads\/sites\/7\/2015\/06\/20150713_minilivre-silvanus01.png 470w, http:\/\/abcd.abuledu.org\/sylvanus-aquitaine\/wp-content\/uploads\/sites\/7\/2015\/06\/20150713_minilivre-silvanus01-300x221.png 300w\" sizes=\"(max-width: 470px) 100vw, 470px\" \/><\/a><p id=\"caption-attachment-214\" class=\"wp-caption-text\">Pour les latinistes&#8230;<\/p><\/div>\n<pre class=\"western\"><span style=\"font-family: Verdana,sans-serif\"><span style=\"font-size: medium\"><span style=\"color: #808000\"><strong>SYLVANUS D\u00c9COUVRE LE LITTORAL GASCON<\/strong><\/span>\r\n\r\nSylvanus est arriv\u00e9 depuis plusieurs jours \u00e0 Burdigala\u00a0; il ne se lasse pas de circuler le long du port d'estey au gr\u00e9 de mar\u00e9es oc\u00e9anes qu'il d\u00e9couvre pour la premi\u00e8re fois de sa vie. Le vacarme, l'agitation, les jurons, les bagarres, les histoires, les odeurs, tout le fascine.<\/span><\/span>\r\n<span style=\"font-family: Verdana,sans-serif\"><span style=\"font-size: medium\">Un jour, il entend parler d'un druide tr\u00e8s savant qui pr\u00e9dit l'avenir. Il vit en ermite \u00e0 des lieues de la ville, en bordure de l'oc\u00e9an. Est-il vraiment aussi savant que la Pythie de Delphes\u00a0? Sylvanus d\u00e9cide d'aller le consulter et se joint \u00e0 un convoi qui va chercher saumure et r\u00e9sines dans la cit\u00e9 de Boios. Qui sait ce que l'avenir lui r\u00e9serve\u00a0? Sera-t-il empereur\u00a0?<\/span><\/span>\r\n\r\n<span style=\"font-family: Verdana,sans-serif\"><span style=\"font-size: medium\">Le voil\u00e0 rendu au pied de la for\u00eat de la Bila Seuva ; pendant que les marchands chargent les lourdes dolia de la poix attendue pour calfater les gal\u00e8res, il grimpe vaillamment jusqu'au sommet du Truc de la Truque.<\/span><\/span>\r\n<span style=\"font-family: Verdana,sans-serif\"><span style=\"font-size: medium\">La pente est raide, il faut se frayer un chemin \u00e0 travers les ronces et les orties\u00a0; l'ombre des ch\u00eanes centenaires ne le prot\u00e8ge que peu de la chaleur orageuse et des moustiques. La for\u00eat semble d\u00e9serte et il doit se fier \u00e0 la course du soleil pour garder son cap \u00e0 l'ouest. Seule trouvaille une corne de vache sauvage abandonn\u00e9e qu'il r\u00e9cup\u00e8re au passage. Il sifflote pour garder son allure militaire.<\/span><\/span>\r\n\r\n<span style=\"font-family: Verdana,sans-serif\"><span style=\"font-size: medium\">Arriv\u00e9 au sommet, le vent de noroit et le spectacle le rendent muet de saisissement. La mer verte et la mer bleue se font face. Le voil\u00e0 donc ce terrible Sinus Aquitanicus dont parlent les navigateurs\u00a0! le voil\u00e0 donc ce terrible Promontoire Curian responsable de tant de naufrages de cargaisons d'\u00e9tain des \u00eeles Cassit\u00e9rides\u00a0! Le fracas des brisants, le coassement des mouettes et des go\u00e9lands parviennent jusqu'\u00e0 lui, comme autant de signaux de d\u00e9tresse.<\/span><\/span>\r\n<span style=\"font-family: Verdana,sans-serif\"><span style=\"font-size: medium\">Sylvanus h\u00e9site, pr\u00eat \u00e0 rebrousser chemin. Superstitieux, il attend un signe et surveille la course des nuages. Quelle id\u00e9e saugrenue d'aller consulter ce druide qui n'est probablement qu'un charlatan de plus\u00a0! La fiert\u00e9 le retient, pas question de revenir bredouille et d'affronter les sarcasmes des marchands. <\/span><\/span>\r\n\r\n<span style=\"font-family: Verdana,sans-serif\"><span style=\"font-size: medium\">Il descend prudemment en direction de la mer et l\u00e0, il d\u00e9couvre avec \u00e9tonnement toute une s\u00e9rie de lagunes au bord desquelles des sauniers r\u00e9coltent les pains de sel et bavardent avec les p\u00eacheurs qui tendent leurs filets \u00e0 s\u00e9cher. En voyant un soldat romain approcher, tous se taisent et se d\u00e9tournent.<\/span><\/span>\r\n<span style=\"font-family: Verdana,sans-serif\"><span style=\"font-size: medium\">Tout penaud, Sylvanus s'\u00e9carte et s'en va recueillir sur la gr\u00e8ve les objets n\u00e9cessaires au rituel des augures, une plume pour le monde a\u00e9rien, une coquille d'ostrea edulis pour le monde marin, un liseron pour le monde v\u00e9g\u00e9tal\u00a0; la corne de vache servira pour le monde animal.<\/span><\/span>\r\n<span style=\"font-family: Verdana,sans-serif\"><span style=\"font-size: medium\">Puis il cherche du regard le passeur qui doit le conduire jusqu'\u00e0 l'\u00eele du Matoc. Celui-ci le h\u00e8le dans une langue gutturale qu'il a du mal \u00e0 comprendre et il embarque. M\u00e9fiant et prudent, Sylvanus garde son denier\u00a0: il ne le paiera qu'au retour.<\/span><\/span>\r\n\r\n<span style=\"font-family: Verdana,sans-serif\"><span style=\"font-size: medium\">C'est le c\u0153ur serr\u00e9 qu'il voit s'\u00e9loigner le rivage\u00a0; ni le clapotis des vagues contre la coque de la pirogue ni celui r\u00e9gulier des avirons n'arrivent \u00e0 calmer son appr\u00e9hension grandissante. Il a beau serrer son scarab\u00e9e-f\u00e9tiche, rien n'y fait.<\/span><\/span>\r\n<span style=\"font-family: Verdana,sans-serif\"><span style=\"font-size: medium\">Le d\u00e9barcad\u00e8re en bois est enfin l\u00e0, il saute \u00e0 terre en veillant \u00e0 ne pas tr\u00e9bucher. Mais il d\u00e9range les autochtones et une nu\u00e9e de sternes d\u00e9colle bruyamment. <\/span><\/span>\r\n\r\n<span style=\"font-family: Verdana,sans-serif\"><span style=\"font-size: medium\">Pieds nus dans les flaques, comme surgi de nulle part, mi-druide, mi-haruspice, un vieillard l'observe en silence un long moment. Puis, du bout de son baton, il trace un cercle sur le sable ; il divise le disque en quatre parties orient\u00e9es selon la course du soleil.<\/span><\/span>\r\n<span style=\"font-family: Verdana,sans-serif\"><span style=\"font-size: medium\">Sylvanus comprend qu'il doit d\u00e9poser dans chacun de ces quartiers une de ses offrandes\u00a0: il r\u00e9fl\u00e9chit et pose le liseron au couchant, la plume de mouette au levant, l'hu\u00eetre et la corne de fa\u00e7on oppos\u00e9e, dans l'axe des p\u00f4les.<\/span><\/span>\r\n<span style=\"font-family: Verdana,sans-serif\"><span style=\"font-size: medium\">Mais le vent se l\u00e8ve d'un coup, soulevant un nuage de sable qui vient tout recouvrir. Alors le mage prononce son oracle\u00a0terrible : <\/span><\/span>\r\n<span style=\"font-family: Verdana,sans-serif\"><span style=\"font-size: medium\"><i>Quand les enfants auront coup\u00e9 les longs cheveux verts de leur a\u00efeule, celle-ci ne pourra plus leur donner asile. Les lacs d\u00e9borderont de pleurs, les cit\u00e9s seront ensevelies, les dunes deviendront chauves.<\/i><\/span><\/span><\/pre>\n","protected":false},"excerpt":{"rendered":"<p>Sylvanus et le druide Pilatorax, une histoire invent\u00e9e par Annie Lesca et illustr\u00e9e par Fanny Roquette, en licence libre (juin 2015 en cc-by-sa. ISBN 979-10-93905-06-8). Deux mini-livres \u00e0 imprimer ou \u00e0 r\u00e9\u00e9crire : Premiers pas avec Scribus, merci \u00e0 Jean Imhof de RyX\u00e9o. SYLVANUS D\u00c9COUVRE LE LITTORAL GASCON Sylvanus est arriv\u00e9 depuis plusieurs jours \u00e0 [&hellip;]<\/p>\n","protected":false},"author":2,"featured_media":0,"parent":0,"menu_order":0,"comment_status":"closed","ping_status":"closed","template":"page-full-width.php","meta":[],"categories":[6,3,4,2],"_links":{"self":[{"href":"http:\/\/abcd.abuledu.org\/sylvanus-aquitaine\/wp-json\/wp\/v2\/pages\/43"}],"collection":[{"href":"http:\/\/abcd.abuledu.org\/sylvanus-aquitaine\/wp-json\/wp\/v2\/pages"}],"about":[{"href":"http:\/\/abcd.abuledu.org\/sylvanus-aquitaine\/wp-json\/wp\/v2\/types\/page"}],"author":[{"embeddable":true,"href":"http:\/\/abcd.abuledu.org\/sylvanus-aquitaine\/wp-json\/wp\/v2\/users\/2"}],"replies":[{"embeddable":true,"href":"http:\/\/abcd.abuledu.org\/sylvanus-aquitaine\/wp-json\/wp\/v2\/comments?post=43"}],"version-history":[{"count":15,"href":"http:\/\/abcd.abuledu.org\/sylvanus-aquitaine\/wp-json\/wp\/v2\/pages\/43\/revisions"}],"predecessor-version":[{"id":276,"href":"http:\/\/abcd.abuledu.org\/sylvanus-aquitaine\/wp-json\/wp\/v2\/pages\/43\/revisions\/276"}],"wp:attachment":[{"href":"http:\/\/abcd.abuledu.org\/sylvanus-aquitaine\/wp-json\/wp\/v2\/media?parent=43"}],"wp:term":[{"taxonomy":"category","embeddable":true,"href":"http:\/\/abcd.abuledu.org\/sylvanus-aquitaine\/wp-json\/wp\/v2\/categories?post=43"}],"curies":[{"name":"wp","href":"https:\/\/api.w.org\/{rel}","templated":true}]}}