{"id":45,"date":"2015-06-23T13:38:24","date_gmt":"2015-06-23T12:38:24","guid":{"rendered":"http:\/\/abcd.abuledu.org\/sylvanus-aquitaine\/?page_id=45"},"modified":"2015-07-08T19:38:14","modified_gmt":"2015-07-08T18:38:14","slug":"fiches-pedagogiques","status":"publish","type":"page","link":"http:\/\/abcd.abuledu.org\/sylvanus-aquitaine\/fiches-pedagogiques\/","title":{"rendered":"Fiches p\u00e9dagogiques"},"content":{"rendered":"<p>Douze fiches de connaissance \u00e0 destination des 8-13 ans ont \u00e9t\u00e9 cr\u00e9\u00e9es par Fanny Roquette pour son stage de fin d&rsquo;\u00e9tudes \u00e0 l&rsquo;<a href=\"http:\/\/www.esaa-aquitaine.com\/\">ESAA d&rsquo;Aquitaine<\/a>.<\/p>\n<div id=\"attachment_170\" style=\"width: 650px\" class=\"wp-caption aligncenter\"><a href=\"http:\/\/abcd.abuledu.org\/sylvanus-aquitaine\/wp-content\/uploads\/sites\/7\/2015\/06\/01-fiche-mosaique-page02.png\" data-rel=\"lightbox-image-0\" data-rl_title=\"\" data-rl_caption=\"\" title=\"\"><img aria-describedby=\"caption-attachment-170\" loading=\"lazy\" class=\"wp-image-170 size-large\" src=\"http:\/\/abcd.abuledu.org\/sylvanus-aquitaine\/wp-content\/uploads\/sites\/7\/2015\/06\/01-fiche-mosaique-page02-675x1024.png\" alt=\"Page 2 de la fiche sur les mosa\u00efques\" width=\"640\" height=\"971\" srcset=\"http:\/\/abcd.abuledu.org\/sylvanus-aquitaine\/wp-content\/uploads\/sites\/7\/2015\/06\/01-fiche-mosaique-page02-675x1024.png 675w, http:\/\/abcd.abuledu.org\/sylvanus-aquitaine\/wp-content\/uploads\/sites\/7\/2015\/06\/01-fiche-mosaique-page02-198x300.png 198w, http:\/\/abcd.abuledu.org\/sylvanus-aquitaine\/wp-content\/uploads\/sites\/7\/2015\/06\/01-fiche-mosaique-page02.png 1584w\" sizes=\"(max-width: 640px) 100vw, 640px\" \/><\/a><p id=\"caption-attachment-170\" class=\"wp-caption-text\">Page 2 de la fiche sur les mosa\u00efques<\/p><\/div>\n<p><strong> Voici les sources iconographiques et textuelles<\/strong> qui ont servi de base \u00e0 la mise en page de ces douze fiches ; si la licence de reproduction n&rsquo;est pas respect\u00e9e, merci de nous en informer, nous supprimerons imm\u00e9diatement l&rsquo;image, la l\u00e9gende ou le lien concern\u00e9s :<\/p>\n<ul>\n<li><a href=\"http:\/\/calestampar.org\/spip.php?article1497\" target=\"_blank\">Mosa\u00efques gallo-romaines en Gironde<\/a><\/li>\n<li><a href=\"http:\/\/calestampar.org\/spip.php?article1470\" target=\"_blank\">Le Palais Gallien \u00e0 Bordeaux<\/a><\/li>\n<li><a href=\"http:\/\/calestampar.org\/spip.php?rubrique118\" target=\"_blank\">Le Jupiter d&rsquo;Andernos<\/a><\/li>\n<li><a href=\"http:\/\/calestampar.org\/spip.php?article1501\" target=\"_blank\">Le sel des Bo\u00efates<\/a><\/li>\n<\/ul>\n<div id=\"attachment_195\" style=\"width: 914px\" class=\"wp-caption aligncenter\"><a href=\"http:\/\/abcd.abuledu.org\/sylvanus-aquitaine\/wp-content\/uploads\/sites\/7\/2015\/06\/fabricationdusel_Six-pieds-sous-terre-il-y-a-3000-ans-arch\u00e9ologie-des-Landes-de-Gascogne.png\" data-rel=\"lightbox-image-1\" data-rl_title=\"\" data-rl_caption=\"\" title=\"\"><img aria-describedby=\"caption-attachment-195\" loading=\"lazy\" class=\"wp-image-195 size-full\" src=\"http:\/\/abcd.abuledu.org\/sylvanus-aquitaine\/wp-content\/uploads\/sites\/7\/2015\/06\/fabricationdusel_Six-pieds-sous-terre-il-y-a-3000-ans-arch\u00e9ologie-des-Landes-de-Gascogne.png\" alt=\"Proposition de restitution : technique de r\u00e9cup\u00e9ration du sel de mer sur le littoral \u00e0 l'\u00e2ge du fer, par G. Tosello.\" width=\"904\" height=\"696\" srcset=\"http:\/\/abcd.abuledu.org\/sylvanus-aquitaine\/wp-content\/uploads\/sites\/7\/2015\/06\/fabricationdusel_Six-pieds-sous-terre-il-y-a-3000-ans-arch\u00e9ologie-des-Landes-de-Gascogne.png 904w, http:\/\/abcd.abuledu.org\/sylvanus-aquitaine\/wp-content\/uploads\/sites\/7\/2015\/06\/fabricationdusel_Six-pieds-sous-terre-il-y-a-3000-ans-arch\u00e9ologie-des-Landes-de-Gascogne-300x231.png 300w\" sizes=\"(max-width: 904px) 100vw, 904px\" \/><\/a><p id=\"caption-attachment-195\" class=\"wp-caption-text\">Proposition de restitution de r\u00e9cup\u00e9ration du sel de mer sur le littoral par G. Tosello.<\/p><\/div>\n<ul>\n<li><a href=\"http:\/\/calestampar.org\/spip.php?article1492\" target=\"_blank\">Les pirogues de Sanguinet<\/a><\/li>\n<li><a href=\"http:\/\/calestampar.org\/spip.php?article1495\" target=\"_blank\">La poix et les dolia des Bo\u00efates<\/a><\/li>\n<li><a href=\"http:\/\/calestampar.org\/spip.php?article1499\" target=\"_blank\">Arch\u00e9ologie subaquatique<\/a><\/li>\n<li><a href=\"http:\/\/calestampar.org\/spip.php?article1496\" target=\"_blank\">Prospection a\u00e9rienne en arch\u00e9ologie<\/a><\/li>\n<li><a href=\"http:\/\/calestampar.org\/spip.php?article1500\" target=\"_blank\">Toponymie et prospection arch\u00e9ologique<\/a><\/li>\n<li><a href=\"http:\/\/calestampar.org\/spip.php?article1494\" target=\"_blank\">Pal\u00e9osols du littoral gascon<\/a><\/li>\n<li><a href=\"http:\/\/calestampar.org\/spip.php?article1491\" target=\"_blank\">Les remparts gallo-romains et la source chaude de Dax<\/a><\/li>\n<\/ul>\n","protected":false},"excerpt":{"rendered":"<p>Douze fiches de connaissance \u00e0 destination des 8-13 ans ont \u00e9t\u00e9 cr\u00e9\u00e9es par Fanny Roquette pour son stage de fin d&rsquo;\u00e9tudes \u00e0 l&rsquo;ESAA d&rsquo;Aquitaine. Voici les sources iconographiques et textuelles qui ont servi de base \u00e0 la mise en page de ces douze fiches ; si la licence de reproduction n&rsquo;est pas respect\u00e9e, merci de [&hellip;]<\/p>\n","protected":false},"author":2,"featured_media":0,"parent":0,"menu_order":0,"comment_status":"closed","ping_status":"closed","template":"page-full-width.php","meta":[],"categories":[4],"_links":{"self":[{"href":"http:\/\/abcd.abuledu.org\/sylvanus-aquitaine\/wp-json\/wp\/v2\/pages\/45"}],"collection":[{"href":"http:\/\/abcd.abuledu.org\/sylvanus-aquitaine\/wp-json\/wp\/v2\/pages"}],"about":[{"href":"http:\/\/abcd.abuledu.org\/sylvanus-aquitaine\/wp-json\/wp\/v2\/types\/page"}],"author":[{"embeddable":true,"href":"http:\/\/abcd.abuledu.org\/sylvanus-aquitaine\/wp-json\/wp\/v2\/users\/2"}],"replies":[{"embeddable":true,"href":"http:\/\/abcd.abuledu.org\/sylvanus-aquitaine\/wp-json\/wp\/v2\/comments?post=45"}],"version-history":[{"count":15,"href":"http:\/\/abcd.abuledu.org\/sylvanus-aquitaine\/wp-json\/wp\/v2\/pages\/45\/revisions"}],"predecessor-version":[{"id":197,"href":"http:\/\/abcd.abuledu.org\/sylvanus-aquitaine\/wp-json\/wp\/v2\/pages\/45\/revisions\/197"}],"wp:attachment":[{"href":"http:\/\/abcd.abuledu.org\/sylvanus-aquitaine\/wp-json\/wp\/v2\/media?parent=45"}],"wp:term":[{"taxonomy":"category","embeddable":true,"href":"http:\/\/abcd.abuledu.org\/sylvanus-aquitaine\/wp-json\/wp\/v2\/categories?post=45"}],"curies":[{"name":"wp","href":"https:\/\/api.w.org\/{rel}","templated":true}]}}