{"id":72,"date":"2015-06-25T17:38:56","date_gmt":"2015-06-25T16:38:56","guid":{"rendered":"http:\/\/abcd.abuledu.org\/sylvanus-aquitaine\/?page_id=72"},"modified":"2015-11-09T21:45:51","modified_gmt":"2015-11-09T20:45:51","slug":"la-fabrique","status":"publish","type":"page","link":"http:\/\/abcd.abuledu.org\/sylvanus-aquitaine\/la-fabrique\/","title":{"rendered":"La Fabrique"},"content":{"rendered":"<p>Le projet innovant d&rsquo;\u00e9dition pluri-m\u00e9dia de la \u00ab\u00a0Fabrique d&rsquo;Abul\u00c9du\u00a0\u00bb a \u00e9t\u00e9 pr\u00e9sent\u00e9 par \u00c9ric Seigne aux <a href=\"https:\/\/2014.rmll.info\/slides\/96\/140709-rmll-educ-abuledu-Seigne.pdf\" target=\"_blank\">Rencontres Mondiales 2014 du Logiciel Libre<\/a> : il fait le lien entre ressources papier et num\u00e9riques.<\/p>\n<p>Chaque livre \u00e9dit\u00e9 par <a href=\"https:\/\/www.ryxeo.com\" target=\"_blank\">RyX\u00e9o<\/a> ou l&rsquo;association <a href=\"http:\/\/abuledu-fr.org\/qui-sommes-nous\/\" target=\"_blank\">Abul\u00c9du-fr<\/a> s&rsquo;entoure des ressources compl\u00e9mentaires de son choix ; le point commun ? interactivit\u00e9 et cr\u00e9ativit\u00e9.<\/p>\n<p>&nbsp;<\/p>\n<p>Pour Sylvanus,<\/p>\n<ul>\n<li>un jeu invent\u00e9 par Fanny de vingt-quatre <strong>cartes-d\u00e9fis<\/strong> \u00e0 associer :\n<div id=\"attachment_93\" style=\"width: 650px\" class=\"wp-caption aligncenter\"><a href=\"http:\/\/abcd.abuledu.org\/sylvanus-aquitaine\/wp-content\/uploads\/sites\/7\/2015\/06\/4flashcardrecto.png\" data-rel=\"lightbox-image-0\" data-rl_title=\"\" data-rl_caption=\"\" title=\"\"><img aria-describedby=\"caption-attachment-93\" loading=\"lazy\" class=\"wp-image-93 size-large\" src=\"http:\/\/abcd.abuledu.org\/sylvanus-aquitaine\/wp-content\/uploads\/sites\/7\/2015\/06\/4flashcardrecto-1009x1024.png\" alt=\"Recto de quatre cartes\" width=\"640\" height=\"650\" srcset=\"http:\/\/abcd.abuledu.org\/sylvanus-aquitaine\/wp-content\/uploads\/sites\/7\/2015\/06\/4flashcardrecto-1009x1024.png 1009w, http:\/\/abcd.abuledu.org\/sylvanus-aquitaine\/wp-content\/uploads\/sites\/7\/2015\/06\/4flashcardrecto-296x300.png 296w, http:\/\/abcd.abuledu.org\/sylvanus-aquitaine\/wp-content\/uploads\/sites\/7\/2015\/06\/4flashcardrecto.png 1455w\" sizes=\"(max-width: 640px) 100vw, 640px\" \/><\/a><p id=\"caption-attachment-93\" class=\"wp-caption-text\">Quatre cartes illustr\u00e9es par Fanny.<\/p><\/div>\n<p>&nbsp;<\/li>\n<li><a href=\"http:\/\/calestampar.org\/spip.php?article1470\" target=\"_blank\">des <strong>circuits avec QrCodes<\/strong><\/a> sur fond de carte libre (OpenStreet Map) :<\/li>\n<\/ul>\n<div id=\"attachment_98\" style=\"width: 716px\" class=\"wp-caption aligncenter\"><a href=\"http:\/\/abcd.abuledu.org\/sylvanus-aquitaine\/wp-content\/uploads\/sites\/7\/2015\/06\/20150626_dax.png\" data-rel=\"lightbox-image-1\" data-rl_title=\"\" data-rl_caption=\"\" title=\"\"><img aria-describedby=\"caption-attachment-98\" loading=\"lazy\" class=\"wp-image-98 size-full\" src=\"http:\/\/abcd.abuledu.org\/sylvanus-aquitaine\/wp-content\/uploads\/sites\/7\/2015\/06\/20150626_dax.png\" alt=\"Balade audio-guid\u00e9e dans Aquae Tarbellicae\" width=\"706\" height=\"651\" srcset=\"http:\/\/abcd.abuledu.org\/sylvanus-aquitaine\/wp-content\/uploads\/sites\/7\/2015\/06\/20150626_dax.png 706w, http:\/\/abcd.abuledu.org\/sylvanus-aquitaine\/wp-content\/uploads\/sites\/7\/2015\/06\/20150626_dax-300x277.png 300w\" sizes=\"(max-width: 706px) 100vw, 706px\" \/><\/a><p id=\"caption-attachment-98\" class=\"wp-caption-text\">Mini-balade sonore p\u00e9destre \u00e0 Dax, \u00e0 la d\u00e9couverte d&rsquo;Aquae Tarbellicae.<\/p><\/div>\n<ul>\n<li>\u00a0avec le logiciel libre <a href=\"http:\/\/abuledu-fr.org\/creer-ses-tampons-pour-tuxpaint\/\" target=\"_blank\">TuxPaint<\/a><\/li>\n<\/ul>\n<div id=\"attachment_216\" style=\"width: 722px\" class=\"wp-caption aligncenter\"><a href=\"http:\/\/abcd.abuledu.org\/sylvanus-aquitaine\/wp-content\/uploads\/sites\/7\/2015\/06\/20150714_tuxpaint-stamps-silvanus.png\" data-rel=\"lightbox-image-2\" data-rl_title=\"\" data-rl_caption=\"\" title=\"\"><img aria-describedby=\"caption-attachment-216\" loading=\"lazy\" class=\"size-full wp-image-216\" src=\"http:\/\/abcd.abuledu.org\/sylvanus-aquitaine\/wp-content\/uploads\/sites\/7\/2015\/06\/20150714_tuxpaint-stamps-silvanus.png\" alt=\"Trente tampons pour jouer en ligne avec TuxPaint.\" width=\"712\" height=\"589\" srcset=\"http:\/\/abcd.abuledu.org\/sylvanus-aquitaine\/wp-content\/uploads\/sites\/7\/2015\/06\/20150714_tuxpaint-stamps-silvanus.png 712w, http:\/\/abcd.abuledu.org\/sylvanus-aquitaine\/wp-content\/uploads\/sites\/7\/2015\/06\/20150714_tuxpaint-stamps-silvanus-300x248.png 300w\" sizes=\"(max-width: 712px) 100vw, 712px\" \/><\/a><p id=\"caption-attachment-216\" class=\"wp-caption-text\">Trente tampons pour jouer en ligne avec TuxPaint.<\/p><\/div>\n<ul>\n<li>des <strong>questions<\/strong> sur la toute nouvelle application <a href=\"http:\/\/qiro.fr\/\" target=\"_blank\">QiRo<\/a>,<\/li>\n<\/ul>\n<div id=\"attachment_168\" style=\"width: 650px\" class=\"wp-caption aligncenter\"><a href=\"http:\/\/abcd.abuledu.org\/sylvanus-aquitaine\/wp-content\/uploads\/sites\/7\/2015\/06\/20150704_Qiro.png\" data-rel=\"lightbox-image-3\" data-rl_title=\"\" data-rl_caption=\"\" title=\"\"><img aria-describedby=\"caption-attachment-168\" loading=\"lazy\" class=\"wp-image-168 size-large\" src=\"http:\/\/abcd.abuledu.org\/sylvanus-aquitaine\/wp-content\/uploads\/sites\/7\/2015\/06\/20150704_Qiro-1024x543.png\" alt=\"Premi\u00e8re question pos\u00e9e sur QiRo.\" width=\"640\" height=\"339\" srcset=\"http:\/\/abcd.abuledu.org\/sylvanus-aquitaine\/wp-content\/uploads\/sites\/7\/2015\/06\/20150704_Qiro-1024x543.png 1024w, http:\/\/abcd.abuledu.org\/sylvanus-aquitaine\/wp-content\/uploads\/sites\/7\/2015\/06\/20150704_Qiro-300x159.png 300w, http:\/\/abcd.abuledu.org\/sylvanus-aquitaine\/wp-content\/uploads\/sites\/7\/2015\/06\/20150704_Qiro.png 1146w\" sizes=\"(max-width: 640px) 100vw, 640px\" \/><\/a><p id=\"caption-attachment-168\" class=\"wp-caption-text\">Premi\u00e8re question pos\u00e9e sur QiRo.<\/p><\/div>\n<p>&nbsp;<\/p>\n<ul>\n<li>des papertoys \u00e0 plier, d\u00e9couper et coller : <strong>le passeur gaulois (ci-apr\u00e8s)<\/strong> et en projet, le druide et Sylvanus.<\/li>\n<\/ul>\n<div id=\"attachment_179\" style=\"width: 650px\" class=\"wp-caption aligncenter\"><a href=\"http:\/\/abcd.abuledu.org\/sylvanus-aquitaine\/wp-content\/uploads\/sites\/7\/2015\/06\/20150707_gaulois-AP.jpg\" data-rel=\"lightbox-image-4\" data-rl_title=\"\" data-rl_caption=\"\" title=\"\"><img aria-describedby=\"caption-attachment-179\" loading=\"lazy\" class=\"wp-image-179 size-large\" src=\"http:\/\/abcd.abuledu.org\/sylvanus-aquitaine\/wp-content\/uploads\/sites\/7\/2015\/06\/20150707_gaulois-AP-910x1024.jpg\" alt=\"Mod\u00e8le \u00e0 imprimer, d\u00e9couper et coller : le passeur gaulois, vu par Arnaud P\u00e9rat.\" width=\"640\" height=\"720\" srcset=\"http:\/\/abcd.abuledu.org\/sylvanus-aquitaine\/wp-content\/uploads\/sites\/7\/2015\/06\/20150707_gaulois-AP-910x1024.jpg 910w, http:\/\/abcd.abuledu.org\/sylvanus-aquitaine\/wp-content\/uploads\/sites\/7\/2015\/06\/20150707_gaulois-AP-267x300.jpg 267w\" sizes=\"(max-width: 640px) 100vw, 640px\" \/><\/a><p id=\"caption-attachment-179\" class=\"wp-caption-text\">Mod\u00e8le \u00e0 imprimer, d\u00e9couper et coller : le passeur gaulois, vu par Arnaud P\u00e9rat de RyX\u00e9o.<\/p><\/div>\n<p>&nbsp;<\/p>\n<ul>\n<li>des d\u00e9fis \u00e0 construire ensemble :<\/li>\n<\/ul>\n<div id=\"attachment_203\" style=\"width: 650px\" class=\"wp-caption aligncenter\"><a href=\"http:\/\/abcd.abuledu.org\/sylvanus-aquitaine\/wp-content\/uploads\/sites\/7\/2015\/06\/20150708_affiche-finale.png\" data-rel=\"lightbox-image-5\" data-rl_title=\"\" data-rl_caption=\"\" title=\"\"><img aria-describedby=\"caption-attachment-203\" loading=\"lazy\" class=\"size-large wp-image-203\" src=\"http:\/\/abcd.abuledu.org\/sylvanus-aquitaine\/wp-content\/uploads\/sites\/7\/2015\/06\/20150708_affiche-finale-724x1024.png\" alt=\"Quelques d\u00e9fis pos\u00e9s par Fanny \u00e0 ses lecteurs, avec solution !\" width=\"640\" height=\"905\" srcset=\"http:\/\/abcd.abuledu.org\/sylvanus-aquitaine\/wp-content\/uploads\/sites\/7\/2015\/06\/20150708_affiche-finale-724x1024.png 724w, http:\/\/abcd.abuledu.org\/sylvanus-aquitaine\/wp-content\/uploads\/sites\/7\/2015\/06\/20150708_affiche-finale-212x300.png 212w, http:\/\/abcd.abuledu.org\/sylvanus-aquitaine\/wp-content\/uploads\/sites\/7\/2015\/06\/20150708_affiche-finale.png 1000w\" sizes=\"(max-width: 640px) 100vw, 640px\" \/><\/a><p id=\"caption-attachment-203\" class=\"wp-caption-text\">Quelques d\u00e9fis pos\u00e9s par Fanny \u00e0 ses lecteurs, avec solution !<\/p><\/div>\n<ul>\n<li>des <strong>devinettes<\/strong> pos\u00e9es sur le futur EDUtwit.<\/li>\n<\/ul>\n<p>&nbsp;<\/p>\n","protected":false},"excerpt":{"rendered":"<p>Le projet innovant d&rsquo;\u00e9dition pluri-m\u00e9dia de la \u00ab\u00a0Fabrique d&rsquo;Abul\u00c9du\u00a0\u00bb a \u00e9t\u00e9 pr\u00e9sent\u00e9 par \u00c9ric Seigne aux Rencontres Mondiales 2014 du Logiciel Libre : il fait le lien entre ressources papier et num\u00e9riques. Chaque livre \u00e9dit\u00e9 par RyX\u00e9o ou l&rsquo;association Abul\u00c9du-fr s&rsquo;entoure des ressources compl\u00e9mentaires de son choix ; le point commun ? interactivit\u00e9 et cr\u00e9ativit\u00e9. [&hellip;]<\/p>\n","protected":false},"author":9,"featured_media":0,"parent":0,"menu_order":0,"comment_status":"closed","ping_status":"closed","template":"page-full-width.php","meta":[],"categories":[4,2],"_links":{"self":[{"href":"http:\/\/abcd.abuledu.org\/sylvanus-aquitaine\/wp-json\/wp\/v2\/pages\/72"}],"collection":[{"href":"http:\/\/abcd.abuledu.org\/sylvanus-aquitaine\/wp-json\/wp\/v2\/pages"}],"about":[{"href":"http:\/\/abcd.abuledu.org\/sylvanus-aquitaine\/wp-json\/wp\/v2\/types\/page"}],"author":[{"embeddable":true,"href":"http:\/\/abcd.abuledu.org\/sylvanus-aquitaine\/wp-json\/wp\/v2\/users\/9"}],"replies":[{"embeddable":true,"href":"http:\/\/abcd.abuledu.org\/sylvanus-aquitaine\/wp-json\/wp\/v2\/comments?post=72"}],"version-history":[{"count":20,"href":"http:\/\/abcd.abuledu.org\/sylvanus-aquitaine\/wp-json\/wp\/v2\/pages\/72\/revisions"}],"predecessor-version":[{"id":224,"href":"http:\/\/abcd.abuledu.org\/sylvanus-aquitaine\/wp-json\/wp\/v2\/pages\/72\/revisions\/224"}],"wp:attachment":[{"href":"http:\/\/abcd.abuledu.org\/sylvanus-aquitaine\/wp-json\/wp\/v2\/media?parent=72"}],"wp:term":[{"taxonomy":"category","embeddable":true,"href":"http:\/\/abcd.abuledu.org\/sylvanus-aquitaine\/wp-json\/wp\/v2\/categories?post=72"}],"curies":[{"name":"wp","href":"https:\/\/api.w.org\/{rel}","templated":true}]}}