{"id":243,"date":"2015-08-25T19:08:29","date_gmt":"2015-08-25T18:08:29","guid":{"rendered":"http:\/\/abcd.abuledu.org\/herve-le-carre\/?page_id=243"},"modified":"2015-08-30T13:25:04","modified_gmt":"2015-08-30T12:25:04","slug":"modules-abuledu-pour-petit-venusien","status":"publish","type":"page","link":"https:\/\/abcd.abuledu.org\/herve-le-carre\/modules-avec-la-suite-dapplicatifs-libres-abuledu\/modules-abuledu-pour-petit-venusien\/","title":{"rendered":"Activit\u00e9s Abul\u00c9du pour Petit V\u00e9nusien"},"content":{"rendered":"<h2 style=\"text-align: center\">\u00a0ACTIVIT\u00c9S PAPIER<\/h2>\n<p>&nbsp;<\/p>\n<p><a href=\"http:\/\/abcd.abuledu.org\/herve-le-carre\/wp-content\/uploads\/sites\/5\/2015\/08\/petitvenusien-questionnaire-de-lecture.png\" data-rel=\"lightbox-image-0\" data-rl_title=\"\" data-rl_caption=\"\" title=\"\"><img loading=\"lazy\" class=\"aligncenter  wp-image-245\" src=\"http:\/\/abcd.abuledu.org\/herve-le-carre\/wp-content\/uploads\/sites\/5\/2015\/08\/petitvenusien-questionnaire-de-lecture.png\" alt=\"petitvenusien-questionnaire de lecture\" width=\"911\" height=\"571\" srcset=\"https:\/\/abcd.abuledu.org\/herve-le-carre\/wp-content\/uploads\/sites\/5\/2015\/08\/petitvenusien-questionnaire-de-lecture.png 936w, https:\/\/abcd.abuledu.org\/herve-le-carre\/wp-content\/uploads\/sites\/5\/2015\/08\/petitvenusien-questionnaire-de-lecture-300x188.png 300w\" sizes=\"(max-width: 911px) 100vw, 911px\" \/><\/a><\/p>\n<p>&nbsp;<\/p>\n<p><a href=\"http:\/\/abcd.abuledu.org\/herve-le-carre\/wp-content\/uploads\/sites\/5\/2015\/08\/petitvenusien-5images.png\" data-rel=\"lightbox-image-1\" data-rl_title=\"\" data-rl_caption=\"\" title=\"\"><img loading=\"lazy\" class=\"aligncenter wp-image-244 size-full\" src=\"http:\/\/abcd.abuledu.org\/herve-le-carre\/wp-content\/uploads\/sites\/5\/2015\/08\/petitvenusien-5images.png\" alt=\"petitvenusien-5images\" width=\"937\" height=\"589\" srcset=\"https:\/\/abcd.abuledu.org\/herve-le-carre\/wp-content\/uploads\/sites\/5\/2015\/08\/petitvenusien-5images.png 937w, https:\/\/abcd.abuledu.org\/herve-le-carre\/wp-content\/uploads\/sites\/5\/2015\/08\/petitvenusien-5images-300x189.png 300w\" sizes=\"(max-width: 937px) 100vw, 937px\" \/><\/a><\/p>\n","protected":false},"excerpt":{"rendered":"<p>\u00a0ACTIVIT\u00c9S PAPIER &nbsp; &nbsp;<\/p>\n","protected":false},"author":10,"featured_media":249,"parent":119,"menu_order":0,"comment_status":"open","ping_status":"closed","template":"","meta":[],"categories":[],"_links":{"self":[{"href":"https:\/\/abcd.abuledu.org\/herve-le-carre\/wp-json\/wp\/v2\/pages\/243"}],"collection":[{"href":"https:\/\/abcd.abuledu.org\/herve-le-carre\/wp-json\/wp\/v2\/pages"}],"about":[{"href":"https:\/\/abcd.abuledu.org\/herve-le-carre\/wp-json\/wp\/v2\/types\/page"}],"author":[{"embeddable":true,"href":"https:\/\/abcd.abuledu.org\/herve-le-carre\/wp-json\/wp\/v2\/users\/10"}],"replies":[{"embeddable":true,"href":"https:\/\/abcd.abuledu.org\/herve-le-carre\/wp-json\/wp\/v2\/comments?post=243"}],"version-history":[{"count":6,"href":"https:\/\/abcd.abuledu.org\/herve-le-carre\/wp-json\/wp\/v2\/pages\/243\/revisions"}],"predecessor-version":[{"id":268,"href":"https:\/\/abcd.abuledu.org\/herve-le-carre\/wp-json\/wp\/v2\/pages\/243\/revisions\/268"}],"up":[{"embeddable":true,"href":"https:\/\/abcd.abuledu.org\/herve-le-carre\/wp-json\/wp\/v2\/pages\/119"}],"wp:featuredmedia":[{"embeddable":true,"href":"https:\/\/abcd.abuledu.org\/herve-le-carre\/wp-json\/wp\/v2\/media\/249"}],"wp:attachment":[{"href":"https:\/\/abcd.abuledu.org\/herve-le-carre\/wp-json\/wp\/v2\/media?parent=243"}],"wp:term":[{"taxonomy":"category","embeddable":true,"href":"https:\/\/abcd.abuledu.org\/herve-le-carre\/wp-json\/wp\/v2\/categories?post=243"}],"curies":[{"name":"wp","href":"https:\/\/api.w.org\/{rel}","templated":true}]}}