{"id":41,"date":"2015-05-04T20:02:13","date_gmt":"2015-05-04T19:02:13","guid":{"rendered":"http:\/\/abcd.abuledu.org\/herve-le-carre\/?page_id=41"},"modified":"2015-08-30T14:38:44","modified_gmt":"2015-08-30T13:38:44","slug":"forminos-le-jeu","status":"publish","type":"page","link":"https:\/\/abcd.abuledu.org\/herve-le-carre\/des-ressources-educatives-libres\/forminos-le-jeu\/","title":{"rendered":"Forminos et D\u00e9clinos"},"content":{"rendered":"<p>Sur le site de l&rsquo;auteur :<\/p>\n<ul>\n<li><strong><a href=\"http:\/\/odysseuslibre.be\/mondelibre\/forminos-des-dominos-pour-la-geometrie\/\" target=\"_blank\">FORMINOS, la g\u00e9om\u00e9trie en dominos, sur EduLibre<\/a><\/strong><\/li>\n<\/ul>\n<div id=\"attachment_210\" style=\"width: 465px\" class=\"wp-caption aligncenter\"><a href=\"http:\/\/odysseuslibre.be\/mondelibre\/forminos-des-dominos-pour-la-geometrie\/\" target=\"_blank\"><img aria-describedby=\"caption-attachment-210\" loading=\"lazy\" class=\"wp-image-210 size-full\" src=\"http:\/\/abcd.abuledu.org\/herve-le-carre\/wp-content\/uploads\/sites\/5\/2015\/05\/forminos-3.png\" alt=\"forminos-3\" width=\"455\" height=\"643\" srcset=\"https:\/\/abcd.abuledu.org\/herve-le-carre\/wp-content\/uploads\/sites\/5\/2015\/05\/forminos-3.png 455w, https:\/\/abcd.abuledu.org\/herve-le-carre\/wp-content\/uploads\/sites\/5\/2015\/05\/forminos-3-212x300.png 212w\" sizes=\"(max-width: 455px) 100vw, 455px\" \/><\/a><p id=\"caption-attachment-210\" class=\"wp-caption-text\">T\u00e9l\u00e9chargez le jeu sur le site de l&rsquo;auteur<\/p><\/div>\n<ul>\n<li><strong><a href=\"http:\/\/odysseuslibre.be\/mondelibre\/revisez-vos-declinaisons-latines-avec-declinos\/\" target=\"_blank\">D\u00c9CLINOS, le latin en dominos par Aquilatin<\/a><\/strong><\/li>\n<\/ul>\n<div id=\"attachment_212\" style=\"width: 650px\" class=\"wp-caption aligncenter\"><a href=\"http:\/\/odysseuslibre.be\/mondelibre\/revisez-vos-declinaisons-latines-avec-declinos\/\" target=\"_blank\"><img aria-describedby=\"caption-attachment-212\" loading=\"lazy\" class=\"wp-image-212 size-large\" src=\"http:\/\/abcd.abuledu.org\/herve-le-carre\/wp-content\/uploads\/sites\/5\/2015\/05\/declinos-01-724x1024.png\" alt=\"declinos-01\" width=\"640\" height=\"905\" srcset=\"https:\/\/abcd.abuledu.org\/herve-le-carre\/wp-content\/uploads\/sites\/5\/2015\/05\/declinos-01-724x1024.png 724w, https:\/\/abcd.abuledu.org\/herve-le-carre\/wp-content\/uploads\/sites\/5\/2015\/05\/declinos-01-212x300.png 212w, https:\/\/abcd.abuledu.org\/herve-le-carre\/wp-content\/uploads\/sites\/5\/2015\/05\/declinos-01.png 1182w\" sizes=\"(max-width: 640px) 100vw, 640px\" \/><\/a><p id=\"caption-attachment-212\" class=\"wp-caption-text\">T\u00e9l\u00e9chargez le jeu sur le site de l&rsquo;auteur<\/p><\/div>\n<p><strong> <a href=\"http:\/\/videos.abuledu.org\/videos\/24\/experimentation-dun-nouveau-jeu-de-dominos\/\" target=\"_blank\">Essai pendant un week-end Abul\u00c9du<\/a><\/strong><\/p>\n<div style=\"clear: both\"><iframe loading=\"lazy\" src=\"http:\/\/videos.abuledu.org\/embed\/24\" align=\"left\" width=\"480\" height=\"360\" frameborder=\"0\" scrolling=\"no\" marginwidth=\"0\" marginheight=\"0\" allowfullscreen><\/iframe><\/div>\n","protected":false},"excerpt":{"rendered":"<p>Sur le site de l&rsquo;auteur : FORMINOS, la g\u00e9om\u00e9trie en dominos, sur EduLibre D\u00c9CLINOS, le latin en dominos par Aquilatin Essai pendant un week-end Abul\u00c9du<\/p>\n","protected":false},"author":10,"featured_media":150,"parent":100,"menu_order":2,"comment_status":"open","ping_status":"closed","template":"","meta":[],"categories":[4],"_links":{"self":[{"href":"https:\/\/abcd.abuledu.org\/herve-le-carre\/wp-json\/wp\/v2\/pages\/41"}],"collection":[{"href":"https:\/\/abcd.abuledu.org\/herve-le-carre\/wp-json\/wp\/v2\/pages"}],"about":[{"href":"https:\/\/abcd.abuledu.org\/herve-le-carre\/wp-json\/wp\/v2\/types\/page"}],"author":[{"embeddable":true,"href":"https:\/\/abcd.abuledu.org\/herve-le-carre\/wp-json\/wp\/v2\/users\/10"}],"replies":[{"embeddable":true,"href":"https:\/\/abcd.abuledu.org\/herve-le-carre\/wp-json\/wp\/v2\/comments?post=41"}],"version-history":[{"count":12,"href":"https:\/\/abcd.abuledu.org\/herve-le-carre\/wp-json\/wp\/v2\/pages\/41\/revisions"}],"predecessor-version":[{"id":278,"href":"https:\/\/abcd.abuledu.org\/herve-le-carre\/wp-json\/wp\/v2\/pages\/41\/revisions\/278"}],"up":[{"embeddable":true,"href":"https:\/\/abcd.abuledu.org\/herve-le-carre\/wp-json\/wp\/v2\/pages\/100"}],"wp:featuredmedia":[{"embeddable":true,"href":"https:\/\/abcd.abuledu.org\/herve-le-carre\/wp-json\/wp\/v2\/media\/150"}],"wp:attachment":[{"href":"https:\/\/abcd.abuledu.org\/herve-le-carre\/wp-json\/wp\/v2\/media?parent=41"}],"wp:term":[{"taxonomy":"category","embeddable":true,"href":"https:\/\/abcd.abuledu.org\/herve-le-carre\/wp-json\/wp\/v2\/categories?post=41"}],"curies":[{"name":"wp","href":"https:\/\/api.w.org\/{rel}","templated":true}]}}