{"id":65,"date":"2015-08-22T07:51:08","date_gmt":"2015-08-22T06:51:08","guid":{"rendered":"http:\/\/abcd.abuledu.org\/herve-le-carre\/?page_id=65"},"modified":"2015-08-25T18:54:17","modified_gmt":"2015-08-25T17:54:17","slug":"lhistoire-de-superheros","status":"publish","type":"page","link":"https:\/\/abcd.abuledu.org\/herve-le-carre\/lhistoire-de-superheros\/","title":{"rendered":"L&rsquo;histoire de SuperH\u00e9ros"},"content":{"rendered":"<p>SUR LE SITE DE L&rsquo;AUTEUR : <strong><a href=\"http:\/\/odysseuslibre.be\/mondelibre\/super-heros\/\" target=\"_blank\">Deux histoires en une.<\/a><\/strong><\/p>\n<div id=\"attachment_191\" style=\"width: 650px\" class=\"wp-caption aligncenter\"><a href=\"http:\/\/odysseuslibre.be\/mondelibre\/super-heros\/\" target=\"_blank\"><img aria-describedby=\"caption-attachment-191\" loading=\"lazy\" class=\"wp-image-191 size-large\" src=\"http:\/\/abcd.abuledu.org\/herve-le-carre\/wp-content\/uploads\/sites\/5\/2015\/08\/Couverture1-1024x724.png\" alt=\"Couverture1\" width=\"640\" height=\"453\" srcset=\"https:\/\/abcd.abuledu.org\/herve-le-carre\/wp-content\/uploads\/sites\/5\/2015\/08\/Couverture1-1024x724.png 1024w, https:\/\/abcd.abuledu.org\/herve-le-carre\/wp-content\/uploads\/sites\/5\/2015\/08\/Couverture1-300x212.png 300w\" sizes=\"(max-width: 640px) 100vw, 640px\" \/><\/a><p id=\"caption-attachment-191\" class=\"wp-caption-text\">D\u00e9couvrez les histoires sur le site de l&rsquo;auteur<\/p><\/div>\n<p>SUR ABUL\u00c9DU-DATA :<\/p>\n<ul>\n<li><a href=\"http:\/\/data.abuledu.org\/wp\/?categ=Textes&amp;terms=Super+H%C3%A9ros+odysseus\" target=\"_blank\"><strong>T\u00c9L\u00c9CHARGEZ LES TEXTES EN CLIQUANT ICI<\/strong><\/a><\/li>\n<\/ul>\n<p>&nbsp;<\/p>\n<ul>\n<li><a href=\"http:\/\/data.abuledu.org\/wp\/?categ=&amp;terms=Super+H%C3%A9ros+odysseus\" target=\"_blank\"><strong>T\u00c9L\u00c9CHARGEZ LE DESSIN DE VOTRE CHOIX EN CLIQUANT ICI<\/strong><\/a><\/li>\n<\/ul>\n<div id=\"attachment_217\" style=\"width: 650px\" class=\"wp-caption aligncenter\"><a href=\"http:\/\/data.abuledu.org\/wp\/?categ=&amp;terms=Super+H%C3%A9ros+odysseus\" target=\"_blank\"><img aria-describedby=\"caption-attachment-217\" loading=\"lazy\" class=\"wp-image-217 size-large\" src=\"http:\/\/abcd.abuledu.org\/herve-le-carre\/wp-content\/uploads\/sites\/5\/2015\/08\/data2-1024x507.png\" alt=\"Seize images t\u00e9l\u00e9chargeables sur data : SuperH\u00e9ros pour les petits\" width=\"640\" height=\"317\" srcset=\"https:\/\/abcd.abuledu.org\/herve-le-carre\/wp-content\/uploads\/sites\/5\/2015\/08\/data2-1024x507.png 1024w, https:\/\/abcd.abuledu.org\/herve-le-carre\/wp-content\/uploads\/sites\/5\/2015\/08\/data2-300x149.png 300w, https:\/\/abcd.abuledu.org\/herve-le-carre\/wp-content\/uploads\/sites\/5\/2015\/08\/data2.png 1207w\" sizes=\"(max-width: 640px) 100vw, 640px\" \/><\/a><p id=\"caption-attachment-217\" class=\"wp-caption-text\">Seize images t\u00e9l\u00e9chargeables sur data : SuperH\u00e9ros pour les petits<\/p><\/div>\n<p>&nbsp;<\/p>\n<div id=\"attachment_218\" style=\"width: 650px\" class=\"wp-caption aligncenter\"><a href=\"http:\/\/data.abuledu.org\/wp\/?categ=&amp;terms=Super+H%C3%A9ros+odysseus\" target=\"_blank\"><img aria-describedby=\"caption-attachment-218\" loading=\"lazy\" class=\"wp-image-218 size-large\" src=\"http:\/\/abcd.abuledu.org\/herve-le-carre\/wp-content\/uploads\/sites\/5\/2015\/08\/data3-1024x505.png\" alt=\"Seize images t\u00e9l\u00e9chargeables sur abul\u00e9du-data : SuperH\u00e9ros pour les grands.\" width=\"640\" height=\"316\" srcset=\"https:\/\/abcd.abuledu.org\/herve-le-carre\/wp-content\/uploads\/sites\/5\/2015\/08\/data3-1024x505.png 1024w, https:\/\/abcd.abuledu.org\/herve-le-carre\/wp-content\/uploads\/sites\/5\/2015\/08\/data3-300x148.png 300w, https:\/\/abcd.abuledu.org\/herve-le-carre\/wp-content\/uploads\/sites\/5\/2015\/08\/data3.png 1208w\" sizes=\"(max-width: 640px) 100vw, 640px\" \/><\/a><p id=\"caption-attachment-218\" class=\"wp-caption-text\">Seize images t\u00e9l\u00e9chargeables sur abul\u00e9du-data : SuperH\u00e9ros pour les grands.<\/p><\/div>\n<p>&nbsp;<\/p>\n<p>&nbsp;<\/p>\n","protected":false},"excerpt":{"rendered":"<p>SUR LE SITE DE L&rsquo;AUTEUR : Deux histoires en une. SUR ABUL\u00c9DU-DATA : T\u00c9L\u00c9CHARGEZ LES TEXTES EN CLIQUANT ICI &nbsp; T\u00c9L\u00c9CHARGEZ LE DESSIN DE VOTRE CHOIX EN CLIQUANT ICI &nbsp; &nbsp; &nbsp;<\/p>\n","protected":false},"author":9,"featured_media":144,"parent":0,"menu_order":4,"comment_status":"open","ping_status":"closed","template":"page-full-width.php","meta":[],"categories":[],"_links":{"self":[{"href":"https:\/\/abcd.abuledu.org\/herve-le-carre\/wp-json\/wp\/v2\/pages\/65"}],"collection":[{"href":"https:\/\/abcd.abuledu.org\/herve-le-carre\/wp-json\/wp\/v2\/pages"}],"about":[{"href":"https:\/\/abcd.abuledu.org\/herve-le-carre\/wp-json\/wp\/v2\/types\/page"}],"author":[{"embeddable":true,"href":"https:\/\/abcd.abuledu.org\/herve-le-carre\/wp-json\/wp\/v2\/users\/9"}],"replies":[{"embeddable":true,"href":"https:\/\/abcd.abuledu.org\/herve-le-carre\/wp-json\/wp\/v2\/comments?post=65"}],"version-history":[{"count":11,"href":"https:\/\/abcd.abuledu.org\/herve-le-carre\/wp-json\/wp\/v2\/pages\/65\/revisions"}],"predecessor-version":[{"id":229,"href":"https:\/\/abcd.abuledu.org\/herve-le-carre\/wp-json\/wp\/v2\/pages\/65\/revisions\/229"}],"wp:featuredmedia":[{"embeddable":true,"href":"https:\/\/abcd.abuledu.org\/herve-le-carre\/wp-json\/wp\/v2\/media\/144"}],"wp:attachment":[{"href":"https:\/\/abcd.abuledu.org\/herve-le-carre\/wp-json\/wp\/v2\/media?parent=65"}],"wp:term":[{"taxonomy":"category","embeddable":true,"href":"https:\/\/abcd.abuledu.org\/herve-le-carre\/wp-json\/wp\/v2\/categories?post=65"}],"curies":[{"name":"wp","href":"https:\/\/api.w.org\/{rel}","templated":true}]}}