{"id":68,"date":"2015-08-22T07:51:40","date_gmt":"2015-08-22T06:51:40","guid":{"rendered":"http:\/\/abcd.abuledu.org\/herve-le-carre\/?page_id=68"},"modified":"2017-07-01T18:36:41","modified_gmt":"2017-07-01T17:36:41","slug":"lhistoire-dherve-le-carre","status":"publish","type":"page","link":"https:\/\/abcd.abuledu.org\/herve-le-carre\/lhistoire-dherve-le-carre\/","title":{"rendered":"L&rsquo;histoire d&rsquo;Herv\u00e9 le Carr\u00e9"},"content":{"rendered":"<p>SUR LE SITE DE L&rsquo;AUTEUR : <a href=\"http:\/\/odysseuslibre.be\/mondelibre\/le-carre-qui-voulait-devenir-rond\/\" target=\"_blank\" rel=\"noopener noreferrer\"><strong>Une histoire toute en formes<\/strong> <\/a><\/p>\n<div id=\"attachment_195\" style=\"width: 370px\" class=\"wp-caption aligncenter\"><a href=\"http:\/\/odysseuslibre.be\/mondelibre\/le-carre-qui-voulait-devenir-rond\/\" target=\"_blank\" rel=\"noopener noreferrer\"><img aria-describedby=\"caption-attachment-195\" loading=\"lazy\" class=\"wp-image-195 \" src=\"http:\/\/abcd.abuledu.org\/herve-le-carre\/wp-content\/uploads\/sites\/5\/2015\/08\/Herve-le-Carre-couv.png\" alt=\"Herve-le-Carre-couv\" width=\"360\" height=\"516\" srcset=\"https:\/\/abcd.abuledu.org\/herve-le-carre\/wp-content\/uploads\/sites\/5\/2015\/08\/Herve-le-Carre-couv.png 608w, https:\/\/abcd.abuledu.org\/herve-le-carre\/wp-content\/uploads\/sites\/5\/2015\/08\/Herve-le-Carre-couv-209x300.png 209w\" sizes=\"(max-width: 360px) 100vw, 360px\" \/><\/a><p id=\"caption-attachment-195\" class=\"wp-caption-text\">D\u00e9couvrez l&rsquo;histoire sur le site de l&rsquo;auteur<\/p><\/div>\n<p>et <a href=\"https:\/\/odysseuslibre.be\/mondelibre\/il-quadrato-che-voleva-diventare-rotondo-version-audio\/\"><strong>une version audio en italien<\/strong><\/a> :<\/p>\n<p><a href=\"http:\/\/abcd.abuledu.org\/herve-le-carre\/wp-content\/uploads\/sites\/5\/2015\/08\/ilquadratto.jpg\" data-rel=\"lightbox-image-0\" data-rl_title=\"\" data-rl_caption=\"\" title=\"\"><img loading=\"lazy\" class=\"aligncenter size-full wp-image-299\" src=\"http:\/\/abcd.abuledu.org\/herve-le-carre\/wp-content\/uploads\/sites\/5\/2015\/08\/ilquadratto.jpg\" alt=\"\" width=\"590\" height=\"570\" srcset=\"https:\/\/abcd.abuledu.org\/herve-le-carre\/wp-content\/uploads\/sites\/5\/2015\/08\/ilquadratto.jpg 590w, https:\/\/abcd.abuledu.org\/herve-le-carre\/wp-content\/uploads\/sites\/5\/2015\/08\/ilquadratto-300x290.jpg 300w\" sizes=\"(max-width: 590px) 100vw, 590px\" \/><\/a><\/p>\n<p>SUR ABUL\u00c9DU-DATA : <strong><a href=\"http:\/\/data.abuledu.org\/wp\/?categ=&amp;terms=Herv%C3%A9+le+carr%C3%A9\" target=\"_blank\" rel=\"noopener noreferrer\">T\u00c9L\u00c9CHARGEZ LE DESSIN DE VOTRE CHOIX EN CLIQUANT ICI<\/a><\/strong><\/p>\n<p>&nbsp;<\/p>\n<p>&nbsp;<\/p>\n","protected":false},"excerpt":{"rendered":"<p>SUR LE SITE DE L&rsquo;AUTEUR : Une histoire toute en formes et une version audio en italien : SUR ABUL\u00c9DU-DATA : T\u00c9L\u00c9CHARGEZ LE DESSIN DE VOTRE CHOIX EN CLIQUANT ICI &nbsp; &nbsp;<\/p>\n","protected":false},"author":9,"featured_media":146,"parent":0,"menu_order":5,"comment_status":"open","ping_status":"closed","template":"page-full-width.php","meta":[],"categories":[3,4],"_links":{"self":[{"href":"https:\/\/abcd.abuledu.org\/herve-le-carre\/wp-json\/wp\/v2\/pages\/68"}],"collection":[{"href":"https:\/\/abcd.abuledu.org\/herve-le-carre\/wp-json\/wp\/v2\/pages"}],"about":[{"href":"https:\/\/abcd.abuledu.org\/herve-le-carre\/wp-json\/wp\/v2\/types\/page"}],"author":[{"embeddable":true,"href":"https:\/\/abcd.abuledu.org\/herve-le-carre\/wp-json\/wp\/v2\/users\/9"}],"replies":[{"embeddable":true,"href":"https:\/\/abcd.abuledu.org\/herve-le-carre\/wp-json\/wp\/v2\/comments?post=68"}],"version-history":[{"count":11,"href":"https:\/\/abcd.abuledu.org\/herve-le-carre\/wp-json\/wp\/v2\/pages\/68\/revisions"}],"predecessor-version":[{"id":300,"href":"https:\/\/abcd.abuledu.org\/herve-le-carre\/wp-json\/wp\/v2\/pages\/68\/revisions\/300"}],"wp:featuredmedia":[{"embeddable":true,"href":"https:\/\/abcd.abuledu.org\/herve-le-carre\/wp-json\/wp\/v2\/media\/146"}],"wp:attachment":[{"href":"https:\/\/abcd.abuledu.org\/herve-le-carre\/wp-json\/wp\/v2\/media?parent=68"}],"wp:term":[{"taxonomy":"category","embeddable":true,"href":"https:\/\/abcd.abuledu.org\/herve-le-carre\/wp-json\/wp\/v2\/categories?post=68"}],"curies":[{"name":"wp","href":"https:\/\/api.w.org\/{rel}","templated":true}]}}