{"id":2,"date":"2016-05-06T14:24:26","date_gmt":"2016-05-06T12:24:26","guid":{"rendered":"http:\/\/abcd.abuledu.org\/le-zodiaque\/?page_id=2"},"modified":"2016-05-10T23:52:21","modified_gmt":"2016-05-10T21:52:21","slug":"page-d-exemple","status":"publish","type":"page","link":"https:\/\/abcd.abuledu.org\/le-zodiaque\/page-d-exemple\/","title":{"rendered":"\u00c0 propos"},"content":{"rendered":"<p><span style=\"color: #000080\"><strong>Pour la rencontre d\u2019avril 2015 \u00e0 Pessac accueillie par RyX\u00e9o, Cyri-L a offert aux utilisateurs d&rsquo;Abul\u00c9du un album m\u00ealant l\u00e9gendes chinoises et japonaises autour des signes du zodiaque : apr\u00e8s une course-poursuite \u00e0 rebondissements, les douze animaux finissent par trouver leur place dans la Roue-du-Temps.<\/strong><\/span><\/p>\n<figure id=\"attachment_5\" aria-describedby=\"caption-attachment-5\" style=\"width: 134px\" class=\"wp-caption aligncenter\"><img loading=\"lazy\" class=\"size-full wp-image-5\" src=\"http:\/\/abcd.abuledu.org\/le-zodiaque\/wp-content\/uploads\/sites\/12\/2016\/05\/ccbysa.png\" alt=\"Licence cc-by-sa\" width=\"134\" height=\"57\" \/><figcaption id=\"caption-attachment-5\" class=\"wp-caption-text\"><span style=\"color: #000080\"><strong>Licence cc-by-sa<\/strong><\/span><\/figcaption><\/figure>\n<p><span style=\"color: #000080\"><strong>Sc\u00e9nario et illustrations (avril 2015) : Cyri-L ; Textes : Als et Cyri-L.; mise en voix : Cyri-L, Odysseus-be et Als ; DA : Jean Imhof, RyX\u00e9o (mai 2016).<\/strong><\/span><\/p>\n<p style=\"text-align: center\"><a href=\"http:\/\/raconte-moi.abuledu.org\/w\/8860-grande_course_pourlespetits-2\"><strong>Raconte-moi la grande course<\/strong><\/a><\/p>\n<p style=\"text-align: center\"><strong><a href=\"http:\/\/raconte-moi.abuledu.org\/w\/8781-grande_course_pourlespetits\">Raconte-moi la grande course, pour les plus jeunes<\/a><\/strong><\/p>\n<p style=\"text-align: center\"><strong><a href=\"http:\/\/raconte-moi.abuledu.org\/w\/8742-wheel-of-time\">Tell me what happened, please !<\/a><\/strong><\/p>\n","protected":false},"excerpt":{"rendered":"<p>Pour la rencontre d\u2019avril 2015 \u00e0 Pessac accueillie par RyX\u00e9o, Cyri-L a offert aux utilisateurs d&rsquo;Abul\u00c9du un album m\u00ealant l\u00e9gendes chinoises et japonaises autour des signes du zodiaque : apr\u00e8s une course-poursuite \u00e0 rebondissements, les douze animaux finissent par trouver leur place dans la Roue-du-Temps. Sc\u00e9nario et illustrations (avril 2015) : Cyri-L ; Textes : &hellip; <a href=\"https:\/\/abcd.abuledu.org\/le-zodiaque\/page-d-exemple\/\" class=\"more-link\">Continuer la lecture<span class=\"screen-reader-text\"> de &laquo;&nbsp;\u00c0 propos&nbsp;&raquo;<\/span><\/a><\/p>\n","protected":false},"author":9,"featured_media":7,"parent":0,"menu_order":0,"comment_status":"closed","ping_status":"open","template":"","meta":[],"categories":[],"_links":{"self":[{"href":"https:\/\/abcd.abuledu.org\/le-zodiaque\/wp-json\/wp\/v2\/pages\/2"}],"collection":[{"href":"https:\/\/abcd.abuledu.org\/le-zodiaque\/wp-json\/wp\/v2\/pages"}],"about":[{"href":"https:\/\/abcd.abuledu.org\/le-zodiaque\/wp-json\/wp\/v2\/types\/page"}],"author":[{"embeddable":true,"href":"https:\/\/abcd.abuledu.org\/le-zodiaque\/wp-json\/wp\/v2\/users\/9"}],"replies":[{"embeddable":true,"href":"https:\/\/abcd.abuledu.org\/le-zodiaque\/wp-json\/wp\/v2\/comments?post=2"}],"version-history":[{"count":8,"href":"https:\/\/abcd.abuledu.org\/le-zodiaque\/wp-json\/wp\/v2\/pages\/2\/revisions"}],"predecessor-version":[{"id":92,"href":"https:\/\/abcd.abuledu.org\/le-zodiaque\/wp-json\/wp\/v2\/pages\/2\/revisions\/92"}],"wp:featuredmedia":[{"embeddable":true,"href":"https:\/\/abcd.abuledu.org\/le-zodiaque\/wp-json\/wp\/v2\/media\/7"}],"wp:attachment":[{"href":"https:\/\/abcd.abuledu.org\/le-zodiaque\/wp-json\/wp\/v2\/media?parent=2"}],"wp:term":[{"taxonomy":"category","embeddable":true,"href":"https:\/\/abcd.abuledu.org\/le-zodiaque\/wp-json\/wp\/v2\/categories?post=2"}],"curies":[{"name":"wp","href":"https:\/\/api.w.org\/{rel}","templated":true}]}}