{"id":66,"date":"2016-05-07T12:47:40","date_gmt":"2016-05-07T10:47:40","guid":{"rendered":"http:\/\/abcd.abuledu.org\/le-zodiaque\/?page_id=66"},"modified":"2016-05-10T23:42:47","modified_gmt":"2016-05-10T21:42:47","slug":"une-histoire-courte","status":"publish","type":"page","link":"https:\/\/abcd.abuledu.org\/le-zodiaque\/une-histoire-courte\/","title":{"rendered":"Une histoire courte"},"content":{"rendered":"<p style=\"text-align: center\"><span style=\"color: #003366\"><strong>LA COURSE DU TEMPS pour les plus jeunes, (als@calestampar.org 20150424),<br \/>\n<\/strong><\/span><\/p>\n<p style=\"text-align: center\"><span style=\"color: #003366\"><strong>sur un sc\u00e9nario con\u00e7u et illustr\u00e9 par Cyri-L, avril 2015.<\/strong><\/span><\/p>\n<p><span style=\"color: #003366\"><strong>1-2) Dans son immense palais de jade, l&#8217;empereur s&rsquo;ennuie. Il d\u00e9cide d&rsquo;inviter les animaux \u00e0 une grande f\u00eate pour le Nouvel An. C&rsquo;est son messager favori, Kotori-l&rsquo;oiseau-vert, qui est charg\u00e9 de transmettre l&rsquo;invitation.<\/strong><\/span><\/p>\n<p><span style=\"color: #003366\"><strong>3) INVITATION AU PALAIS C\u00c9LESTE \u2013 EMPEREUR DE JADE<\/strong><\/span><\/p>\n<p><span style=\"color: #003366\"><strong>4-5) NEZUMI-le-rat r\u00e9ussit \u00e0 convaincre son ami NEKO-le-chat de se rendre au Palais C\u00e9leste avec lui le lendemain. Mais en pleine nuit, il est r\u00e9veill\u00e9 par le bruit de pas pesants et r\u00e9guliers.<\/strong><\/span><\/p>\n<p><span style=\"color: #003366\"><strong>6-7) C&rsquo;est USHI-le-boeuf. Il a tellement peur d&rsquo;\u00eatre en retard \u00e0 la f\u00eate qu&rsquo;il a pris tout de suite la route, de nuit. NEZUMI-le-rat d\u00e9cide de l&rsquo;accompagner car il marche trotte-menu.<\/strong><\/span><\/p>\n<p><span style=\"color: #003366\"><strong>8-9) USHI-le-boeuf propose \u00e0 NEZUMI-le-rat une place de choix entre ses cornes. Ils traversent lentement la rivi\u00e8re des lotus. Devinez qui a le mal de mer !<\/strong><\/span><\/p>\n<p><span style=\"color: #003366\"><strong>10-11) Quand le jour se l\u00e8ve, dans le domaine d&rsquo;en bas, UMA-le-cheval r\u00e9veille ses trois compagnons d&rsquo;un hennissement joyeux : HEBI-le-serpent, USAGI-le-lapin et TORI-le-coq. Dans le domaine d&rsquo;en haut, c&rsquo;est TORA-le-tigre qui rugit d&rsquo;excitation et entra\u00eene dans son sillage RYU-le-dragon, SARU-le-singe et m\u00eame YAGI-la-ch\u00e8vre.<\/strong><\/span><\/p>\n<p><span style=\"color: #003366\"><strong>12-13) Ils r\u00e9cup\u00e8rent au passage FUTA-le-cochon et INU-le-chien, impatients eux-aussi de participer \u00e0 la f\u00eate de l&#8217;empire de Jade et de se joindre \u00e0 la caravane. Ils trottent tous joyeusement. STOOOOOP !!!<\/strong><\/span><\/p>\n<p><span style=\"color: #003366\"><strong>14-15) TORA-le-tigre, le plus t\u00e9m\u00e9raire de la troupe, bondit&#8230; mais rate la rive oppos\u00e9e et termine \u00e0 la nage.<\/strong><\/span><\/p>\n<p><span style=\"color: #003366\"><strong>16-17) USAGI-le-lapin bondit \u00e0 sa suite&#8230; mais atterrit sur un tronc d&rsquo;arbre qui d\u00e9rive \u00e0 toute vitesse. Heureusement, RUY-le-dragon intervient et de son souffle puissant pousse le tronc jusqu&rsquo;\u00e0 la rive.<\/strong><\/span><\/p>\n<p><span style=\"color: #003366\"><strong>18-19) RYU-le-dragon s&rsquo;envole vite pour le rejoindre et l&rsquo;aider \u00e0 se s\u00e9cher. UMA-le-cheval prend son \u00e9lan, le saut d&rsquo;obstacles c&rsquo;est son domaine, et, d&rsquo;un bond extraordinaire, se retrouve sur l&rsquo;autre rive&#8230; avec un passager clandestin.<\/strong><\/span><\/p>\n<p><span style=\"color: #003366\"><strong>20-21) YAGI-la-ch\u00e8vre et TORI-le-coq ont rep\u00e9r\u00e9 un passage \u00e0 gu\u00e9 et sautent prudemment de pierre en pierre. SARU-le-singe fait un double saut p\u00e9rilleux et agrippe \u00e0 la queue de YAGI-la-ch\u00e8vre.<\/strong><\/span><\/p>\n<p><span style=\"color: #003366\"><strong>22-23) SARU-le-singe console YAGI-la-ch\u00e8vre et encourage TORI-le-coq qui sautille en essayant de ne pas trop \u00e9bouriffer son plumage et d&rsquo;\u00e9viter les \u00e9claboussures d&rsquo;INU-le- chien qui joue avec les libellules.<\/strong><\/span><\/p>\n<p><span style=\"color: #003366\"><strong>24-25) \u2013 <i>Allez, nous allons \u00eatre en retard \u00e0 la f\u00eate du Nouvel An !<\/i> FUTA-le-cochon, qui se pr\u00e9lassait dans une mare de boue au bord de la rive, se fait asperger par INU-le-chien.<\/strong><\/span><\/p>\n<p><span style=\"color: #003366\"><strong>Mouill\u00e9 pour mouill\u00e9, FUTA-le-cochon rejoint son copain INU-le-chien, en faisant la planche sur le dos.<\/strong><\/span><\/p>\n<p><span style=\"color: #003366\"><strong>26-27) Pendant ce temps, lentement mais s\u00fbrement, USHI-le-boeuf a atteint le but du voyage et passe le pont de la rivi\u00e8re du palais de Jade. TORA-le-tigre fait la travers\u00e9e \u00e0 la nage. Un vieil homme aux sourcils blancs \u00e9normes les accueille.<\/strong><\/span><\/p>\n<p><span style=\"color: #003366\"><strong>28-30) C&rsquo;est l&#8217;empereur ! NEZUMI-le-rat est tellement troubl\u00e9 qu&rsquo;il s&rsquo;\u00e9lance pour lui serrer la main et tombe de la t\u00eate de USHI-le-boeuf. Et voil\u00e0 d&rsquo;autres animaux qui se pr\u00e9cipitent, tout excit\u00e9s \u00e0 l&rsquo;id\u00e9e de la f\u00eate qui les attend apr\u00e8s ce long voyage.<\/strong><\/span><\/p>\n<p><span style=\"color: #003366\"><strong>30) Mais avant de faire la f\u00eate, l&#8217;empereur leur confie les raisons de son invitation : chacun d&rsquo;eux aura une longue mission et sera le protecteur d&rsquo;une ann\u00e9e, dans leur ordre d&rsquo;arriv\u00e9e, NEZUMI-le-rat en premier.<\/strong><\/span><\/p>\n<p><span style=\"color: #003366\"><strong>31-32) \u00c7a y est, les retardataires sont arriv\u00e9s et chacun va prendre place sur la grande roue du temps et de ses ann\u00e9es cons\u00e9cutives. Chacun offrira aux enfants de l&rsquo;ann\u00e9e ses qualit\u00e9s.<\/strong><\/span><\/p>\n<p><span style=\"color: #003366\"><strong>32bis) Le lendemain matin, les animaux ont tellement dans\u00e9 qu&rsquo;ils ne savent plus o\u00f9 sont le ciel, la montagne et l&rsquo;herbe ; \u00e0 toi de les colorier. Ils ont m\u00eame perdu leur place sur la roue du temps ; \u00e0 toi de les remettre en ordre d e 1 \u00e0 12 ; attention il y a des intrus&#8230;<\/strong><\/span><\/p>\n<p><span style=\"color: #003366\"><strong>NEZUMI-le-rat, KOTORI-l&rsquo;oiseau, NEKO-le-chat, USHI-le-boeuf, UMA-le-cheval, HEBI-le-serpent, USAGI-le-lapin, TORI-le-coq, TORA-le-tigre, YAGI-la-ch\u00e8vre, RYU-le-dragon, SAGU-le-singe, INU-le-chien, FUTA-le-cochon .<\/strong><\/span><\/p>\n<p><span style=\"color: #003366\"><strong>33-34) \u00c0 son retour NEZUMI-le-rat retrouve son ami NEKO-le-chat, qui vient juste de se r\u00e9veiller (de sa lon-ongue sieste). Il doit lui expliquer que la f\u00eate est termin\u00e9e et qu&rsquo;il ne verra pas les carpes du Palais-de-Jade !!!<\/strong><\/span><\/p>\n<p><span style=\"color: #003366\"><strong>35-36) MAIS quand NEKO-le-chat aper\u00e7oit la couronne sur la t\u00eate de NEZUMI-le-rat et comprend que NEZUMI-le-rat l&rsquo;a \u00e9vinc\u00e9 et m\u00eame exclu de la roue du temps, fou de rage, il se lance \u00e0 sa poursuite. Et c&rsquo;est depuis ce jour que les chats courent inlassablement apr\u00e8s les rats, de jour comme de nuit.<\/strong><\/span><\/p>\n<p style=\"text-align: left\"><span style=\"color: #003366\"><strong>37- La recette de Cyri-L \u00a0:<\/strong><\/span><\/p>\n<ul>\n<li style=\"text-align: left\"><em><span style=\"color: #003366\"><strong>une grande cuiller\u00e9e des diff\u00e9rentes l\u00e9gendes entourant le zodiaque chinois,<\/strong><\/span><\/em><\/li>\n<li style=\"text-align: left\"><em><span style=\"color: #003366\"><strong>on ajoute une pinc\u00e9e de ma passion pour la langue japonaise,<\/strong><\/span><\/em><\/li>\n<li style=\"text-align: left\"><em><span style=\"color: #003366\"><strong>on saupoudre de ma tr\u00e8s grande envie de dessiner un rat voyageant sur la t\u00eate d\u2019un b\u0153uf<\/strong><\/span><\/em><\/li>\n<li style=\"text-align: left\"><em><span style=\"color: #003366\"><strong>et on m\u00e9lange.<\/strong><\/span><\/em><\/li>\n<li style=\"text-align: left\"><em><span style=\"color: #003366\"><strong>On laisse mijoter,<\/strong><\/span><\/em><\/li>\n<li style=\"text-align: left\"><span style=\"color: #003366\"><strong><em>&#8211; et hop ! On obtient cette histoire aux d\u00e9cors acidul\u00e9s, avec ses animaux aux formes enfantines qui, je l\u2019esp\u00e8re, vous plaira autant \u00e0 lire que le plaisir que j\u2019ai eu \u00e0 la cr\u00e9er.<\/em><br \/>\n<\/strong><\/span><\/li>\n<\/ul>\n","protected":false},"excerpt":{"rendered":"<p>LA COURSE DU TEMPS pour les plus jeunes, (als@calestampar.org 20150424), sur un sc\u00e9nario con\u00e7u et illustr\u00e9 par Cyri-L, avril 2015. 1-2) Dans son immense palais de jade, l&#8217;empereur s&rsquo;ennuie. Il d\u00e9cide d&rsquo;inviter les animaux \u00e0 une grande f\u00eate pour le Nouvel An. C&rsquo;est son messager favori, Kotori-l&rsquo;oiseau-vert, qui est charg\u00e9 de transmettre l&rsquo;invitation. 3) INVITATION &hellip; <a href=\"https:\/\/abcd.abuledu.org\/le-zodiaque\/une-histoire-courte\/\" class=\"more-link\">Continuer la lecture<span class=\"screen-reader-text\"> de &laquo;&nbsp;Une histoire courte&nbsp;&raquo;<\/span><\/a><\/p>\n","protected":false},"author":9,"featured_media":70,"parent":0,"menu_order":0,"comment_status":"closed","ping_status":"closed","template":"","meta":[],"categories":[],"_links":{"self":[{"href":"https:\/\/abcd.abuledu.org\/le-zodiaque\/wp-json\/wp\/v2\/pages\/66"}],"collection":[{"href":"https:\/\/abcd.abuledu.org\/le-zodiaque\/wp-json\/wp\/v2\/pages"}],"about":[{"href":"https:\/\/abcd.abuledu.org\/le-zodiaque\/wp-json\/wp\/v2\/types\/page"}],"author":[{"embeddable":true,"href":"https:\/\/abcd.abuledu.org\/le-zodiaque\/wp-json\/wp\/v2\/users\/9"}],"replies":[{"embeddable":true,"href":"https:\/\/abcd.abuledu.org\/le-zodiaque\/wp-json\/wp\/v2\/comments?post=66"}],"version-history":[{"count":7,"href":"https:\/\/abcd.abuledu.org\/le-zodiaque\/wp-json\/wp\/v2\/pages\/66\/revisions"}],"predecessor-version":[{"id":90,"href":"https:\/\/abcd.abuledu.org\/le-zodiaque\/wp-json\/wp\/v2\/pages\/66\/revisions\/90"}],"wp:featuredmedia":[{"embeddable":true,"href":"https:\/\/abcd.abuledu.org\/le-zodiaque\/wp-json\/wp\/v2\/media\/70"}],"wp:attachment":[{"href":"https:\/\/abcd.abuledu.org\/le-zodiaque\/wp-json\/wp\/v2\/media?parent=66"}],"wp:term":[{"taxonomy":"category","embeddable":true,"href":"https:\/\/abcd.abuledu.org\/le-zodiaque\/wp-json\/wp\/v2\/categories?post=66"}],"curies":[{"name":"wp","href":"https:\/\/api.w.org\/{rel}","templated":true}]}}