{"id":170,"date":"2014-07-01T08:05:25","date_gmt":"2014-07-01T07:05:25","guid":{"rendered":"http:\/\/abcd.abuledu.org\/les-grandes-inventions\/?page_id=170"},"modified":"2016-05-18T15:58:09","modified_gmt":"2016-05-18T14:58:09","slug":"avion-frise-temporelle","status":"publish","type":"page","link":"https:\/\/abcd.abuledu.org\/les-grandes-inventions\/avion-frise-temporelle\/","title":{"rendered":"Avion &#8211; Frise temporelle"},"content":{"rendered":"<table>\n<tbody>\n<tr>\n<td><a href=\"http:\/\/abcd.abuledu.org\/les-grandes-inventions\/wp-content\/uploads\/sites\/2\/2014\/06\/montgolfiere.jpg\" data-rel=\"lightbox-gallery-kxk0cS64\" data-rl_title=\"\" data-rl_caption=\"\" title=\"\"><img loading=\"lazy\" class=\"aligncenter size-medium wp-image-348\" src=\"http:\/\/abcd.abuledu.org\/les-grandes-inventions\/wp-content\/uploads\/sites\/2\/2014\/06\/montgolfiere-226x300.jpg\" alt=\"Mongolfi\u00e8re\" width=\"226\" height=\"300\" srcset=\"https:\/\/abcd.abuledu.org\/les-grandes-inventions\/wp-content\/uploads\/sites\/2\/2014\/06\/montgolfiere-226x300.jpg 226w, https:\/\/abcd.abuledu.org\/les-grandes-inventions\/wp-content\/uploads\/sites\/2\/2014\/06\/montgolfiere-773x1024.jpg 773w\" sizes=\"(max-width: 226px) 85vw, 226px\" \/><\/a><\/td>\n<td class=\"date\">1787<\/td>\n<td>Les fr\u00e8res Montgolfier s\u2019\u00e9l\u00e8vent en ballon :<br \/>\npremier vol sans contr\u00f4le de la trajectoire.<\/td>\n<\/tr>\n<tr>\n<td style=\"text-align: right;\">George Cayley est le premier \u00e0 identifier les quatre forces qui sont impliqu\u00e9es dans le vol :<br \/>\nla pouss\u00e9e, la tra\u00een\u00e9e, la portance et le poids.<br \/>\nIl con\u00e7oit et fabrique un planeur.<\/td>\n<td class=\"date\">1853<\/td>\n<td><a href=\"http:\/\/abcd.abuledu.org\/les-grandes-inventions\/wp-content\/uploads\/sites\/2\/2014\/09\/cayley-e1412604653484.jpg\" data-rel=\"lightbox-gallery-kxk0cS64\" data-rl_title=\"\" data-rl_caption=\"\" title=\"\"><img loading=\"lazy\" class=\"aligncenter size-medium wp-image-291\" src=\"http:\/\/abcd.abuledu.org\/les-grandes-inventions\/wp-content\/uploads\/sites\/2\/2014\/09\/cayley-300x199.jpg\" alt=\"Le planeur de Georges Cayley\" width=\"300\" height=\"199\" \/><\/a><\/td>\n<\/tr>\n<tr>\n<td><a href=\"http:\/\/abcd.abuledu.org\/les-grandes-inventions\/wp-content\/uploads\/sites\/2\/2014\/06\/eole.jpg\" data-rel=\"lightbox-gallery-kxk0cS64\" data-rl_title=\"\" data-rl_caption=\"\" title=\"\"><img loading=\"lazy\" class=\"aligncenter size-medium wp-image-347\" src=\"http:\/\/abcd.abuledu.org\/les-grandes-inventions\/wp-content\/uploads\/sites\/2\/2014\/06\/eole-300x197.jpg\" alt=\"L'\u00c9ole de Cl\u00e9ment Ader\" width=\"300\" height=\"197\" srcset=\"https:\/\/abcd.abuledu.org\/les-grandes-inventions\/wp-content\/uploads\/sites\/2\/2014\/06\/eole-300x197.jpg 300w, https:\/\/abcd.abuledu.org\/les-grandes-inventions\/wp-content\/uploads\/sites\/2\/2014\/06\/eole-1024x672.jpg 1024w\" sizes=\"(max-width: 300px) 85vw, 300px\" \/><\/a><\/td>\n<td class=\"date\">1890<\/td>\n<td>Cl\u00e9ment Ader effectue le premier d\u00e9collage d\u2019un engin motoris\u00e9 : l\u2019\u00c9ole.<\/td>\n<\/tr>\n<tr>\n<td style=\"text-align: right;\">Les fr\u00e8res Wright exp\u00e9rimentent avec leur Flyer le premier vol motoris\u00e9 contr\u00f4l\u00e9.<\/td>\n<td class=\"date\">1903<\/td>\n<td><a href=\"http:\/\/abcd.abuledu.org\/les-grandes-inventions\/wp-content\/uploads\/sites\/2\/2014\/09\/wright.jpg\" data-rel=\"lightbox-gallery-kxk0cS64\" data-rl_title=\"\" data-rl_caption=\"\" title=\"\"><img loading=\"lazy\" class=\"aligncenter size-medium wp-image-288\" src=\"http:\/\/abcd.abuledu.org\/les-grandes-inventions\/wp-content\/uploads\/sites\/2\/2014\/09\/wright-300x199.jpg\" alt=\"Le Flyer des fr\u00e8res Wright\" width=\"300\" height=\"199\" srcset=\"https:\/\/abcd.abuledu.org\/les-grandes-inventions\/wp-content\/uploads\/sites\/2\/2014\/09\/wright-300x199.jpg 300w, https:\/\/abcd.abuledu.org\/les-grandes-inventions\/wp-content\/uploads\/sites\/2\/2014\/09\/wright-1024x682.jpg 1024w, https:\/\/abcd.abuledu.org\/les-grandes-inventions\/wp-content\/uploads\/sites\/2\/2014\/09\/wright.jpg 2000w\" sizes=\"(max-width: 300px) 85vw, 300px\" \/><\/a><\/td>\n<\/tr>\n<tr>\n<td style=\"text-align: right;\"><a href=\"http:\/\/abcd.abuledu.org\/les-grandes-inventions\/wp-content\/uploads\/sites\/2\/2014\/09\/cornu.jpg\" data-rel=\"lightbox-gallery-kxk0cS64\" data-rl_title=\"\" data-rl_caption=\"\" title=\"\"><img loading=\"lazy\" class=\"aligncenter size-medium wp-image-289\" src=\"http:\/\/abcd.abuledu.org\/les-grandes-inventions\/wp-content\/uploads\/sites\/2\/2014\/09\/cornu-300x199.jpg\" alt=\"L'h\u00e9licopt\u00e8re de Paul Cornu\" width=\"300\" height=\"199\" srcset=\"https:\/\/abcd.abuledu.org\/les-grandes-inventions\/wp-content\/uploads\/sites\/2\/2014\/09\/cornu-300x199.jpg 300w, https:\/\/abcd.abuledu.org\/les-grandes-inventions\/wp-content\/uploads\/sites\/2\/2014\/09\/cornu-1024x682.jpg 1024w, https:\/\/abcd.abuledu.org\/les-grandes-inventions\/wp-content\/uploads\/sites\/2\/2014\/09\/cornu.jpg 2000w\" sizes=\"(max-width: 300px) 85vw, 300px\" \/><\/a><\/td>\n<td class=\"date\">1907<\/td>\n<td>Paul Cornu r\u00e9ussit \u00e0 s\u2019envoler pour la premi\u00e8re fois en h\u00e9licopt\u00e8re.<\/td>\n<\/tr>\n<tr>\n<td style=\"text-align: right;\">Louis Bl\u00e9riot traverse la Manche.<\/td>\n<td class=\"date\">1909<\/td>\n<td><a href=\"http:\/\/abcd.abuledu.org\/les-grandes-inventions\/wp-content\/uploads\/sites\/2\/2014\/06\/bleriot.jpg\" data-rel=\"lightbox-gallery-kxk0cS64\" data-rl_title=\"\" data-rl_caption=\"\" title=\"\"><img loading=\"lazy\" class=\"aligncenter size-medium wp-image-346\" src=\"http:\/\/abcd.abuledu.org\/les-grandes-inventions\/wp-content\/uploads\/sites\/2\/2014\/06\/bleriot-300x222.jpg\" alt=\"Louis Bl\u00e9riot traverse la Manche\" width=\"300\" height=\"222\" srcset=\"https:\/\/abcd.abuledu.org\/les-grandes-inventions\/wp-content\/uploads\/sites\/2\/2014\/06\/bleriot-300x222.jpg 300w, https:\/\/abcd.abuledu.org\/les-grandes-inventions\/wp-content\/uploads\/sites\/2\/2014\/06\/bleriot-1024x759.jpg 1024w\" sizes=\"(max-width: 300px) 85vw, 300px\" \/><\/a><\/td>\n<\/tr>\n<tr>\n<td><a href=\"http:\/\/abcd.abuledu.org\/les-grandes-inventions\/wp-content\/uploads\/sites\/2\/2014\/10\/henri-fabre.jpg\" data-rel=\"lightbox-gallery-kxk0cS64\" data-rl_title=\"\" data-rl_caption=\"\" title=\"\"><img loading=\"lazy\" class=\"aligncenter size-medium wp-image-361\" src=\"http:\/\/abcd.abuledu.org\/les-grandes-inventions\/wp-content\/uploads\/sites\/2\/2014\/10\/henri-fabre-300x220.jpg\" alt=\"L'hydro-a\u00e9roplane d'Henri Fabre\" width=\"300\" height=\"220\" srcset=\"https:\/\/abcd.abuledu.org\/les-grandes-inventions\/wp-content\/uploads\/sites\/2\/2014\/10\/henri-fabre-300x220.jpg 300w, https:\/\/abcd.abuledu.org\/les-grandes-inventions\/wp-content\/uploads\/sites\/2\/2014\/10\/henri-fabre-1024x753.jpg 1024w\" sizes=\"(max-width: 300px) 85vw, 300px\" \/><\/a><a href=\"http:\/\/abcd.abuledu.org\/les-grandes-inventions\/wp-content\/uploads\/sites\/2\/2014\/09\/coanda.jpg\" data-rel=\"lightbox-gallery-kxk0cS64\" data-rl_title=\"\" data-rl_caption=\"\" title=\"\"><img loading=\"lazy\" class=\"aligncenter size-medium wp-image-290\" src=\"http:\/\/abcd.abuledu.org\/les-grandes-inventions\/wp-content\/uploads\/sites\/2\/2014\/09\/coanda-300x199.jpg\" alt=\"Premier avion \u00e0 propulsion r\u00e9active d'Henri Coand\u0103\" width=\"300\" height=\"199\" srcset=\"https:\/\/abcd.abuledu.org\/les-grandes-inventions\/wp-content\/uploads\/sites\/2\/2014\/09\/coanda-300x199.jpg 300w, https:\/\/abcd.abuledu.org\/les-grandes-inventions\/wp-content\/uploads\/sites\/2\/2014\/09\/coanda-1024x682.jpg 1024w, https:\/\/abcd.abuledu.org\/les-grandes-inventions\/wp-content\/uploads\/sites\/2\/2014\/09\/coanda.jpg 2000w\" sizes=\"(max-width: 300px) 85vw, 300px\" \/><\/a><\/td>\n<td class=\"date\">1910<\/td>\n<td>Henri Fabre fait voler le premier hydravion.<br \/>\n&nbsp;<br \/>\nLe roumain Henri Coand\u0103 fait voler le premier avion \u00e0 r\u00e9action.<\/td>\n<\/tr>\n<tr>\n<td style=\"text-align: right;\">Premi\u00e8re compagnie de transport a\u00e9rienne :<br \/>\nla Soci\u00e9t\u00e9 des lignes Lat\u00e9co\u00e8re.<\/td>\n<td class=\"date\">1918<\/td>\n<td><a href=\"http:\/\/abcd.abuledu.org\/les-grandes-inventions\/wp-content\/uploads\/sites\/2\/2014\/06\/Pierre-georges-Latecoere1883-1943.jpg\" data-rel=\"lightbox-gallery-kxk0cS64\" data-rl_title=\"\" data-rl_caption=\"\" title=\"\"><img loading=\"lazy\" class=\"aligncenter size-medium wp-image-119\" src=\"http:\/\/abcd.abuledu.org\/les-grandes-inventions\/wp-content\/uploads\/sites\/2\/2014\/06\/Pierre-georges-Latecoere1883-1943-242x300.jpg\" alt=\"Pierre georges Latecoere(1883-1943)\" width=\"242\" height=\"300\" srcset=\"https:\/\/abcd.abuledu.org\/les-grandes-inventions\/wp-content\/uploads\/sites\/2\/2014\/06\/Pierre-georges-Latecoere1883-1943-242x300.jpg 242w, https:\/\/abcd.abuledu.org\/les-grandes-inventions\/wp-content\/uploads\/sites\/2\/2014\/06\/Pierre-georges-Latecoere1883-1943-828x1024.jpg 828w, https:\/\/abcd.abuledu.org\/les-grandes-inventions\/wp-content\/uploads\/sites\/2\/2014\/06\/Pierre-georges-Latecoere1883-1943.jpg 1446w\" sizes=\"(max-width: 242px) 85vw, 242px\" \/><\/a><\/td>\n<\/tr>\n<tr>\n<td><a href=\"http:\/\/abcd.abuledu.org\/les-grandes-inventions\/wp-content\/uploads\/sites\/2\/2014\/10\/charles-lindbergnew-york-paris.jpg\" data-rel=\"lightbox-gallery-kxk0cS64\" data-rl_title=\"\" data-rl_caption=\"\" title=\"\"><img loading=\"lazy\" class=\"aligncenter size-medium wp-image-362\" src=\"http:\/\/abcd.abuledu.org\/les-grandes-inventions\/wp-content\/uploads\/sites\/2\/2014\/10\/charles-lindbergnew-york-paris-258x300.jpg\" alt=\"Charles Lindberg traverse l'Atlantique\" width=\"258\" height=\"300\" srcset=\"https:\/\/abcd.abuledu.org\/les-grandes-inventions\/wp-content\/uploads\/sites\/2\/2014\/10\/charles-lindbergnew-york-paris-258x300.jpg 258w, https:\/\/abcd.abuledu.org\/les-grandes-inventions\/wp-content\/uploads\/sites\/2\/2014\/10\/charles-lindbergnew-york-paris-880x1024.jpg 880w\" sizes=\"(max-width: 258px) 85vw, 258px\" \/><\/a><\/td>\n<td class=\"date\">1927<\/td>\n<td>Charles Lindbergh traverse l\u2019Atlantique, de New York au Bourget.<\/td>\n<\/tr>\n<tr>\n<td style=\"text-align: right;\">Chuck Yeager franchit le premier le mur du son (1200 km\/h).<\/td>\n<td class=\"date\">1947<\/td>\n<td><a href=\"http:\/\/abcd.abuledu.org\/les-grandes-inventions\/wp-content\/uploads\/sites\/2\/2014\/06\/Yeager_mur-son.jpg\" data-rel=\"lightbox-gallery-kxk0cS64\" data-rl_title=\"\" data-rl_caption=\"\" title=\"\"><img loading=\"lazy\" class=\"aligncenter size-medium wp-image-350\" src=\"http:\/\/abcd.abuledu.org\/les-grandes-inventions\/wp-content\/uploads\/sites\/2\/2014\/06\/Yeager_mur-son-300x211.jpg\" alt=\"Yeager franchit le mur du son \u00e0 bord du Bell X1\" width=\"300\" height=\"211\" srcset=\"https:\/\/abcd.abuledu.org\/les-grandes-inventions\/wp-content\/uploads\/sites\/2\/2014\/06\/Yeager_mur-son-300x211.jpg 300w, https:\/\/abcd.abuledu.org\/les-grandes-inventions\/wp-content\/uploads\/sites\/2\/2014\/06\/Yeager_mur-son-1024x722.jpg 1024w, https:\/\/abcd.abuledu.org\/les-grandes-inventions\/wp-content\/uploads\/sites\/2\/2014\/06\/Yeager_mur-son.jpg 2000w\" sizes=\"(max-width: 300px) 85vw, 300px\" \/><\/a><\/td>\n<\/tr>\n<tr>\n<td><a href=\"http:\/\/abcd.abuledu.org\/les-grandes-inventions\/wp-content\/uploads\/sites\/2\/2014\/06\/de_havilland.jpg\" data-rel=\"lightbox-gallery-kxk0cS64\" data-rl_title=\"\" data-rl_caption=\"\" title=\"\"><img loading=\"lazy\" class=\"aligncenter size-medium wp-image-115\" src=\"http:\/\/abcd.abuledu.org\/les-grandes-inventions\/wp-content\/uploads\/sites\/2\/2014\/06\/de_havilland-300x199.jpg\" alt=\"Comet De Havilland\" width=\"300\" height=\"199\" srcset=\"https:\/\/abcd.abuledu.org\/les-grandes-inventions\/wp-content\/uploads\/sites\/2\/2014\/06\/de_havilland-300x199.jpg 300w, https:\/\/abcd.abuledu.org\/les-grandes-inventions\/wp-content\/uploads\/sites\/2\/2014\/06\/de_havilland.jpg 1024w\" sizes=\"(max-width: 300px) 85vw, 300px\" \/><\/a><\/td>\n<td class=\"date\">1952<\/td>\n<td>Mise en service du premier avion de ligne \u00e0 r\u00e9action : le De Havilland Comet<\/td>\n<\/tr>\n<tr>\n<td style=\"text-align: right;\">Le Tupolev Tu-144 est le premier avion de ligne supersonique, devan\u00e7ant d\u2019un an le Concorde.<\/td>\n<td class=\"date\">1968<\/td>\n<td><a href=\"http:\/\/abcd.abuledu.org\/les-grandes-inventions\/wp-content\/uploads\/sites\/2\/2014\/06\/\u041c\u0410\u041a\u0421-2007-\u0417\u0412\u0413-002.jpg\" data-rel=\"lightbox-gallery-kxk0cS64\" data-rl_title=\"\" data-rl_caption=\"\" title=\"\"><img loading=\"lazy\" class=\"aligncenter size-medium wp-image-121\" src=\"http:\/\/abcd.abuledu.org\/les-grandes-inventions\/wp-content\/uploads\/sites\/2\/2014\/06\/\u041c\u0410\u041a\u0421-2007-\u0417\u0412\u0413-002-300x112.jpg\" alt=\"Le Tupolev TU-144 premier avion commercial \u00e0 d\u00e9passer mach 2\" width=\"300\" height=\"112\" srcset=\"https:\/\/abcd.abuledu.org\/les-grandes-inventions\/wp-content\/uploads\/sites\/2\/2014\/06\/\u041c\u0410\u041a\u0421-2007-\u0417\u0412\u0413-002-300x112.jpg 300w, https:\/\/abcd.abuledu.org\/les-grandes-inventions\/wp-content\/uploads\/sites\/2\/2014\/06\/\u041c\u0410\u041a\u0421-2007-\u0417\u0412\u0413-002-1024x382.jpg 1024w, https:\/\/abcd.abuledu.org\/les-grandes-inventions\/wp-content\/uploads\/sites\/2\/2014\/06\/\u041c\u0410\u041a\u0421-2007-\u0417\u0412\u0413-002.jpg 1920w\" sizes=\"(max-width: 300px) 85vw, 300px\" \/><\/a><\/td>\n<\/tr>\n<tr>\n<td><a href=\"http:\/\/abcd.abuledu.org\/les-grandes-inventions\/wp-content\/uploads\/sites\/2\/2014\/07\/A300.jpg\" data-rel=\"lightbox-gallery-kxk0cS64\" data-rl_title=\"\" data-rl_caption=\"\" title=\"\"><img loading=\"lazy\" class=\"aligncenter size-medium wp-image-257\" src=\"http:\/\/abcd.abuledu.org\/les-grandes-inventions\/wp-content\/uploads\/sites\/2\/2014\/07\/A300-300x193.jpg\" alt=\"Airbus A300\" width=\"300\" height=\"193\" srcset=\"https:\/\/abcd.abuledu.org\/les-grandes-inventions\/wp-content\/uploads\/sites\/2\/2014\/07\/A300-300x193.jpg 300w, https:\/\/abcd.abuledu.org\/les-grandes-inventions\/wp-content\/uploads\/sites\/2\/2014\/07\/A300-1024x659.jpg 1024w, https:\/\/abcd.abuledu.org\/les-grandes-inventions\/wp-content\/uploads\/sites\/2\/2014\/07\/A300.jpg 1924w\" sizes=\"(max-width: 300px) 85vw, 300px\" \/><\/a><\/td>\n<td class=\"date\">1972<\/td>\n<td>La soci\u00e9t\u00e9 europ\u00e9enne Airbus produit son premier A300.<\/td>\n<\/tr>\n<tr>\n<td style=\"text-align: right;\"> Premier vol commercial pour l\u2019A380<br \/>\n(jusqu\u2019\u00e0 853 passagers).<\/td>\n<td class=\"date\">2007<\/td>\n<td><a href=\"http:\/\/abcd.abuledu.org\/les-grandes-inventions\/wp-content\/uploads\/sites\/2\/2014\/07\/A380.jpg\" data-rel=\"lightbox-gallery-kxk0cS64\" data-rl_title=\"\" data-rl_caption=\"\" title=\"\"><img loading=\"lazy\" class=\"aligncenter size-medium wp-image-255\" src=\"http:\/\/abcd.abuledu.org\/les-grandes-inventions\/wp-content\/uploads\/sites\/2\/2014\/07\/A380-300x193.jpg\" alt=\"Airbus A380\" width=\"300\" height=\"193\" srcset=\"https:\/\/abcd.abuledu.org\/les-grandes-inventions\/wp-content\/uploads\/sites\/2\/2014\/07\/A380-300x193.jpg 300w, https:\/\/abcd.abuledu.org\/les-grandes-inventions\/wp-content\/uploads\/sites\/2\/2014\/07\/A380-1024x659.jpg 1024w, https:\/\/abcd.abuledu.org\/les-grandes-inventions\/wp-content\/uploads\/sites\/2\/2014\/07\/A380.jpg 1924w\" sizes=\"(max-width: 300px) 85vw, 300px\" \/><\/a><\/td>\n<\/tr>\n<\/tbody>\n<\/table>\n<p><a class=\"bouton\" style=\"float: right;\"href=\"http:\/\/abcd.abuledu.org\/les-grandes-inventions\/lavion\/\">RETOUR<a><\/p>\n","protected":false},"excerpt":{"rendered":"<p>1787 Les fr\u00e8res Montgolfier s\u2019\u00e9l\u00e8vent en ballon : premier vol sans contr\u00f4le de la trajectoire. George Cayley est le premier \u00e0 identifier les quatre forces qui sont impliqu\u00e9es dans le vol : la pouss\u00e9e, la tra\u00een\u00e9e, la portance et le poids. Il con\u00e7oit et fabrique un planeur. 1853 1890 Cl\u00e9ment Ader effectue le premier d\u00e9collage &hellip; <a href=\"https:\/\/abcd.abuledu.org\/les-grandes-inventions\/avion-frise-temporelle\/\" class=\"more-link\">Continuer la lecture<span class=\"screen-reader-text\"> de &laquo;&nbsp;Avion &#8211; Frise temporelle&nbsp;&raquo;<\/span><\/a><\/p>\n","protected":false},"author":2,"featured_media":0,"parent":0,"menu_order":0,"comment_status":"closed","ping_status":"closed","template":"","meta":[],"categories":[4,6,2],"_links":{"self":[{"href":"https:\/\/abcd.abuledu.org\/les-grandes-inventions\/wp-json\/wp\/v2\/pages\/170"}],"collection":[{"href":"https:\/\/abcd.abuledu.org\/les-grandes-inventions\/wp-json\/wp\/v2\/pages"}],"about":[{"href":"https:\/\/abcd.abuledu.org\/les-grandes-inventions\/wp-json\/wp\/v2\/types\/page"}],"author":[{"embeddable":true,"href":"https:\/\/abcd.abuledu.org\/les-grandes-inventions\/wp-json\/wp\/v2\/users\/2"}],"replies":[{"embeddable":true,"href":"https:\/\/abcd.abuledu.org\/les-grandes-inventions\/wp-json\/wp\/v2\/comments?post=170"}],"version-history":[{"count":72,"href":"https:\/\/abcd.abuledu.org\/les-grandes-inventions\/wp-json\/wp\/v2\/pages\/170\/revisions"}],"predecessor-version":[{"id":650,"href":"https:\/\/abcd.abuledu.org\/les-grandes-inventions\/wp-json\/wp\/v2\/pages\/170\/revisions\/650"}],"wp:attachment":[{"href":"https:\/\/abcd.abuledu.org\/les-grandes-inventions\/wp-json\/wp\/v2\/media?parent=170"}],"wp:term":[{"taxonomy":"category","embeddable":true,"href":"https:\/\/abcd.abuledu.org\/les-grandes-inventions\/wp-json\/wp\/v2\/categories?post=170"}],"curies":[{"name":"wp","href":"https:\/\/api.w.org\/{rel}","templated":true}]}}