{"id":18,"date":"2014-06-25T20:11:59","date_gmt":"2014-06-25T19:11:59","guid":{"rendered":"http:\/\/abcd.abuledu.org\/les-grandes-inventions\/?page_id=18"},"modified":"2016-05-18T15:59:22","modified_gmt":"2016-05-18T14:59:22","slug":"le-train","status":"publish","type":"page","link":"https:\/\/abcd.abuledu.org\/les-grandes-inventions\/le-train\/","title":{"rendered":"Le train"},"content":{"rendered":"<h3>L&rsquo;inventeur<\/h3>\n<p><a href=\"http:\/\/abcd.abuledu.org\/les-grandes-inventions\/wp-content\/uploads\/sites\/2\/2014\/06\/richard-trevithick1771-1833.jpg\" data-rel=\"lightbox-gallery-diGMkitP\" data-rl_title=\"\" data-rl_caption=\"\" title=\"\"><img loading=\"lazy\" class=\"alignleft wp-image-96\" src=\"http:\/\/abcd.abuledu.org\/les-grandes-inventions\/wp-content\/uploads\/sites\/2\/2014\/06\/richard-trevithick1771-1833-252x300.jpg\" alt=\"richard trevithick(1771-1833)\" width=\"200\" height=\"237\" srcset=\"https:\/\/abcd.abuledu.org\/les-grandes-inventions\/wp-content\/uploads\/sites\/2\/2014\/06\/richard-trevithick1771-1833-252x300.jpg 252w, https:\/\/abcd.abuledu.org\/les-grandes-inventions\/wp-content\/uploads\/sites\/2\/2014\/06\/richard-trevithick1771-1833-863x1024.jpg 863w\" sizes=\"(max-width: 200px) 85vw, 200px\" \/><\/a><\/p>\n<p><strong>Richard Trevithick (1771-1833) est un ing\u00e9nieur anglais.<\/strong><br \/>\nEn 1800, il construit une machine \u00e0 haute pression plus puissante et plus \u00e9conomique que celle invent\u00e9e par James Watt. En 1801, sa premi\u00e8re \u00ab voiture \u00e0 vapeur \u00bb connue sous le nom de \u00ab Puffing Devil \u00bb est l\u2019un des premiers v\u00e9hicules \u00e0 se mouvoir par sa propre puissance et \u00e0 transporter des passagers.<br \/>\nEn 1804, il construit une locomotive \u00e0 vapeur pour les mines de Pen-y-Darren, pr\u00e8s de Merthyr Tydfil. Le 21 f\u00e9vrier 1804, elle remorque sans encombre 10 tonnes de fer et cinq wagons charg\u00e9s de 70 hommes, sur une voie longue de 15 km, \u00e0 la vitesse proche de 8 km\/h (le trajet se fait en quatre heures et cinq minutes), et ce, malgr\u00e9 quelques probl\u00e8mes techniques (la voie qui se brise au passage du convoi). En effet, les voies en fonte, fabriqu\u00e9es \u00e0 l&rsquo;\u00e9poque, n&rsquo;\u00e9taient pas capables de supporter le passage d&rsquo;un engin de 6 tonnes et demi.<br \/>\nTrevithick gardera toute sa vie l\u2019image d\u2019un inventeur incapable de se consacrer \u00e0 un seul projet. Il papillonne d\u2019une id\u00e9e \u00e0 l\u2019autre, sans avoir la t\u00e9nacit\u00e9 de surmonter les al\u00e9as techniques ou financiers.<br \/>\nRichard Trevithick meurt dans la pauvret\u00e9 alors qu\u2019il peut \u00eatre consid\u00e9r\u00e9 comme un pionnier de l&rsquo;automobile, l&rsquo;inventeur avec Oliver Evans de la machine \u00e0 vapeur \u00e0 haute pression et l&rsquo;inventeur de la locomotive \u00e0 vapeur.<\/p>\n<p><iframe loading=\"lazy\" src=\"https:\/\/videos.abuledu.org\/embed\/193\/\" width=\"480\" height=\"360\" frameborder=\"0\" align=\"middle\" allowfullscreen><\/iframe><\/p>\n<h3><img loading=\"lazy\" class=\"alignleft wp-image-83\" src=\"http:\/\/abcd.abuledu.org\/les-grandes-inventions\/wp-content\/uploads\/sites\/2\/2014\/06\/ampoule.png\" alt=\"ampoule\" width=\"90\" height=\"92\" \/>Le saviez-vous ?<\/h3>\n<p class=\"encadre-jaune\">Le mot \u00ab train \u00bb est d\u00e9riv\u00e9 du verbe \u00ab trainer \u00bb; bien avant l&rsquo;invention du chemin de fer, on appelait \u00ab train \u00bb un convoi de bateaux attach\u00e9s les uns des autres, pour partager l\u2019\u00e9quipage et la force des voiles.<\/p>\n<h3><img loading=\"lazy\" class=\"alignleft wp-image-84\" src=\"http:\/\/abcd.abuledu.org\/les-grandes-inventions\/wp-content\/uploads\/sites\/2\/2014\/06\/engrenage.png\" alt=\"engrenage\" width=\"85\" height=\"90\" \/>L&rsquo;a\u00e9rotrain : comment \u00e7a marche<\/h3>\n<p><strong>L\u2019ing\u00e9nieur Jean Bertin cr\u00e9a en 1965 le premier prototype d\u2019a\u00e9rotrain : un train sans roue, circulant sur une poutre gr\u00e2ce \u00e0 un coussin d\u2019air.<\/strong><br \/>\n<a href=\"http:\/\/abcd.abuledu.org\/les-grandes-inventions\/wp-content\/uploads\/sites\/2\/2014\/06\/aerotrain.jpg\" data-rel=\"lightbox-gallery-diGMkitP\" data-rl_title=\"\" data-rl_caption=\"\" title=\"\"><img loading=\"lazy\" class=\"aligncenter size-large wp-image-402\" src=\"http:\/\/abcd.abuledu.org\/les-grandes-inventions\/wp-content\/uploads\/sites\/2\/2014\/06\/aerotrain-1024x703.jpg\" alt=\"A\u00e9rotrain\" width=\"604\" height=\"414\" srcset=\"https:\/\/abcd.abuledu.org\/les-grandes-inventions\/wp-content\/uploads\/sites\/2\/2014\/06\/aerotrain-1024x703.jpg 1024w, https:\/\/abcd.abuledu.org\/les-grandes-inventions\/wp-content\/uploads\/sites\/2\/2014\/06\/aerotrain-300x206.jpg 300w, https:\/\/abcd.abuledu.org\/les-grandes-inventions\/wp-content\/uploads\/sites\/2\/2014\/06\/aerotrain.jpg 1148w\" sizes=\"(max-width: 604px) 85vw, 604px\" \/><\/a> <strong>Avantages par rapport au train :<\/strong><br \/>\n&#8211; Consommation d\u2019\u00e9nergie r\u00e9duite, tant par l\u2019absence de frottement que par la l\u00e9g\u00e8ret\u00e9 de l\u2019engin.<br \/>\n&#8211; Confort parfait et silence pour les passagers gr\u00e2ce \u00e0 l\u2019effet de tapis volant.<br \/>\n&#8211; Piste de b\u00e9ton moins ch\u00e8re \u00e0 construire parce qu\u2019utilisant bien moins de m\u00e9tal que des rails.<br \/>\n&#8211; L\u2019usure du rail est th\u00e9oriquement nulle, du fait du coussin d\u2019air.<br \/>\n&#8211; Le wagon ne peut d\u00e9railler. En cas de panne du syst\u00e8me de sustentation, il s\u2019assied sur le rail \u00e0 l\u2019aide de patins.<br \/>\n&#8211; L\u2019emprise au sol est non seulement discontinue, mais elle est jusqu\u2019\u00e0 10 fois plus \u00e9troite qu\u2019une ligne ferroviaire classique.<br \/>\n<strong>La d\u00e9cision prise de l\u2019abandonner au profit du projet TGV en 1974 fut une d\u00e9cision de politique industrielle.<\/strong><\/p>\n<p><a href=\"http:\/\/abcd.abuledu.org\/les-grandes-inventions\/train-frise-temporelle\/\"><img loading=\"lazy\" src=\"http:\/\/abcd.abuledu.org\/les-grandes-inventions\/wp-content\/uploads\/sites\/2\/2016\/05\/bouton-frise.png\" alt=\"bouton-frise\" width=\"250\" height=\"auto\" class=\"alignright size-full wp-image-1471\" \/><\/a><\/p>\n","protected":false},"excerpt":{"rendered":"<p>L&rsquo;inventeur Richard Trevithick (1771-1833) est un ing\u00e9nieur anglais. En 1800, il construit une machine \u00e0 haute pression plus puissante et plus \u00e9conomique que celle invent\u00e9e par James Watt. En 1801, sa premi\u00e8re \u00ab voiture \u00e0 vapeur \u00bb connue sous le nom de \u00ab Puffing Devil \u00bb est l\u2019un des premiers v\u00e9hicules \u00e0 se mouvoir par &hellip; <a href=\"https:\/\/abcd.abuledu.org\/les-grandes-inventions\/le-train\/\" class=\"more-link\">Continuer la lecture<span class=\"screen-reader-text\"> de &laquo;&nbsp;Le train&nbsp;&raquo;<\/span><\/a><\/p>\n","protected":false},"author":2,"featured_media":0,"parent":0,"menu_order":0,"comment_status":"closed","ping_status":"closed","template":"","meta":[],"categories":[5,2],"_links":{"self":[{"href":"https:\/\/abcd.abuledu.org\/les-grandes-inventions\/wp-json\/wp\/v2\/pages\/18"}],"collection":[{"href":"https:\/\/abcd.abuledu.org\/les-grandes-inventions\/wp-json\/wp\/v2\/pages"}],"about":[{"href":"https:\/\/abcd.abuledu.org\/les-grandes-inventions\/wp-json\/wp\/v2\/types\/page"}],"author":[{"embeddable":true,"href":"https:\/\/abcd.abuledu.org\/les-grandes-inventions\/wp-json\/wp\/v2\/users\/2"}],"replies":[{"embeddable":true,"href":"https:\/\/abcd.abuledu.org\/les-grandes-inventions\/wp-json\/wp\/v2\/comments?post=18"}],"version-history":[{"count":73,"href":"https:\/\/abcd.abuledu.org\/les-grandes-inventions\/wp-json\/wp\/v2\/pages\/18\/revisions"}],"predecessor-version":[{"id":651,"href":"https:\/\/abcd.abuledu.org\/les-grandes-inventions\/wp-json\/wp\/v2\/pages\/18\/revisions\/651"}],"wp:attachment":[{"href":"https:\/\/abcd.abuledu.org\/les-grandes-inventions\/wp-json\/wp\/v2\/media?parent=18"}],"wp:term":[{"taxonomy":"category","embeddable":true,"href":"https:\/\/abcd.abuledu.org\/les-grandes-inventions\/wp-json\/wp\/v2\/categories?post=18"}],"curies":[{"name":"wp","href":"https:\/\/api.w.org\/{rel}","templated":true}]}}