{"id":371,"date":"2014-10-07T10:14:52","date_gmt":"2014-10-07T09:14:52","guid":{"rendered":"http:\/\/abcd.abuledu.org\/les-grandes-inventions\/?page_id=371"},"modified":"2016-05-18T16:00:26","modified_gmt":"2016-05-18T15:00:26","slug":"train-frise-temporelle","status":"publish","type":"page","link":"https:\/\/abcd.abuledu.org\/les-grandes-inventions\/train-frise-temporelle\/","title":{"rendered":"Train &#8211; Frise temporelle"},"content":{"rendered":"<table>\n<tbody>\n<tr>\n<td><a href=\"http:\/\/abcd.abuledu.org\/les-grandes-inventions\/wp-content\/uploads\/sites\/2\/2014\/10\/wagonnet.jpg\" data-rel=\"lightbox-gallery-Ip6uxAmM\" data-rl_title=\"\" data-rl_caption=\"\" title=\"\"><img loading=\"lazy\" class=\"aligncenter size-medium wp-image-390\" src=\"http:\/\/abcd.abuledu.org\/les-grandes-inventions\/wp-content\/uploads\/sites\/2\/2014\/10\/wagonnet-300x181.jpg\" alt=\"wagonnet\" width=\"300\" height=\"181\" srcset=\"https:\/\/abcd.abuledu.org\/les-grandes-inventions\/wp-content\/uploads\/sites\/2\/2014\/10\/wagonnet-300x181.jpg 300w, https:\/\/abcd.abuledu.org\/les-grandes-inventions\/wp-content\/uploads\/sites\/2\/2014\/10\/wagonnet-1024x620.jpg 1024w\" sizes=\"(max-width: 300px) 85vw, 300px\" \/><\/a><\/td>\n<td class=\"date\">1550<\/td>\n<td>Des gravures montrent l\u2019utilisation de wagonnets sur rails de bois dans les mines de Leberthal en Alsace.<\/td>\n<\/tr>\n<tr>\n<td style=\"text-align: right;\">Richard Reynolds utilise des rails m\u00e9talliques, sur lesquels roulent des wagons tra\u00een\u00e9s par des chevaux.<\/td>\n<td class=\"date\">1767<\/td>\n<td><a href=\"http:\/\/abcd.abuledu.org\/les-grandes-inventions\/wp-content\/uploads\/sites\/2\/2014\/10\/rails.jpg\" data-rel=\"lightbox-gallery-Ip6uxAmM\" data-rl_title=\"\" data-rl_caption=\"\" title=\"\"><img loading=\"lazy\" class=\"aligncenter size-medium wp-image-385\" src=\"http:\/\/abcd.abuledu.org\/les-grandes-inventions\/wp-content\/uploads\/sites\/2\/2014\/10\/rails-300x171.jpg\" alt=\"rails\" width=\"300\" height=\"171\" srcset=\"https:\/\/abcd.abuledu.org\/les-grandes-inventions\/wp-content\/uploads\/sites\/2\/2014\/10\/rails-300x171.jpg 300w, https:\/\/abcd.abuledu.org\/les-grandes-inventions\/wp-content\/uploads\/sites\/2\/2014\/10\/rails-1024x586.jpg 1024w\" sizes=\"(max-width: 300px) 85vw, 300px\" \/><\/a><\/td>\n<\/tr>\n<tr>\n<td><a href=\"http:\/\/abcd.abuledu.org\/les-grandes-inventions\/wp-content\/uploads\/sites\/2\/2014\/06\/richard-trevithick1771-1833.jpg\" data-rel=\"lightbox-gallery-Ip6uxAmM\" data-rl_title=\"\" data-rl_caption=\"\" title=\"\"><img loading=\"lazy\" class=\"aligncenter size-medium wp-image-96\" src=\"http:\/\/abcd.abuledu.org\/les-grandes-inventions\/wp-content\/uploads\/sites\/2\/2014\/06\/richard-trevithick1771-1833-252x300.jpg\" alt=\"Richard Trevithick (1771-1833)\" width=\"252\" height=\"300\" srcset=\"https:\/\/abcd.abuledu.org\/les-grandes-inventions\/wp-content\/uploads\/sites\/2\/2014\/06\/richard-trevithick1771-1833-252x300.jpg 252w, https:\/\/abcd.abuledu.org\/les-grandes-inventions\/wp-content\/uploads\/sites\/2\/2014\/06\/richard-trevithick1771-1833-863x1024.jpg 863w\" sizes=\"(max-width: 252px) 85vw, 252px\" \/><\/a><\/td>\n<td class=\"date\">1804<\/td>\n<td>Richard Trevithick fait circuler sur des rails la premi\u00e8re locomotive \u00e0 vapeur.<\/td>\n<\/tr>\n<tr>\n<td style=\"text-align: right;\"> Inauguration de la premi\u00e8re ligne permettant le transport commercial de passagers avec des locomotives \u00e0 vapeur.<\/td>\n<td class=\"date\">1825<\/td>\n<td><a href=\"http:\/\/abcd.abuledu.org\/les-grandes-inventions\/wp-content\/uploads\/sites\/2\/2014\/10\/1825-Stockton-and-Darlington.jpg\" data-rel=\"lightbox-gallery-Ip6uxAmM\" data-rl_title=\"\" data-rl_caption=\"\" title=\"\"><img loading=\"lazy\" class=\"aligncenter size-medium wp-image-391\" src=\"http:\/\/abcd.abuledu.org\/les-grandes-inventions\/wp-content\/uploads\/sites\/2\/2014\/10\/1825-Stockton-and-Darlington-300x193.jpg\" alt=\"1825-Stockton-and-Darlington\" width=\"300\" height=\"193\" srcset=\"https:\/\/abcd.abuledu.org\/les-grandes-inventions\/wp-content\/uploads\/sites\/2\/2014\/10\/1825-Stockton-and-Darlington-300x193.jpg 300w, https:\/\/abcd.abuledu.org\/les-grandes-inventions\/wp-content\/uploads\/sites\/2\/2014\/10\/1825-Stockton-and-Darlington-1024x660.jpg 1024w\" sizes=\"(max-width: 300px) 85vw, 300px\" \/><\/a><\/td>\n<\/tr>\n<tr>\n<td style=\"text-align: right;\"><a href=\"http:\/\/abcd.abuledu.org\/les-grandes-inventions\/wp-content\/uploads\/sites\/2\/2014\/06\/loco.jpg\" data-rel=\"lightbox-gallery-Ip6uxAmM\" data-rl_title=\"\" data-rl_caption=\"\" title=\"\"><img loading=\"lazy\" class=\"aligncenter size-medium wp-image-29\" src=\"http:\/\/abcd.abuledu.org\/les-grandes-inventions\/wp-content\/uploads\/sites\/2\/2014\/06\/loco-300x225.jpg\" alt=\"loco\" width=\"300\" height=\"225\" srcset=\"https:\/\/abcd.abuledu.org\/les-grandes-inventions\/wp-content\/uploads\/sites\/2\/2014\/06\/loco-300x225.jpg 300w, https:\/\/abcd.abuledu.org\/les-grandes-inventions\/wp-content\/uploads\/sites\/2\/2014\/06\/loco.jpg 800w\" sizes=\"(max-width: 300px) 85vw, 300px\" \/><\/a><\/td>\n<td class=\"date\">1829<\/td>\n<td>George Stephenson cr\u00e9e la Fus\u00e9e, premi\u00e8re locomotive assez robuste et fiable pour l\u2019exploitation commerciale.<\/td>\n<\/tr>\n<tr>\n<td style=\"text-align: right;\">Premi\u00e8re ligne de m\u00e9tro, \u00e0 Londres.<\/td>\n<td class=\"date\">1863<\/td>\n<td><a href=\"http:\/\/abcd.abuledu.org\/les-grandes-inventions\/wp-content\/uploads\/sites\/2\/2014\/10\/Tube-londonien.jpg\" data-rel=\"lightbox-gallery-Ip6uxAmM\" data-rl_title=\"\" data-rl_caption=\"\" title=\"\"><img loading=\"lazy\" class=\"aligncenter size-medium wp-image-389\" src=\"http:\/\/abcd.abuledu.org\/les-grandes-inventions\/wp-content\/uploads\/sites\/2\/2014\/10\/Tube-londonien-300x212.jpg\" alt=\"Tube-londonien\" width=\"300\" height=\"212\" srcset=\"https:\/\/abcd.abuledu.org\/les-grandes-inventions\/wp-content\/uploads\/sites\/2\/2014\/10\/Tube-londonien-300x212.jpg 300w, https:\/\/abcd.abuledu.org\/les-grandes-inventions\/wp-content\/uploads\/sites\/2\/2014\/10\/Tube-londonien-1024x724.jpg 1024w, https:\/\/abcd.abuledu.org\/les-grandes-inventions\/wp-content\/uploads\/sites\/2\/2014\/10\/Tube-londonien.jpg 1540w\" sizes=\"(max-width: 300px) 85vw, 300px\" \/><\/a><\/td>\n<\/tr>\n<tr>\n<td><a href=\"http:\/\/abcd.abuledu.org\/les-grandes-inventions\/wp-content\/uploads\/sites\/2\/2014\/10\/transcontinental-ok.jpg\" data-rel=\"lightbox-gallery-Ip6uxAmM\" data-rl_title=\"\" data-rl_caption=\"\" title=\"\"><img loading=\"lazy\" class=\"aligncenter size-medium wp-image-393\" src=\"http:\/\/abcd.abuledu.org\/les-grandes-inventions\/wp-content\/uploads\/sites\/2\/2014\/10\/transcontinental-ok-300x145.jpg\" alt=\"transcontinental-ok\" width=\"300\" height=\"145\" srcset=\"https:\/\/abcd.abuledu.org\/les-grandes-inventions\/wp-content\/uploads\/sites\/2\/2014\/10\/transcontinental-ok-300x145.jpg 300w, https:\/\/abcd.abuledu.org\/les-grandes-inventions\/wp-content\/uploads\/sites\/2\/2014\/10\/transcontinental-ok-1024x495.jpg 1024w, https:\/\/abcd.abuledu.org\/les-grandes-inventions\/wp-content\/uploads\/sites\/2\/2014\/10\/transcontinental-ok.jpg 2000w\" sizes=\"(max-width: 300px) 85vw, 300px\" \/><\/a><\/td>\n<td class=\"date\">1869<\/td>\n<td>Jonction du transcontinental am\u00e9ricain.<\/td>\n<\/tr>\n<tr>\n<td style=\"text-align: right;\"> Siemens cr\u00e9e la premi\u00e8re locomotive \u00e9lectrique utilisable.<\/td>\n<td class=\"date\">1879<\/td>\n<td><a href=\"http:\/\/abcd.abuledu.org\/les-grandes-inventions\/wp-content\/uploads\/sites\/2\/2014\/10\/Locomotive-electrique.jpg\" data-rel=\"lightbox-gallery-Ip6uxAmM\" data-rl_title=\"\" data-rl_caption=\"\" title=\"\"><img loading=\"lazy\" class=\"aligncenter size-medium wp-image-383\" src=\"http:\/\/abcd.abuledu.org\/les-grandes-inventions\/wp-content\/uploads\/sites\/2\/2014\/10\/Locomotive-electrique-300x194.jpg\" alt=\"Locomotive-electrique\" width=\"300\" height=\"194\" srcset=\"https:\/\/abcd.abuledu.org\/les-grandes-inventions\/wp-content\/uploads\/sites\/2\/2014\/10\/Locomotive-electrique-300x194.jpg 300w, https:\/\/abcd.abuledu.org\/les-grandes-inventions\/wp-content\/uploads\/sites\/2\/2014\/10\/Locomotive-electrique-1024x665.jpg 1024w\" sizes=\"(max-width: 300px) 85vw, 300px\" \/><\/a><\/td>\n<\/tr>\n<tr>\n<td><a href=\"http:\/\/abcd.abuledu.org\/les-grandes-inventions\/wp-content\/uploads\/sites\/2\/2014\/10\/tram-clermont.jpg\" data-rel=\"lightbox-gallery-Ip6uxAmM\" data-rl_title=\"\" data-rl_caption=\"\" title=\"\"><img loading=\"lazy\" class=\"aligncenter size-medium wp-image-392\" src=\"http:\/\/abcd.abuledu.org\/les-grandes-inventions\/wp-content\/uploads\/sites\/2\/2014\/10\/tram-clermont-300x177.jpg\" alt=\"tram-clermont\" width=\"300\" height=\"177\" srcset=\"https:\/\/abcd.abuledu.org\/les-grandes-inventions\/wp-content\/uploads\/sites\/2\/2014\/10\/tram-clermont-300x177.jpg 300w, https:\/\/abcd.abuledu.org\/les-grandes-inventions\/wp-content\/uploads\/sites\/2\/2014\/10\/tram-clermont-1024x607.jpg 1024w, https:\/\/abcd.abuledu.org\/les-grandes-inventions\/wp-content\/uploads\/sites\/2\/2014\/10\/tram-clermont.jpg 1425w\" sizes=\"(max-width: 300px) 85vw, 300px\" \/><\/a><\/td>\n<td class=\"date\">1890<\/td>\n<td>Premier tramway \u00e9lectrique \u00e0 Clermont-Ferrand.<\/td>\n<\/tr>\n<tr>\n<td style=\"text-align: right;\">Cr\u00e9ation de la Soci\u00e9t\u00e9 Nationale des Chemins de fer Fran\u00e7ais.<\/td>\n<td class=\"date\">1937<\/td>\n<td><a href=\"http:\/\/abcd.abuledu.org\/les-grandes-inventions\/wp-content\/uploads\/sites\/2\/2014\/10\/sncf.jpg\" data-rel=\"lightbox-gallery-Ip6uxAmM\" data-rl_title=\"\" data-rl_caption=\"\" title=\"\"><img loading=\"lazy\" class=\"aligncenter size-medium wp-image-387\" src=\"http:\/\/abcd.abuledu.org\/les-grandes-inventions\/wp-content\/uploads\/sites\/2\/2014\/10\/sncf-300x182.jpg\" alt=\"sncf\" width=\"300\" height=\"182\" srcset=\"https:\/\/abcd.abuledu.org\/les-grandes-inventions\/wp-content\/uploads\/sites\/2\/2014\/10\/sncf-300x182.jpg 300w, https:\/\/abcd.abuledu.org\/les-grandes-inventions\/wp-content\/uploads\/sites\/2\/2014\/10\/sncf-1024x621.jpg 1024w, https:\/\/abcd.abuledu.org\/les-grandes-inventions\/wp-content\/uploads\/sites\/2\/2014\/10\/sncf.jpg 2016w\" sizes=\"(max-width: 300px) 85vw, 300px\" \/><\/a><\/td>\n<\/tr>\n<tr>\n<td><a href=\"http:\/\/abcd.abuledu.org\/les-grandes-inventions\/wp-content\/uploads\/sites\/2\/2014\/11\/aerotrain-final.jpg\" data-rel=\"lightbox-gallery-Ip6uxAmM\" data-rl_title=\"\" data-rl_caption=\"\" title=\"\"><img loading=\"lazy\" class=\"aligncenter size-medium wp-image-465\" src=\"http:\/\/abcd.abuledu.org\/les-grandes-inventions\/wp-content\/uploads\/sites\/2\/2014\/11\/aerotrain-final-300x199.jpg\" alt=\"aerotrain-final\" width=\"300\" height=\"199\" srcset=\"https:\/\/abcd.abuledu.org\/les-grandes-inventions\/wp-content\/uploads\/sites\/2\/2014\/11\/aerotrain-final-300x199.jpg 300w, https:\/\/abcd.abuledu.org\/les-grandes-inventions\/wp-content\/uploads\/sites\/2\/2014\/11\/aerotrain-final-1024x682.jpg 1024w, https:\/\/abcd.abuledu.org\/les-grandes-inventions\/wp-content\/uploads\/sites\/2\/2014\/11\/aerotrain-final.jpg 2000w\" sizes=\"(max-width: 300px) 85vw, 300px\" \/><\/a><a href=\"http:\/\/abcd.abuledu.org\/les-grandes-inventions\/wp-content\/uploads\/sites\/2\/2014\/10\/Shinkansen.jpg\" data-rel=\"lightbox-gallery-Ip6uxAmM\" data-rl_title=\"\" data-rl_caption=\"\" title=\"\"><img loading=\"lazy\" class=\"aligncenter size-medium wp-image-386\" src=\"http:\/\/abcd.abuledu.org\/les-grandes-inventions\/wp-content\/uploads\/sites\/2\/2014\/10\/Shinkansen-300x203.jpg\" alt=\"Shinkansen\" width=\"300\" height=\"203\" srcset=\"https:\/\/abcd.abuledu.org\/les-grandes-inventions\/wp-content\/uploads\/sites\/2\/2014\/10\/Shinkansen-300x203.jpg 300w, https:\/\/abcd.abuledu.org\/les-grandes-inventions\/wp-content\/uploads\/sites\/2\/2014\/10\/Shinkansen-1024x693.jpg 1024w\" sizes=\"(max-width: 300px) 85vw, 300px\" \/><\/a><\/td>\n<td class=\"date\">1964<\/td>\n<td>L\u2019a\u00e9rotrain est un v\u00e9hicule glissant sur un coussin d&rsquo;air au-dessus d\u2019une voie sp\u00e9ciale en forme de T invers\u00e9.<br \/>\n&nbsp;<br \/>\nInauguration \u00e0 l\u2019occasion des Jeux Olympiques de Tokyo du Shinkansen, premier train \u00e0 grande vitesse.<\/td>\n<\/tr>\n<tr>\n<td style=\"text-align: right;\">D\u00e9but du transport de voyageurs en TGV.<\/td>\n<td class=\"date\">1981<\/td>\n<td><a href=\"http:\/\/abcd.abuledu.org\/les-grandes-inventions\/wp-content\/uploads\/sites\/2\/2014\/10\/TGV.jpg\" data-rel=\"lightbox-gallery-Ip6uxAmM\" data-rl_title=\"\" data-rl_caption=\"\" title=\"\"><img loading=\"lazy\" class=\"aligncenter size-medium wp-image-388\" src=\"http:\/\/abcd.abuledu.org\/les-grandes-inventions\/wp-content\/uploads\/sites\/2\/2014\/10\/TGV-300x177.jpg\" alt=\"TGV\" width=\"300\" height=\"177\" srcset=\"https:\/\/abcd.abuledu.org\/les-grandes-inventions\/wp-content\/uploads\/sites\/2\/2014\/10\/TGV-300x177.jpg 300w, https:\/\/abcd.abuledu.org\/les-grandes-inventions\/wp-content\/uploads\/sites\/2\/2014\/10\/TGV-1024x606.jpg 1024w\" sizes=\"(max-width: 300px) 85vw, 300px\" \/><\/a><\/td>\n<\/tr>\n<\/tbody>\n<\/table>\n<p><a class=\"bouton\" style=\"float: right;\" href=\"http:\/\/abcd.abuledu.org\/les-grandes-inventions\/le-train\/\">RETOUR<a><\/p>\n","protected":false},"excerpt":{"rendered":"<p>1550 Des gravures montrent l\u2019utilisation de wagonnets sur rails de bois dans les mines de Leberthal en Alsace. Richard Reynolds utilise des rails m\u00e9talliques, sur lesquels roulent des wagons tra\u00een\u00e9s par des chevaux. 1767 1804 Richard Trevithick fait circuler sur des rails la premi\u00e8re locomotive \u00e0 vapeur. Inauguration de la premi\u00e8re ligne permettant le transport &hellip; <a href=\"https:\/\/abcd.abuledu.org\/les-grandes-inventions\/train-frise-temporelle\/\" class=\"more-link\">Continuer la lecture<span class=\"screen-reader-text\"> de &laquo;&nbsp;Train &#8211; Frise temporelle&nbsp;&raquo;<\/span><\/a><\/p>\n","protected":false},"author":2,"featured_media":0,"parent":0,"menu_order":0,"comment_status":"closed","ping_status":"closed","template":"","meta":[],"categories":[7,5,2],"_links":{"self":[{"href":"https:\/\/abcd.abuledu.org\/les-grandes-inventions\/wp-json\/wp\/v2\/pages\/371"}],"collection":[{"href":"https:\/\/abcd.abuledu.org\/les-grandes-inventions\/wp-json\/wp\/v2\/pages"}],"about":[{"href":"https:\/\/abcd.abuledu.org\/les-grandes-inventions\/wp-json\/wp\/v2\/types\/page"}],"author":[{"embeddable":true,"href":"https:\/\/abcd.abuledu.org\/les-grandes-inventions\/wp-json\/wp\/v2\/users\/2"}],"replies":[{"embeddable":true,"href":"https:\/\/abcd.abuledu.org\/les-grandes-inventions\/wp-json\/wp\/v2\/comments?post=371"}],"version-history":[{"count":15,"href":"https:\/\/abcd.abuledu.org\/les-grandes-inventions\/wp-json\/wp\/v2\/pages\/371\/revisions"}],"predecessor-version":[{"id":652,"href":"https:\/\/abcd.abuledu.org\/les-grandes-inventions\/wp-json\/wp\/v2\/pages\/371\/revisions\/652"}],"wp:attachment":[{"href":"https:\/\/abcd.abuledu.org\/les-grandes-inventions\/wp-json\/wp\/v2\/media?parent=371"}],"wp:term":[{"taxonomy":"category","embeddable":true,"href":"https:\/\/abcd.abuledu.org\/les-grandes-inventions\/wp-json\/wp\/v2\/categories?post=371"}],"curies":[{"name":"wp","href":"https:\/\/api.w.org\/{rel}","templated":true}]}}