{"id":59,"date":"2014-06-27T17:05:55","date_gmt":"2014-06-27T16:05:55","guid":{"rendered":"http:\/\/abcd.abuledu.org\/les-grandes-inventions\/?page_id=59"},"modified":"2016-06-11T07:53:14","modified_gmt":"2016-06-11T06:53:14","slug":"lavion","status":"publish","type":"page","link":"https:\/\/abcd.abuledu.org\/les-grandes-inventions\/lavion\/","title":{"rendered":"L&rsquo;avion"},"content":{"rendered":"<h3>L&rsquo;inventeur<\/h3>\n<p><img loading=\"lazy\" class=\"alignleft  wp-image-87\" src=\"http:\/\/abcd.abuledu.org\/les-grandes-inventions\/wp-content\/uploads\/sites\/2\/2014\/06\/Clement-Ader1841-1925-239x300.jpg\" alt=\"Clement Ader(1841-1925)\" width=\"160\" height=\"201\" srcset=\"https:\/\/abcd.abuledu.org\/les-grandes-inventions\/wp-content\/uploads\/sites\/2\/2014\/06\/Clement-Ader1841-1925-239x300.jpg 239w, https:\/\/abcd.abuledu.org\/les-grandes-inventions\/wp-content\/uploads\/sites\/2\/2014\/06\/Clement-Ader1841-1925-818x1024.jpg 818w, https:\/\/abcd.abuledu.org\/les-grandes-inventions\/wp-content\/uploads\/sites\/2\/2014\/06\/Clement-Ader1841-1925.jpg 1417w\" sizes=\"(max-width: 160px) 85vw, 160px\" \/><strong>Cl\u00e9ment Ader (1841 \u2013 1925)<\/strong> est un ing\u00e9nieur fran\u00e7ais tr\u00e8s inventif, qui cr\u00e9a en 1890 un prototype nomm\u00e9 \u00ab \u00c9ole \u00bb, \u00e9quip\u00e9 d\u2019un moteur \u00e0 vapeur et d\u2019ailes dont la forme imitait celles des chauve-souris, mais qui ne pouvait pas changer de direction&#8230; Il lui aurait fait quitter le sol (interruption dans les traces des roues au sol) sur une cinquantaine de m\u00e8tres, devenant par l\u00e0 l\u2019inventeur fran\u00e7ais de l\u2019avion.<br \/>Beaucoup d\u2019inventions de cette fin du XIX\u00e8me si\u00e8cle ont une origine disput\u00e9e, et l\u2019avion suit cette r\u00e8gle. Il semble certain que les erreurs de conception des avions d\u2019Ader ne leur aurait jamais permis de voler r\u00e9ellement, \u00e0 l\u2019inverse des r\u00e9alisations des fr\u00e8res Wright (\u00c9tats-Unis) qui effectuent d\u00e8s 1903 de vrais vols, stables et dirig\u00e9s.<\/p>\n<h3><img loading=\"lazy\" class=\"alignleft wp-image-83\" src=\"http:\/\/abcd.abuledu.org\/les-grandes-inventions\/wp-content\/uploads\/sites\/2\/2014\/06\/ampoule.png\" alt=\"ampoule\" width=\"90\" height=\"92\" \/>Le saviez-vous ?<\/h3>\n<p class=\"encadre-jaune\">Une tentative d\u2019explication fait du mot \u00ab\u00a0avion\u00a0\u00bb l\u2019acronyme d&rsquo;Appareil Volant Imitant l&rsquo;Oiseau Naturel En fait, c\u2019est d\u2019abord un marin fran\u00e7ais, qui r\u00eave de machines volantes, qui invente le mot \u00ab\u00a0aviation\u00a0\u00bb, en contractant \u00ab\u00a0avis\u00a0\u00bb qui signifie \u00ab\u00a0oiseau\u00a0\u00bb en latin et \u00ab\u00a0navigation\u00a0\u00bb, puis partant de ce mot Cl\u00e9ment Ader qui cr\u00e9e le mot \u00ab\u00a0avion\u00a0\u00bb.<\/p>\n<h3><img loading=\"lazy\" class=\"alignleft wp-image-84\" src=\"http:\/\/abcd.abuledu.org\/les-grandes-inventions\/wp-content\/uploads\/sites\/2\/2014\/06\/engrenage.png\" alt=\"engrenage\" width=\"80\" height=\"85\" \/>Comment \u00e7a marche ?<\/h3>\n<p><strong>Comment une aile permet-elle de voler ?<\/strong> Et bien en fait \u2026 on ne sait pas !!<br \/>Depuis plus de 100 ans, des th\u00e9ories sont avanc\u00e9es par de grands savants, mais toutes ces th\u00e9ories ont des incoh\u00e9rences ou des contradictions. Elles sont de plus extr\u00eamement difficiles \u00e0 comprendre.<\/p>\n<p><strong>Voici la plus simple :<\/strong><br \/>un \u00ab\u00a0morceau\u00a0\u00bb d\u2019air (rectangle bleu) arrive \u00e0 l&rsquo;avant de l&rsquo;aile.<br \/>L\u2019aile le coupe : le trajet de la \u00ab\u00a0moiti\u00e9\u00a0\u00bb d\u2019air qui passe au dessus est plus long en distance que celui de la \u00ab\u00a0moiti\u00e9 d&rsquo;air\u00a0\u00bb qui passe dessous.<br \/>Il doit donc aller plus vite pour pouvoir arriver en m\u00eame temps derri\u00e8re l\u2019aile et reconstituer le \u00abmorceau\u00bb d&rsquo;air initial.<br \/>\n<img loading=\"lazy\" class=\"aligncenter wp-image-316\" src=\"http:\/\/abcd.abuledu.org\/les-grandes-inventions\/wp-content\/uploads\/sites\/2\/2014\/06\/portance.png\" alt=\"\" width=\"600\" height=\"312\" srcset=\"https:\/\/abcd.abuledu.org\/les-grandes-inventions\/wp-content\/uploads\/sites\/2\/2014\/06\/portance.png 705w, https:\/\/abcd.abuledu.org\/les-grandes-inventions\/wp-content\/uploads\/sites\/2\/2014\/06\/portance-300x156.png 300w\" sizes=\"(max-width: 600px) 85vw, 600px\" \/><br \/>\nUn savant italien du nom de <strong>Bernoulli<\/strong> a prouv\u00e9 que plus la vitesse d\u2019un gaz est grande, plus sa pression est petite. La pression dans le morceau jaune est alors plus faible que celle dans le morceau bleu, et l\u2019aile est donc pouss\u00e9e plus fort vers le haut que vers le bas. On appelle ce ph\u00e9nom\u00e8ne <strong>portance.<\/strong><\/p>\n<p><a href=\"http:\/\/abcd.abuledu.org\/les-grandes-inventions\/avion-frise-temporelle\/\"><img loading=\"lazy\" src=\"http:\/\/abcd.abuledu.org\/les-grandes-inventions\/wp-content\/uploads\/sites\/2\/2016\/05\/bouton-frise.png\" alt=\"bouton-frise\" width=\"250\" height=\"auto\" class=\"alignright size-full wp-image-1471\" \/><\/a><\/p>\n","protected":false},"excerpt":{"rendered":"<p>L&rsquo;inventeur Cl\u00e9ment Ader (1841 \u2013 1925) est un ing\u00e9nieur fran\u00e7ais tr\u00e8s inventif, qui cr\u00e9a en 1890 un prototype nomm\u00e9 \u00ab \u00c9ole \u00bb, \u00e9quip\u00e9 d\u2019un moteur \u00e0 vapeur et d\u2019ailes dont la forme imitait celles des chauve-souris, mais qui ne pouvait pas changer de direction&#8230; Il lui aurait fait quitter le sol (interruption dans les traces &hellip; <a href=\"https:\/\/abcd.abuledu.org\/les-grandes-inventions\/lavion\/\" class=\"more-link\">Continuer la lecture<span class=\"screen-reader-text\"> de &laquo;&nbsp;L&rsquo;avion&nbsp;&raquo;<\/span><\/a><\/p>\n","protected":false},"author":2,"featured_media":0,"parent":0,"menu_order":0,"comment_status":"closed","ping_status":"closed","template":"","meta":[],"categories":[4,2],"_links":{"self":[{"href":"https:\/\/abcd.abuledu.org\/les-grandes-inventions\/wp-json\/wp\/v2\/pages\/59"}],"collection":[{"href":"https:\/\/abcd.abuledu.org\/les-grandes-inventions\/wp-json\/wp\/v2\/pages"}],"about":[{"href":"https:\/\/abcd.abuledu.org\/les-grandes-inventions\/wp-json\/wp\/v2\/types\/page"}],"author":[{"embeddable":true,"href":"https:\/\/abcd.abuledu.org\/les-grandes-inventions\/wp-json\/wp\/v2\/users\/2"}],"replies":[{"embeddable":true,"href":"https:\/\/abcd.abuledu.org\/les-grandes-inventions\/wp-json\/wp\/v2\/comments?post=59"}],"version-history":[{"count":161,"href":"https:\/\/abcd.abuledu.org\/les-grandes-inventions\/wp-json\/wp\/v2\/pages\/59\/revisions"}],"predecessor-version":[{"id":661,"href":"https:\/\/abcd.abuledu.org\/les-grandes-inventions\/wp-json\/wp\/v2\/pages\/59\/revisions\/661"}],"wp:attachment":[{"href":"https:\/\/abcd.abuledu.org\/les-grandes-inventions\/wp-json\/wp\/v2\/media?parent=59"}],"wp:term":[{"taxonomy":"category","embeddable":true,"href":"https:\/\/abcd.abuledu.org\/les-grandes-inventions\/wp-json\/wp\/v2\/categories?post=59"}],"curies":[{"name":"wp","href":"https:\/\/api.w.org\/{rel}","templated":true}]}}