{"id":18,"date":"2014-12-15T14:34:16","date_gmt":"2014-12-15T13:34:16","guid":{"rendered":"http:\/\/abcd.abuledu.org\/six-histoires-de-chloe\/?page_id=18"},"modified":"2016-04-13T15:49:18","modified_gmt":"2016-04-13T14:49:18","slug":"chloe-au-parc","status":"publish","type":"page","link":"https:\/\/abcd.abuledu.org\/six-histoires-de-chloe\/chloe-au-parc\/","title":{"rendered":"Chlo\u00e9 au parc"},"content":{"rendered":"<ul>\n<li><a href=\"https:\/\/fr.wikiversity.org\/wiki\/Six_histoires_de_Chlo%C3%A9\/Les_quatre_saisons_de_Chlo%C3%A9\" target=\"_blank\"><strong>Questionnaire de lecture sur Wikiversit\u00e9<\/strong><\/a><\/li>\n<\/ul>\n<p>&nbsp;<\/p>\n<ul>\n<li><span style=\"color: #ffff00\"><strong>Grand-m\u00e8re, raconte-moi les balades de Chlo\u00e9 dans son parc, au fil des saisons :<\/strong><\/span><\/li>\n<\/ul>\n<p><iframe loading=\"lazy\" src=\"http:\/\/raconte-moi.abuledu.org\/w\/9270-chloe_in_the_park?fullscreen=1\" align=\"left\" width=\"800\" height=\"600\" frameborder=\"0\" scrolling=\"no\" marginwidth=\"0\" marginheight=\"0\" allowfullscreen><\/iframe><\/p>\n","protected":false},"excerpt":{"rendered":"<p>Questionnaire de lecture sur Wikiversit\u00e9 &nbsp; Grand-m\u00e8re, raconte-moi les balades de Chlo\u00e9 dans son parc, au fil des saisons :<\/p>\n","protected":false},"author":4,"featured_media":69,"parent":0,"menu_order":0,"comment_status":"open","ping_status":"closed","template":"","meta":[],"categories":[],"_links":{"self":[{"href":"https:\/\/abcd.abuledu.org\/six-histoires-de-chloe\/wp-json\/wp\/v2\/pages\/18"}],"collection":[{"href":"https:\/\/abcd.abuledu.org\/six-histoires-de-chloe\/wp-json\/wp\/v2\/pages"}],"about":[{"href":"https:\/\/abcd.abuledu.org\/six-histoires-de-chloe\/wp-json\/wp\/v2\/types\/page"}],"author":[{"embeddable":true,"href":"https:\/\/abcd.abuledu.org\/six-histoires-de-chloe\/wp-json\/wp\/v2\/users\/4"}],"replies":[{"embeddable":true,"href":"https:\/\/abcd.abuledu.org\/six-histoires-de-chloe\/wp-json\/wp\/v2\/comments?post=18"}],"version-history":[{"count":5,"href":"https:\/\/abcd.abuledu.org\/six-histoires-de-chloe\/wp-json\/wp\/v2\/pages\/18\/revisions"}],"predecessor-version":[{"id":206,"href":"https:\/\/abcd.abuledu.org\/six-histoires-de-chloe\/wp-json\/wp\/v2\/pages\/18\/revisions\/206"}],"wp:featuredmedia":[{"embeddable":true,"href":"https:\/\/abcd.abuledu.org\/six-histoires-de-chloe\/wp-json\/wp\/v2\/media\/69"}],"wp:attachment":[{"href":"https:\/\/abcd.abuledu.org\/six-histoires-de-chloe\/wp-json\/wp\/v2\/media?parent=18"}],"wp:term":[{"taxonomy":"category","embeddable":true,"href":"https:\/\/abcd.abuledu.org\/six-histoires-de-chloe\/wp-json\/wp\/v2\/categories?post=18"}],"curies":[{"name":"wp","href":"https:\/\/api.w.org\/{rel}","templated":true}]}}