{"id":244,"date":"2016-05-19T21:49:58","date_gmt":"2016-05-19T20:49:58","guid":{"rendered":"http:\/\/abcd.abuledu.org\/six-histoires-de-chloe\/?page_id=244"},"modified":"2018-01-05T15:29:50","modified_gmt":"2018-01-05T14:29:50","slug":"chloe-et-ses-copains","status":"publish","type":"page","link":"https:\/\/abcd.abuledu.org\/six-histoires-de-chloe\/chloe-et-ses-copains\/","title":{"rendered":"Chlo\u00e9 et ses copains"},"content":{"rendered":"<div id=\"attachment_245\" style=\"width: 918px\" class=\"wp-caption aligncenter\"><a href=\"http:\/\/abcd.abuledu.org\/six-histoires-de-chloe\/wp-content\/uploads\/sites\/4\/2016\/05\/chloe.png\" data-rel=\"lightbox-image-0\" data-rl_title=\"\" data-rl_caption=\"\" title=\"\"><img aria-describedby=\"caption-attachment-245\" loading=\"lazy\" class=\"wp-image-245 size-full\" src=\"http:\/\/abcd.abuledu.org\/six-histoires-de-chloe\/wp-content\/uploads\/sites\/4\/2016\/05\/chloe.png\" alt=\"Chlo\u00e9 joue \u00e0 la marelle\" width=\"908\" height=\"609\" srcset=\"https:\/\/abcd.abuledu.org\/six-histoires-de-chloe\/wp-content\/uploads\/sites\/4\/2016\/05\/chloe.png 908w, https:\/\/abcd.abuledu.org\/six-histoires-de-chloe\/wp-content\/uploads\/sites\/4\/2016\/05\/chloe-300x201.png 300w, https:\/\/abcd.abuledu.org\/six-histoires-de-chloe\/wp-content\/uploads\/sites\/4\/2016\/05\/chloe-768x515.png 768w\" sizes=\"(max-width: 908px) 100vw, 908px\" \/><\/a><p id=\"caption-attachment-245\" class=\"wp-caption-text\">Chlo\u00e9 joue \u00e0 la marelle.<\/p><\/div>\n<p>&nbsp;<\/p>\n<div id=\"attachment_246\" style=\"width: 916px\" class=\"wp-caption aligncenter\"><a href=\"http:\/\/abcd.abuledu.org\/six-histoires-de-chloe\/wp-content\/uploads\/sites\/4\/2016\/05\/kino.png\" data-rel=\"lightbox-image-1\" data-rl_title=\"\" data-rl_caption=\"\" title=\"\"><img aria-describedby=\"caption-attachment-246\" loading=\"lazy\" class=\"wp-image-246 size-full\" src=\"http:\/\/abcd.abuledu.org\/six-histoires-de-chloe\/wp-content\/uploads\/sites\/4\/2016\/05\/kino.png\" alt=\"Kino joue au foot.\" width=\"906\" height=\"608\" srcset=\"https:\/\/abcd.abuledu.org\/six-histoires-de-chloe\/wp-content\/uploads\/sites\/4\/2016\/05\/kino.png 906w, https:\/\/abcd.abuledu.org\/six-histoires-de-chloe\/wp-content\/uploads\/sites\/4\/2016\/05\/kino-300x201.png 300w, https:\/\/abcd.abuledu.org\/six-histoires-de-chloe\/wp-content\/uploads\/sites\/4\/2016\/05\/kino-768x515.png 768w\" sizes=\"(max-width: 906px) 100vw, 906px\" \/><\/a><p id=\"caption-attachment-246\" class=\"wp-caption-text\">Kino joue au foot.<\/p><\/div>\n<div id=\"attachment_247\" style=\"width: 911px\" class=\"wp-caption aligncenter\"><a href=\"http:\/\/abcd.abuledu.org\/six-histoires-de-chloe\/wp-content\/uploads\/sites\/4\/2016\/05\/luna.png\" data-rel=\"lightbox-image-2\" data-rl_title=\"\" data-rl_caption=\"\" title=\"\"><img aria-describedby=\"caption-attachment-247\" loading=\"lazy\" class=\"wp-image-247 size-full\" src=\"http:\/\/abcd.abuledu.org\/six-histoires-de-chloe\/wp-content\/uploads\/sites\/4\/2016\/05\/luna.png\" alt=\"Luna se balance.\" width=\"901\" height=\"606\" srcset=\"https:\/\/abcd.abuledu.org\/six-histoires-de-chloe\/wp-content\/uploads\/sites\/4\/2016\/05\/luna.png 901w, https:\/\/abcd.abuledu.org\/six-histoires-de-chloe\/wp-content\/uploads\/sites\/4\/2016\/05\/luna-300x202.png 300w, https:\/\/abcd.abuledu.org\/six-histoires-de-chloe\/wp-content\/uploads\/sites\/4\/2016\/05\/luna-768x517.png 768w\" sizes=\"(max-width: 901px) 100vw, 901px\" \/><\/a><p id=\"caption-attachment-247\" class=\"wp-caption-text\">Luna se balance.<\/p><\/div>\n<div id=\"attachment_248\" style=\"width: 719px\" class=\"wp-caption aligncenter\"><a href=\"http:\/\/abcd.abuledu.org\/six-histoires-de-chloe\/wp-content\/uploads\/sites\/4\/2016\/05\/cycle1.jpg\" data-rel=\"lightbox-image-3\" data-rl_title=\"\" data-rl_caption=\"\" title=\"\"><img aria-describedby=\"caption-attachment-248\" loading=\"lazy\" class=\"wp-image-248 size-full\" src=\"http:\/\/abcd.abuledu.org\/six-histoires-de-chloe\/wp-content\/uploads\/sites\/4\/2016\/05\/cycle1.jpg\" alt=\"Luna joue au ballon.\" width=\"709\" height=\"709\" srcset=\"https:\/\/abcd.abuledu.org\/six-histoires-de-chloe\/wp-content\/uploads\/sites\/4\/2016\/05\/cycle1.jpg 709w, https:\/\/abcd.abuledu.org\/six-histoires-de-chloe\/wp-content\/uploads\/sites\/4\/2016\/05\/cycle1-150x150.jpg 150w, https:\/\/abcd.abuledu.org\/six-histoires-de-chloe\/wp-content\/uploads\/sites\/4\/2016\/05\/cycle1-300x300.jpg 300w\" sizes=\"(max-width: 709px) 100vw, 709px\" \/><\/a><p id=\"caption-attachment-248\" class=\"wp-caption-text\">Luna joue au ballon.<\/p><\/div>\n<div id=\"attachment_249\" style=\"width: 719px\" class=\"wp-caption aligncenter\"><a href=\"http:\/\/abcd.abuledu.org\/six-histoires-de-chloe\/wp-content\/uploads\/sites\/4\/2016\/05\/cycle2.jpg\" data-rel=\"lightbox-image-4\" data-rl_title=\"\" data-rl_caption=\"\" title=\"\"><img aria-describedby=\"caption-attachment-249\" loading=\"lazy\" class=\"wp-image-249 size-full\" src=\"http:\/\/abcd.abuledu.org\/six-histoires-de-chloe\/wp-content\/uploads\/sites\/4\/2016\/05\/cycle2.jpg\" alt=\"Chlo\u00e9 part \u00e0 l'\u00e9cole.\" width=\"709\" height=\"709\" srcset=\"https:\/\/abcd.abuledu.org\/six-histoires-de-chloe\/wp-content\/uploads\/sites\/4\/2016\/05\/cycle2.jpg 709w, https:\/\/abcd.abuledu.org\/six-histoires-de-chloe\/wp-content\/uploads\/sites\/4\/2016\/05\/cycle2-150x150.jpg 150w, https:\/\/abcd.abuledu.org\/six-histoires-de-chloe\/wp-content\/uploads\/sites\/4\/2016\/05\/cycle2-300x300.jpg 300w\" sizes=\"(max-width: 709px) 100vw, 709px\" \/><\/a><p id=\"caption-attachment-249\" class=\"wp-caption-text\">Chlo\u00e9 part \u00e0 l&rsquo;\u00e9cole.<\/p><\/div>\n<div id=\"attachment_250\" style=\"width: 896px\" class=\"wp-caption aligncenter\"><a href=\"http:\/\/abcd.abuledu.org\/six-histoires-de-chloe\/wp-content\/uploads\/sites\/4\/2016\/05\/cycle3.jpg\" data-rel=\"lightbox-image-5\" data-rl_title=\"\" data-rl_caption=\"\" title=\"\"><img aria-describedby=\"caption-attachment-250\" loading=\"lazy\" class=\"wp-image-250 size-full\" src=\"http:\/\/abcd.abuledu.org\/six-histoires-de-chloe\/wp-content\/uploads\/sites\/4\/2016\/05\/cycle3.jpg\" alt=\"William fait du skate.\" width=\"886\" height=\"709\" srcset=\"https:\/\/abcd.abuledu.org\/six-histoires-de-chloe\/wp-content\/uploads\/sites\/4\/2016\/05\/cycle3.jpg 886w, https:\/\/abcd.abuledu.org\/six-histoires-de-chloe\/wp-content\/uploads\/sites\/4\/2016\/05\/cycle3-300x240.jpg 300w, https:\/\/abcd.abuledu.org\/six-histoires-de-chloe\/wp-content\/uploads\/sites\/4\/2016\/05\/cycle3-768x615.jpg 768w\" sizes=\"(max-width: 886px) 100vw, 886px\" \/><\/a><p id=\"caption-attachment-250\" class=\"wp-caption-text\">William fait du skate.<\/p><\/div>\n<div id=\"attachment_255\" style=\"width: 944px\" class=\"wp-caption aligncenter\"><a href=\"http:\/\/abcd.abuledu.org\/six-histoires-de-chloe\/wp-content\/uploads\/sites\/4\/2016\/05\/cour-ecole.png\" data-rel=\"lightbox-image-6\" data-rl_title=\"\" data-rl_caption=\"\" title=\"\"><img aria-describedby=\"caption-attachment-255\" loading=\"lazy\" class=\"wp-image-255 size-full\" src=\"http:\/\/abcd.abuledu.org\/six-histoires-de-chloe\/wp-content\/uploads\/sites\/4\/2016\/05\/cour-ecole.png\" alt=\"cour-ecole\" width=\"934\" height=\"530\" srcset=\"https:\/\/abcd.abuledu.org\/six-histoires-de-chloe\/wp-content\/uploads\/sites\/4\/2016\/05\/cour-ecole.png 934w, https:\/\/abcd.abuledu.org\/six-histoires-de-chloe\/wp-content\/uploads\/sites\/4\/2016\/05\/cour-ecole-300x170.png 300w, https:\/\/abcd.abuledu.org\/six-histoires-de-chloe\/wp-content\/uploads\/sites\/4\/2016\/05\/cour-ecole-768x436.png 768w\" sizes=\"(max-width: 934px) 100vw, 934px\" \/><\/a><p id=\"caption-attachment-255\" class=\"wp-caption-text\">La cour de r\u00e9cr\u00e9ation.<\/dd>\n<dd class=\"wp-caption-dd\"><\/p><\/div>\n<div id=\"attachment_277\" style=\"width: 650px\" class=\"wp-caption aligncenter\"><a href=\"http:\/\/abcd.abuledu.org\/six-histoires-de-chloe\/wp-content\/uploads\/sites\/4\/2016\/05\/fiche-asma.jpg\" data-rel=\"lightbox-image-7\" data-rl_title=\"\" data-rl_caption=\"\" title=\"\"><img aria-describedby=\"caption-attachment-277\" loading=\"lazy\" class=\"size-large wp-image-277\" src=\"http:\/\/abcd.abuledu.org\/six-histoires-de-chloe\/wp-content\/uploads\/sites\/4\/2016\/05\/fiche-asma-724x1024.jpg\" alt=\"\" width=\"640\" height=\"905\" srcset=\"https:\/\/abcd.abuledu.org\/six-histoires-de-chloe\/wp-content\/uploads\/sites\/4\/2016\/05\/fiche-asma-724x1024.jpg 724w, https:\/\/abcd.abuledu.org\/six-histoires-de-chloe\/wp-content\/uploads\/sites\/4\/2016\/05\/fiche-asma-212x300.jpg 212w, https:\/\/abcd.abuledu.org\/six-histoires-de-chloe\/wp-content\/uploads\/sites\/4\/2016\/05\/fiche-asma.jpg 744w\" sizes=\"(max-width: 640px) 100vw, 640px\" \/><\/a><p id=\"caption-attachment-277\" class=\"wp-caption-text\">ASMA<\/p><\/div>\n<div id=\"attachment_278\" style=\"width: 650px\" class=\"wp-caption aligncenter\"><a href=\"http:\/\/abcd.abuledu.org\/six-histoires-de-chloe\/wp-content\/uploads\/sites\/4\/2016\/05\/fiche-suzumi.jpg\" data-rel=\"lightbox-image-8\" data-rl_title=\"\" data-rl_caption=\"\" title=\"\"><img aria-describedby=\"caption-attachment-278\" loading=\"lazy\" class=\"size-large wp-image-278\" src=\"http:\/\/abcd.abuledu.org\/six-histoires-de-chloe\/wp-content\/uploads\/sites\/4\/2016\/05\/fiche-suzumi-724x1024.jpg\" alt=\"\" width=\"640\" height=\"905\" srcset=\"https:\/\/abcd.abuledu.org\/six-histoires-de-chloe\/wp-content\/uploads\/sites\/4\/2016\/05\/fiche-suzumi-724x1024.jpg 724w, https:\/\/abcd.abuledu.org\/six-histoires-de-chloe\/wp-content\/uploads\/sites\/4\/2016\/05\/fiche-suzumi-212x300.jpg 212w, https:\/\/abcd.abuledu.org\/six-histoires-de-chloe\/wp-content\/uploads\/sites\/4\/2016\/05\/fiche-suzumi.jpg 744w\" sizes=\"(max-width: 640px) 100vw, 640px\" \/><\/a><p id=\"caption-attachment-278\" class=\"wp-caption-text\">SUZUMI, la scientifique.<\/p><\/div>\n<div id=\"attachment_279\" style=\"width: 650px\" class=\"wp-caption aligncenter\"><a href=\"http:\/\/abcd.abuledu.org\/six-histoires-de-chloe\/wp-content\/uploads\/sites\/4\/2016\/05\/fiche-william.jpg\" data-rel=\"lightbox-image-9\" data-rl_title=\"\" data-rl_caption=\"\" title=\"\"><img aria-describedby=\"caption-attachment-279\" loading=\"lazy\" class=\"size-large wp-image-279\" src=\"http:\/\/abcd.abuledu.org\/six-histoires-de-chloe\/wp-content\/uploads\/sites\/4\/2016\/05\/fiche-william-724x1024.jpg\" alt=\"\" width=\"640\" height=\"905\" srcset=\"https:\/\/abcd.abuledu.org\/six-histoires-de-chloe\/wp-content\/uploads\/sites\/4\/2016\/05\/fiche-william-724x1024.jpg 724w, https:\/\/abcd.abuledu.org\/six-histoires-de-chloe\/wp-content\/uploads\/sites\/4\/2016\/05\/fiche-william-212x300.jpg 212w, https:\/\/abcd.abuledu.org\/six-histoires-de-chloe\/wp-content\/uploads\/sites\/4\/2016\/05\/fiche-william.jpg 744w\" sizes=\"(max-width: 640px) 100vw, 640px\" \/><\/a><p id=\"caption-attachment-279\" class=\"wp-caption-text\">WILLIAM, le matheux.<\/p><\/div>\n","protected":false},"excerpt":{"rendered":"<p>&nbsp;<\/p>\n","protected":false},"author":9,"featured_media":0,"parent":0,"menu_order":0,"comment_status":"closed","ping_status":"closed","template":"","meta":[],"categories":[3],"_links":{"self":[{"href":"https:\/\/abcd.abuledu.org\/six-histoires-de-chloe\/wp-json\/wp\/v2\/pages\/244"}],"collection":[{"href":"https:\/\/abcd.abuledu.org\/six-histoires-de-chloe\/wp-json\/wp\/v2\/pages"}],"about":[{"href":"https:\/\/abcd.abuledu.org\/six-histoires-de-chloe\/wp-json\/wp\/v2\/types\/page"}],"author":[{"embeddable":true,"href":"https:\/\/abcd.abuledu.org\/six-histoires-de-chloe\/wp-json\/wp\/v2\/users\/9"}],"replies":[{"embeddable":true,"href":"https:\/\/abcd.abuledu.org\/six-histoires-de-chloe\/wp-json\/wp\/v2\/comments?post=244"}],"version-history":[{"count":4,"href":"https:\/\/abcd.abuledu.org\/six-histoires-de-chloe\/wp-json\/wp\/v2\/pages\/244\/revisions"}],"predecessor-version":[{"id":280,"href":"https:\/\/abcd.abuledu.org\/six-histoires-de-chloe\/wp-json\/wp\/v2\/pages\/244\/revisions\/280"}],"wp:attachment":[{"href":"https:\/\/abcd.abuledu.org\/six-histoires-de-chloe\/wp-json\/wp\/v2\/media?parent=244"}],"wp:term":[{"taxonomy":"category","embeddable":true,"href":"https:\/\/abcd.abuledu.org\/six-histoires-de-chloe\/wp-json\/wp\/v2\/categories?post=244"}],"curies":[{"name":"wp","href":"https:\/\/api.w.org\/{rel}","templated":true}]}}