{"id":261,"date":"2016-06-08T23:59:11","date_gmt":"2016-06-08T22:59:11","guid":{"rendered":"http:\/\/abcd.abuledu.org\/six-histoires-de-chloe\/?page_id=261"},"modified":"2016-06-09T00:15:55","modified_gmt":"2016-06-08T23:15:55","slug":"chloe-demenage","status":"publish","type":"page","link":"https:\/\/abcd.abuledu.org\/six-histoires-de-chloe\/chloe-demenage\/","title":{"rendered":"Chlo\u00e9 d\u00e9m\u00e9nage"},"content":{"rendered":"<p>Notre jeune guide \u00e8s-abul\u00e9du, amoureuse des parcs, des \u00e9coles et des terrains de jeux pessacais, vient de quitter le nid que lui avaient am\u00e9nag\u00e9 l&rsquo;\u00e9quipe de <a href=\"https:\/\/www.ryxeo.com\/\">RyX\u00e9o<\/a> et <a href=\"http:\/\/dragonheads.free.fr\">son inlassable copain<\/a>.<\/p>\n<p>Elle n&rsquo;attend qu&rsquo;un signe de chacun de vous pour passer le cap de cette quatorzi\u00e8me ann\u00e9e avec le sourire.<\/p>\n<div id=\"attachment_262\" style=\"width: 650px\" class=\"wp-caption aligncenter\"><a href=\"http:\/\/abcd.abuledu.org\/six-histoires-de-chloe\/wp-content\/uploads\/sites\/4\/2016\/06\/chloe-depart.jpg\" data-rel=\"lightbox-image-0\" data-rl_title=\"\" data-rl_caption=\"\" title=\"\"><img aria-describedby=\"caption-attachment-262\" loading=\"lazy\" class=\"wp-image-262 size-large\" src=\"http:\/\/abcd.abuledu.org\/six-histoires-de-chloe\/wp-content\/uploads\/sites\/4\/2016\/06\/chloe-depart-1024x876.jpg\" alt=\"Le d\u00e9part de Chlo\u00e9\" width=\"640\" height=\"548\" srcset=\"https:\/\/abcd.abuledu.org\/six-histoires-de-chloe\/wp-content\/uploads\/sites\/4\/2016\/06\/chloe-depart-1024x876.jpg 1024w, https:\/\/abcd.abuledu.org\/six-histoires-de-chloe\/wp-content\/uploads\/sites\/4\/2016\/06\/chloe-depart-300x257.jpg 300w, https:\/\/abcd.abuledu.org\/six-histoires-de-chloe\/wp-content\/uploads\/sites\/4\/2016\/06\/chloe-depart-768x657.jpg 768w\" sizes=\"(max-width: 640px) 100vw, 640px\" \/><\/a><p id=\"caption-attachment-262\" class=\"wp-caption-text\">Le d\u00e9part de Chlo\u00e9<\/p><\/div>\n<p>Utilisateurs et utilisatrices des ressources d&rsquo;Abul\u00c9du-data, du site de <a href=\"http:\/\/videos.abuledu.org\/videos\/\">vid\u00e9os<\/a> ou d&rsquo;<a href=\"http:\/\/raconte-moi.abuledu.org\/w\/?s=\">histoires<\/a> ou bien de notre Babytwit, c&rsquo;est le moment de donner un coup de main d\u00e9cisif,<\/p>\n<ul>\n<li>soit en adh\u00e9rant \u00e0 <a href=\"http:\/\/abuledu-fr.org\/adherer\/\">l&rsquo;association Abul\u00c9du-fr,<\/a><\/li>\n<li>soit en contribuant \u00e0 <a href=\"https:\/\/fr.ulule.com\/developpement-dabuledu\/\">notre campagne de financement<\/a>.<\/li>\n<\/ul>\n","protected":false},"excerpt":{"rendered":"<p>Notre jeune guide \u00e8s-abul\u00e9du, amoureuse des parcs, des \u00e9coles et des terrains de jeux pessacais, vient de quitter le nid que lui avaient am\u00e9nag\u00e9 l&rsquo;\u00e9quipe de RyX\u00e9o et son inlassable copain. Elle n&rsquo;attend qu&rsquo;un signe de chacun de vous pour passer le cap de cette quatorzi\u00e8me ann\u00e9e avec le sourire. Utilisateurs et utilisatrices des ressources [&hellip;]<\/p>\n","protected":false},"author":9,"featured_media":0,"parent":0,"menu_order":0,"comment_status":"closed","ping_status":"closed","template":"","meta":[],"categories":[],"_links":{"self":[{"href":"https:\/\/abcd.abuledu.org\/six-histoires-de-chloe\/wp-json\/wp\/v2\/pages\/261"}],"collection":[{"href":"https:\/\/abcd.abuledu.org\/six-histoires-de-chloe\/wp-json\/wp\/v2\/pages"}],"about":[{"href":"https:\/\/abcd.abuledu.org\/six-histoires-de-chloe\/wp-json\/wp\/v2\/types\/page"}],"author":[{"embeddable":true,"href":"https:\/\/abcd.abuledu.org\/six-histoires-de-chloe\/wp-json\/wp\/v2\/users\/9"}],"replies":[{"embeddable":true,"href":"https:\/\/abcd.abuledu.org\/six-histoires-de-chloe\/wp-json\/wp\/v2\/comments?post=261"}],"version-history":[{"count":3,"href":"https:\/\/abcd.abuledu.org\/six-histoires-de-chloe\/wp-json\/wp\/v2\/pages\/261\/revisions"}],"predecessor-version":[{"id":266,"href":"https:\/\/abcd.abuledu.org\/six-histoires-de-chloe\/wp-json\/wp\/v2\/pages\/261\/revisions\/266"}],"wp:attachment":[{"href":"https:\/\/abcd.abuledu.org\/six-histoires-de-chloe\/wp-json\/wp\/v2\/media?parent=261"}],"wp:term":[{"taxonomy":"category","embeddable":true,"href":"https:\/\/abcd.abuledu.org\/six-histoires-de-chloe\/wp-json\/wp\/v2\/categories?post=261"}],"curies":[{"name":"wp","href":"https:\/\/api.w.org\/{rel}","templated":true}]}}