{"id":43,"date":"2014-12-16T11:45:56","date_gmt":"2014-12-16T10:45:56","guid":{"rendered":"http:\/\/abcd.abuledu.org\/six-histoires-de-chloe\/?page_id=43"},"modified":"2017-04-04T08:27:38","modified_gmt":"2017-04-04T07:27:38","slug":"a-propos","status":"publish","type":"page","link":"https:\/\/abcd.abuledu.org\/six-histoires-de-chloe\/a-propos\/","title":{"rendered":"\u00c0 propos"},"content":{"rendered":"<p>Vous trouverez sur cette page la gen\u00e8se de ce projet \u00e9tonnant.<\/p>\n<h3>Une r\u00e9daction \u00e0 12 mains<\/h3>\n<p>Sur une id\u00e9e d&rsquo;\u00e9criture collaborative d&rsquo;une histoire pour les enfants nous avons pu regrouper une petite \u00e9quipe d&rsquo;auteurs exp\u00e9rimentateurs :<\/p>\n<ul>\n<li>Annie Lesca<\/li>\n<li>Jean-Louis Frucot, enseignant<\/li>\n<li>Arnaud P\u00e9rat, graphiste (RyX\u00e9o)<\/li>\n<li>Georges Robin (deux \u00e9pisodes en for\u00eat landaise)<\/li>\n<li>Jean Imhof, mise en page (RyX\u00e9o)<\/li>\n<li>\u00c9ric Seigne<\/li>\n<\/ul>\n<p>\u00c0 nous six nous avons tent\u00e9 l&rsquo;exp\u00e9rience de la co-cr\u00e9ation d&rsquo;une \u0153uvre libre sous licence cc-by-sa. L&rsquo;\u00e9criture \u00e0 douze mains a \u00e9t\u00e9 faite \u00e0 l&rsquo;aide de l&rsquo;outil <em>\u00e9crivons ensemble<\/em>.<\/p>\n<div id=\"attachment_54\" style=\"width: 310px\" class=\"wp-caption alignnone\"><a href=\"http:\/\/abcd.abuledu.org\/six-histoires-de-chloe\/wp-content\/uploads\/sites\/4\/2014\/12\/chloe-exemple_pad.png\" data-rel=\"lightbox-image-0\" data-rl_title=\"\" data-rl_caption=\"\" title=\"\"><img aria-describedby=\"caption-attachment-54\" loading=\"lazy\" class=\"wp-image-54 size-medium\" src=\"http:\/\/abcd.abuledu.org\/six-histoires-de-chloe\/wp-content\/uploads\/sites\/4\/2014\/12\/chloe-exemple_pad-300x179.png\" alt=\"Exemple de la co-r\u00e9daction de chlo\u00e9 \u00e0 la plage\" width=\"300\" height=\"179\" srcset=\"https:\/\/abcd.abuledu.org\/six-histoires-de-chloe\/wp-content\/uploads\/sites\/4\/2014\/12\/chloe-exemple_pad-300x179.png 300w, https:\/\/abcd.abuledu.org\/six-histoires-de-chloe\/wp-content\/uploads\/sites\/4\/2014\/12\/chloe-exemple_pad-1024x612.png 1024w, https:\/\/abcd.abuledu.org\/six-histoires-de-chloe\/wp-content\/uploads\/sites\/4\/2014\/12\/chloe-exemple_pad.png 1037w\" sizes=\"(max-width: 300px) 100vw, 300px\" \/><\/a><p id=\"caption-attachment-54\" class=\"wp-caption-text\">L&rsquo;utilisation d&rsquo;un service en ligne de co-\u00e9criture abuledu-ecrivons ensemble a permis de r\u00e9diger \/ critiquer \/ amender chaque histoire de Chlo\u00e9&#8230;<\/p><\/div>\n<h3>Publication du livre<\/h3>\n<p>Ensuite RyX\u00e9o s&rsquo;est lanc\u00e9e dans l&rsquo;\u00e9dition du livre, a d\u00e9pos\u00e9 une demande de num\u00e9ro ISBN\/ISSN. C&rsquo;est maintenant chose faite.<\/p>\n<p><strong><a href=\"http:\/\/calestampar.org\/spip.php?article1280\" target=\"_blank\">Nous sommes disponibles pour en faire la promotion lors d&rsquo;animations en biblioth\u00e8que ou en plein air.<\/a><\/strong><\/p>\n<h3>Publication des images<\/h3>\n<p>Chaque image a \u00e9t\u00e9 publi\u00e9e sur l&rsquo;entrep\u00f4t de ressources \u00e9ducatives libres data.abuledu.org : <a href=\"http:\/\/data.abuledu.org\/wp\/?s=chlo%C3%A9\">r\u00e9sultat de la recherche chlo\u00e9<\/a>.<\/p>\n<h3>Les histoires \u00ab\u00a0raconte-moi\u00a0\u00bb<\/h3>\n<p>Tout le monde pouvant t\u00e9l\u00e9charger les images et les recombiner \u00e0 sa guise, nous avons vu appara\u00eetre de nombreuses publications autour des histoires de Chlo\u00e9. En particulier \u00e0 l&rsquo;aide du logiciel et du site web <em>raconte-moi,<\/em> qui permettent de cr\u00e9er un diaporama sonore : <strong><a href=\"http:\/\/raconte-moi.abuledu.org\/w\/?s=Chlo%C3%A9\" target=\"_blank\">r\u00e9sultat de la recherche Chlo\u00e9<\/a><\/strong>.<\/p>\n<h3>Les ressources diverses<\/h3>\n<p>Certains d&rsquo;entre nous ont \u00e9galement lanc\u00e9 la production de ressources libres vari\u00e9es :<\/p>\n<ul>\n<li><a href=\"http:\/\/calestampar.org\/spip.php?article1393\" target=\"_blank\">\u00e9criture de ha\u00efkus sur babytwit,<\/a><\/li>\n<li><a href=\"https:\/\/fr.wikiversity.org\/wiki\/Six_histoires_de_Chlo%C3%A9\" target=\"_blank\">questionnaires de lecture sur Wikiversit\u00e9,<\/a><\/li>\n<li><a href=\"http:\/\/data.abuledu.org\/wp\/?terms=Mini-livres\">mini-livres \u00e0 l\u00e9gender<\/a>,<\/li>\n<li>des \u00ab\u00a0flashcards\u00a0\u00bb :<\/li>\n<\/ul>\n<div id=\"attachment_175\" style=\"width: 880px\" class=\"wp-caption aligncenter\"><a href=\"http:\/\/abcd.abuledu.org\/six-histoires-de-chloe\/wp-content\/uploads\/sites\/4\/2014\/12\/20131107_arnaud-flashcards.png\" rel=\"attachment wp-att-175\" data-rel=\"lightbox-image-1\" data-rl_title=\"\" data-rl_caption=\"\" title=\"\"><img aria-describedby=\"caption-attachment-175\" loading=\"lazy\" class=\"wp-image-175 size-full\" src=\"http:\/\/abcd.abuledu.org\/six-histoires-de-chloe\/wp-content\/uploads\/sites\/4\/2014\/12\/20131107_arnaud-flashcards.png\" alt=\"20131107_arnaud-flashcards\" width=\"870\" height=\"436\" srcset=\"https:\/\/abcd.abuledu.org\/six-histoires-de-chloe\/wp-content\/uploads\/sites\/4\/2014\/12\/20131107_arnaud-flashcards.png 870w, https:\/\/abcd.abuledu.org\/six-histoires-de-chloe\/wp-content\/uploads\/sites\/4\/2014\/12\/20131107_arnaud-flashcards-300x150.png 300w, https:\/\/abcd.abuledu.org\/six-histoires-de-chloe\/wp-content\/uploads\/sites\/4\/2014\/12\/20131107_arnaud-flashcards-768x385.png 768w\" sizes=\"(max-width: 870px) 100vw, 870px\" \/><\/a><p id=\"caption-attachment-175\" class=\"wp-caption-text\">Flash cards, Arnaud P\u00e9rat.<\/p><\/div>\n<ul>\n<li>images s\u00e9quentielles -&gt; vid\u00e9os en cours de r\u00e9alisation.<\/li>\n<li>papertoys d&rsquo;actualit\u00e9 :<\/li>\n<\/ul>\n<div id=\"attachment_173\" style=\"width: 650px\" class=\"wp-caption aligncenter\"><a href=\"http:\/\/abcd.abuledu.org\/six-histoires-de-chloe\/wp-content\/uploads\/sites\/4\/2014\/12\/papertoy-coloriage-de-chloe-569e1784.jpg\" rel=\"attachment wp-att-173\" data-rel=\"lightbox-image-2\" data-rl_title=\"\" data-rl_caption=\"\" title=\"\"><img aria-describedby=\"caption-attachment-173\" loading=\"lazy\" class=\"wp-image-173 size-large\" src=\"http:\/\/abcd.abuledu.org\/six-histoires-de-chloe\/wp-content\/uploads\/sites\/4\/2014\/12\/papertoy-coloriage-de-chloe-569e1784-1024x724.jpg\" alt=\"http:\/\/data.abuledu.org\/URI\/569e1784\" width=\"640\" height=\"453\" srcset=\"https:\/\/abcd.abuledu.org\/six-histoires-de-chloe\/wp-content\/uploads\/sites\/4\/2014\/12\/papertoy-coloriage-de-chloe-569e1784-1024x724.jpg 1024w, https:\/\/abcd.abuledu.org\/six-histoires-de-chloe\/wp-content\/uploads\/sites\/4\/2014\/12\/papertoy-coloriage-de-chloe-569e1784-300x212.jpg 300w, https:\/\/abcd.abuledu.org\/six-histoires-de-chloe\/wp-content\/uploads\/sites\/4\/2014\/12\/papertoy-coloriage-de-chloe-569e1784-768x543.jpg 768w\" sizes=\"(max-width: 640px) 100vw, 640px\" \/><\/a><p id=\"caption-attachment-173\" class=\"wp-caption-text\">http:\/\/data.abuledu.org\/URI\/569e1784<\/p><\/div>\n<h3>Des ressources \u00e9volu\u00e9es pour les logiciels<\/h3>\n<div id=\"attachment_258\" style=\"width: 650px\" class=\"wp-caption aligncenter\"><a href=\"http:\/\/abcd.abuledu.org\/six-histoires-de-chloe\/wp-content\/uploads\/sites\/4\/2014\/12\/chloe-epoques.jpg\" data-rel=\"lightbox-image-3\" data-rl_title=\"\" data-rl_caption=\"\" title=\"\"><img aria-describedby=\"caption-attachment-258\" loading=\"lazy\" class=\"wp-image-258 size-large\" src=\"http:\/\/abcd.abuledu.org\/six-histoires-de-chloe\/wp-content\/uploads\/sites\/4\/2014\/12\/chloe-epoques-1024x480.jpg\" alt=\"PASS\u00c9 - PR\u00c9SENT - \u00c0 VENIR...\" width=\"640\" height=\"300\" srcset=\"https:\/\/abcd.abuledu.org\/six-histoires-de-chloe\/wp-content\/uploads\/sites\/4\/2014\/12\/chloe-epoques-1024x480.jpg 1024w, https:\/\/abcd.abuledu.org\/six-histoires-de-chloe\/wp-content\/uploads\/sites\/4\/2014\/12\/chloe-epoques-300x141.jpg 300w, https:\/\/abcd.abuledu.org\/six-histoires-de-chloe\/wp-content\/uploads\/sites\/4\/2014\/12\/chloe-epoques-768x360.jpg 768w\" sizes=\"(max-width: 640px) 100vw, 640px\" \/><\/a><p id=\"caption-attachment-258\" class=\"wp-caption-text\">PASS\u00c9 &#8211; PR\u00c9SENT &#8211; \u00c0 VENIR&#8230;<\/p><\/div>\n<p>Nous avons aussi creus\u00e9 plusieurs pistes pour produire des ressources pour les logiciels \u00e0 \u00e9diteur de la Suite Abul\u00c9du : <a href=\"http:\/\/mediatheque.abuledu.org\/search.php?s=chlo%C3%A9\">r\u00e9sultat de la recherche sur chlo\u00e9<\/a><\/p>\n<ul>\n<li>Abul\u00c9du\/Mulot<\/li>\n<li>Abul\u00c9du\/Images S\u00e9quentielles<\/li>\n<li>Abul\u00c9du\/Raconte-Moi<\/li>\n<li>Abul\u00c9du\/Imag\u00e9o<\/li>\n<li>Abul\u00c9du\/Mr Patate<\/li>\n<\/ul>\n<h3>Le site Web<\/h3>\n<p>Et enfin, ce site web qui regroupe aujourd&rsquo;hui toutes les ressources produites avec les ressources de Chlo\u00e9 arrive sur la toile &#8230;<\/p>\n<p>&nbsp;<\/p>\n","protected":false},"excerpt":{"rendered":"<p>Vous trouverez sur cette page la gen\u00e8se de ce projet \u00e9tonnant. Une r\u00e9daction \u00e0 12 mains Sur une id\u00e9e d&rsquo;\u00e9criture collaborative d&rsquo;une histoire pour les enfants nous avons pu regrouper une petite \u00e9quipe d&rsquo;auteurs exp\u00e9rimentateurs : Annie Lesca Jean-Louis Frucot, enseignant Arnaud P\u00e9rat, graphiste (RyX\u00e9o) Georges Robin (deux \u00e9pisodes en for\u00eat landaise) Jean Imhof, mise [&hellip;]<\/p>\n","protected":false},"author":4,"featured_media":66,"parent":0,"menu_order":0,"comment_status":"open","ping_status":"open","template":"","meta":[],"categories":[],"_links":{"self":[{"href":"https:\/\/abcd.abuledu.org\/six-histoires-de-chloe\/wp-json\/wp\/v2\/pages\/43"}],"collection":[{"href":"https:\/\/abcd.abuledu.org\/six-histoires-de-chloe\/wp-json\/wp\/v2\/pages"}],"about":[{"href":"https:\/\/abcd.abuledu.org\/six-histoires-de-chloe\/wp-json\/wp\/v2\/types\/page"}],"author":[{"embeddable":true,"href":"https:\/\/abcd.abuledu.org\/six-histoires-de-chloe\/wp-json\/wp\/v2\/users\/4"}],"replies":[{"embeddable":true,"href":"https:\/\/abcd.abuledu.org\/six-histoires-de-chloe\/wp-json\/wp\/v2\/comments?post=43"}],"version-history":[{"count":20,"href":"https:\/\/abcd.abuledu.org\/six-histoires-de-chloe\/wp-json\/wp\/v2\/pages\/43\/revisions"}],"predecessor-version":[{"id":276,"href":"https:\/\/abcd.abuledu.org\/six-histoires-de-chloe\/wp-json\/wp\/v2\/pages\/43\/revisions\/276"}],"wp:featuredmedia":[{"embeddable":true,"href":"https:\/\/abcd.abuledu.org\/six-histoires-de-chloe\/wp-json\/wp\/v2\/media\/66"}],"wp:attachment":[{"href":"https:\/\/abcd.abuledu.org\/six-histoires-de-chloe\/wp-json\/wp\/v2\/media?parent=43"}],"wp:term":[{"taxonomy":"category","embeddable":true,"href":"https:\/\/abcd.abuledu.org\/six-histoires-de-chloe\/wp-json\/wp\/v2\/categories?post=43"}],"curies":[{"name":"wp","href":"https:\/\/api.w.org\/{rel}","templated":true}]}}