{"id":51,"date":"2014-12-12T18:58:49","date_gmt":"2014-12-12T17:58:49","guid":{"rendered":"http:\/\/abcd.abuledu.org\/la-vie-sous-marine\/?page_id=51"},"modified":"2015-04-14T23:18:22","modified_gmt":"2015-04-14T22:18:22","slug":"agir-pour-proteger","status":"publish","type":"page","link":"https:\/\/abcd.abuledu.org\/six-minutes-pour-la-mer-rouge\/agir-pour-proteger\/","title":{"rendered":"Agir pour prot\u00e9ger"},"content":{"rendered":"<p>A cr\u00e9er, pistes ci-dessous<\/p>\n<ul>\n<li>jeter les poches poubelles n&rsquo;importe o\u00f9<\/li>\n<li>etc.<\/li>\n<\/ul>\n<p>On est sur du mat\u00e9riel p\u00e9dagogique de sensibilisation. Donc aussi des choses participatives du genre<\/p>\n<ul>\n<li><a href=\"http:\/\/www.asso-apecs.org\/-CapOeRa-Capsules-d-Oeufs-de-Raies-.html\">CapOeRa (Capsules d\u2019Oeufs de Raies)<\/a><\/li>\n<li><a href=\"http:\/\/bioobs.fr\/\">BioOBS<\/a> (Base pour l\u2019Inventaire des OBservations Subaquatiques)<\/li>\n<li><a href=\"http:\/\/www.peaubleue.org\/Qu-est-ce-que-l-Hippo-ATLAS-,86,2,fr,f.html\">Hippo-ATLAS<\/a> de l\u2019association peau-bleue<\/li>\n<li><a href=\"http:\/\/www.oceanobs.fr\/\">OceanOBS<\/a> et <a href=\"http:\/\/www.oceanobs.fr\/L-observatoire-participatif-de-la\">L\u2019observatoire participatif de la biodiversit\u00e9 marine<\/a><\/li>\n<\/ul>\n<p>&#8230;\/&#8230;<\/p>\n","protected":false},"excerpt":{"rendered":"<p>A cr\u00e9er, pistes ci-dessous jeter les poches poubelles n&rsquo;importe o\u00f9 etc. On est sur du mat\u00e9riel p\u00e9dagogique de sensibilisation. Donc aussi des choses participatives du genre CapOeRa (Capsules d\u2019Oeufs de Raies) BioOBS (Base pour l\u2019Inventaire des OBservations Subaquatiques) Hippo-ATLAS de l\u2019association peau-bleue OceanOBS et L\u2019observatoire participatif de la biodiversit\u00e9 marine &#8230;\/&#8230;<\/p>\n","protected":false},"author":3,"featured_media":0,"parent":0,"menu_order":0,"comment_status":"closed","ping_status":"closed","template":"","meta":[],"categories":[1],"_links":{"self":[{"href":"https:\/\/abcd.abuledu.org\/six-minutes-pour-la-mer-rouge\/wp-json\/wp\/v2\/pages\/51"}],"collection":[{"href":"https:\/\/abcd.abuledu.org\/six-minutes-pour-la-mer-rouge\/wp-json\/wp\/v2\/pages"}],"about":[{"href":"https:\/\/abcd.abuledu.org\/six-minutes-pour-la-mer-rouge\/wp-json\/wp\/v2\/types\/page"}],"author":[{"embeddable":true,"href":"https:\/\/abcd.abuledu.org\/six-minutes-pour-la-mer-rouge\/wp-json\/wp\/v2\/users\/3"}],"replies":[{"embeddable":true,"href":"https:\/\/abcd.abuledu.org\/six-minutes-pour-la-mer-rouge\/wp-json\/wp\/v2\/comments?post=51"}],"version-history":[{"count":2,"href":"https:\/\/abcd.abuledu.org\/six-minutes-pour-la-mer-rouge\/wp-json\/wp\/v2\/pages\/51\/revisions"}],"predecessor-version":[{"id":205,"href":"https:\/\/abcd.abuledu.org\/six-minutes-pour-la-mer-rouge\/wp-json\/wp\/v2\/pages\/51\/revisions\/205"}],"wp:attachment":[{"href":"https:\/\/abcd.abuledu.org\/six-minutes-pour-la-mer-rouge\/wp-json\/wp\/v2\/media?parent=51"}],"wp:term":[{"taxonomy":"category","embeddable":true,"href":"https:\/\/abcd.abuledu.org\/six-minutes-pour-la-mer-rouge\/wp-json\/wp\/v2\/categories?post=51"}],"curies":[{"name":"wp","href":"https:\/\/api.w.org\/{rel}","templated":true}]}}